{"id":50273,"date":"2022-04-11T12:08:56","date_gmt":"2022-04-11T16:08:56","guid":{"rendered":"https:\/\/www.nosm.ca\/?page_id=50273"},"modified":"2026-01-26T15:48:19","modified_gmt":"2026-01-26T20:48:19","slug":"rules-procedures","status":"publish","type":"page","link":"https:\/\/www.nosm.ca\/fr\/about\/governance\/senate\/academic-governance\/rules-procedures\/","title":{"rendered":"Senate Resources and Meeting Rules"},"content":{"rendered":"<p class=\"qtranxs-available-languages-message qtranxs-available-languages-message-fr\">D\u00e9sol\u00e9,  cette entr\u00e9e de donn\u00e9es est seulement disponible en <a href=\"https:\/\/www.nosm.ca\/en\/wp-json\/wp\/v2\/pages\/50273\" class=\"qtranxs-available-language-link qtranxs-available-language-link-en\" title=\"English\">English<\/a>.<\/p>","protected":false},"excerpt":{"rendered":"<p>D\u00e9sol\u00e9, cette entr\u00e9e de donn\u00e9es est seulement disponible en English.<\/p>\n","protected":false},"author":16,"featured_media":0,"parent":77647,"menu_order":1,"comment_status":"closed","ping_status":"closed","template":"","meta":{"_acf_changed":false,"footnotes":""},"class_list":["post-50273","page","type-page","status-publish","hentry"],"acf":[],"_links":{"self":[{"href":"https:\/\/www.nosm.ca\/fr\/wp-json\/wp\/v2\/pages\/50273","targetHints":{"allow":["GET"]}}],"collection":[{"href":"https:\/\/www.nosm.ca\/fr\/wp-json\/wp\/v2\/pages"}],"about":[{"href":"https:\/\/www.nosm.ca\/fr\/wp-json\/wp\/v2\/types\/page"}],"author":[{"embeddable":true,"href":"https:\/\/www.nosm.ca\/fr\/wp-json\/wp\/v2\/users\/16"}],"replies":[{"embeddable":true,"href":"https:\/\/www.nosm.ca\/fr\/wp-json\/wp\/v2\/comments?post=50273"}],"version-history":[{"count":45,"href":"https:\/\/www.nosm.ca\/fr\/wp-json\/wp\/v2\/pages\/50273\/revisions"}],"predecessor-version":[{"id":82451,"href":"https:\/\/www.nosm.ca\/fr\/wp-json\/wp\/v2\/pages\/50273\/revisions\/82451"}],"up":[{"embeddable":true,"href":"https:\/\/www.nosm.ca\/fr\/wp-json\/wp\/v2\/pages\/77647"}],"wp:attachment":[{"href":"https:\/\/www.nosm.ca\/fr\/wp-json\/wp\/v2\/media?parent=50273"}],"curies":[{"name":"wp","href":"https:\/\/api.w.org\/{rel}","templated":true}]}}