{"id":50265,"date":"2022-04-11T12:05:34","date_gmt":"2022-04-11T16:05:34","guid":{"rendered":"https:\/\/www.nosm.ca\/?page_id=50265"},"modified":"2025-04-23T13:32:21","modified_gmt":"2025-04-23T17:32:21","slug":"senate","status":"publish","type":"page","link":"https:\/\/www.nosm.ca\/fr\/about\/governance\/senate\/","title":{"rendered":"Conseil universitaire"},"content":{"rendered":"<p>D\u00e9sol\u00e9, cette entr\u00e9e de donn\u00e9es est seulement disponible en\u00a0<a class=\"qtranxs-available-language-link qtranxs-available-language-link-en\" title=\"English\" href=\"https:\/\/www.nosm.ca\/en\/about\/governance\/executive-group\/\">Anglais Canadien<\/a>.<\/p>","protected":false},"excerpt":{"rendered":"<p>D\u00e9sol\u00e9, cette entr\u00e9e de donn\u00e9es est seulement disponible en\u00a0Anglais Canadien.<\/p>\n","protected":false},"author":16,"featured_media":0,"parent":857,"menu_order":6,"comment_status":"closed","ping_status":"closed","template":"page-templates\/pg-landing2.php","meta":{"_acf_changed":false,"footnotes":""},"class_list":["post-50265","page","type-page","status-publish","hentry"],"acf":[],"_links":{"self":[{"href":"https:\/\/www.nosm.ca\/fr\/wp-json\/wp\/v2\/pages\/50265","targetHints":{"allow":["GET"]}}],"collection":[{"href":"https:\/\/www.nosm.ca\/fr\/wp-json\/wp\/v2\/pages"}],"about":[{"href":"https:\/\/www.nosm.ca\/fr\/wp-json\/wp\/v2\/types\/page"}],"author":[{"embeddable":true,"href":"https:\/\/www.nosm.ca\/fr\/wp-json\/wp\/v2\/users\/16"}],"replies":[{"embeddable":true,"href":"https:\/\/www.nosm.ca\/fr\/wp-json\/wp\/v2\/comments?post=50265"}],"version-history":[{"count":26,"href":"https:\/\/www.nosm.ca\/fr\/wp-json\/wp\/v2\/pages\/50265\/revisions"}],"predecessor-version":[{"id":77690,"href":"https:\/\/www.nosm.ca\/fr\/wp-json\/wp\/v2\/pages\/50265\/revisions\/77690"}],"up":[{"embeddable":true,"href":"https:\/\/www.nosm.ca\/fr\/wp-json\/wp\/v2\/pages\/857"}],"wp:attachment":[{"href":"https:\/\/www.nosm.ca\/fr\/wp-json\/wp\/v2\/media?parent=50265"}],"curies":[{"name":"wp","href":"https:\/\/api.w.org\/{rel}","templated":true}]}}