{"id":49984,"date":"2022-04-04T14:01:31","date_gmt":"2022-04-04T18:01:31","guid":{"rendered":"https:\/\/www.nosm.ca\/?page_id=49984"},"modified":"2024-08-28T19:19:02","modified_gmt":"2024-08-28T23:19:02","slug":"2021-2022-preceptor-award-winners-and-nominees","status":"publish","type":"page","link":"https:\/\/www.nosm.ca\/fr\/education\/dpp\/preceptors\/annual-preceptor-awards\/2021-2022-preceptor-award-winners-and-nominees\/","title":{"rendered":"2021-2022 Preceptor Award Winners &amp; Nominees"},"content":{"rendered":"<p class=\"qtranxs-available-languages-message qtranxs-available-languages-message-fr\">D\u00e9sol\u00e9,  cette entr\u00e9e de donn\u00e9es est seulement disponible en <a href=\"https:\/\/www.nosm.ca\/en\/wp-json\/wp\/v2\/pages\/49984\" class=\"qtranxs-available-language-link qtranxs-available-language-link-en\" title=\"English\">English<\/a>.<\/p>","protected":false},"excerpt":{"rendered":"<p>D\u00e9sol\u00e9, cette entr\u00e9e de donn\u00e9es est seulement disponible en English.<\/p>\n","protected":false},"author":233,"featured_media":0,"parent":35724,"menu_order":5,"comment_status":"closed","ping_status":"closed","template":"","meta":{"_acf_changed":false,"footnotes":""},"class_list":["post-49984","page","type-page","status-publish","hentry"],"acf":[],"_links":{"self":[{"href":"https:\/\/www.nosm.ca\/fr\/wp-json\/wp\/v2\/pages\/49984","targetHints":{"allow":["GET"]}}],"collection":[{"href":"https:\/\/www.nosm.ca\/fr\/wp-json\/wp\/v2\/pages"}],"about":[{"href":"https:\/\/www.nosm.ca\/fr\/wp-json\/wp\/v2\/types\/page"}],"author":[{"embeddable":true,"href":"https:\/\/www.nosm.ca\/fr\/wp-json\/wp\/v2\/users\/233"}],"replies":[{"embeddable":true,"href":"https:\/\/www.nosm.ca\/fr\/wp-json\/wp\/v2\/comments?post=49984"}],"version-history":[{"count":10,"href":"https:\/\/www.nosm.ca\/fr\/wp-json\/wp\/v2\/pages\/49984\/revisions"}],"predecessor-version":[{"id":51319,"href":"https:\/\/www.nosm.ca\/fr\/wp-json\/wp\/v2\/pages\/49984\/revisions\/51319"}],"up":[{"embeddable":true,"href":"https:\/\/www.nosm.ca\/fr\/wp-json\/wp\/v2\/pages\/35724"}],"wp:attachment":[{"href":"https:\/\/www.nosm.ca\/fr\/wp-json\/wp\/v2\/media?parent=49984"}],"curies":[{"name":"wp","href":"https:\/\/api.w.org\/{rel}","templated":true}]}}