{"id":49455,"date":"2022-03-11T13:48:36","date_gmt":"2022-03-11T18:48:36","guid":{"rendered":"https:\/\/www.nosm.ca\/?page_id=49455"},"modified":"2025-12-08T17:38:45","modified_gmt":"2025-12-08T17:38:45","slug":"faculty-affairs-communique","status":"publish","type":"page","link":"https:\/\/www.nosm.ca\/fr\/faculty\/faculty-affairs-communique\/","title":{"rendered":"Faculty Affairs Communiqu\u00e9"},"content":{"rendered":"<p class=\"qtranxs-available-languages-message qtranxs-available-languages-message-fr\">D\u00e9sol\u00e9,  cette entr\u00e9e de donn\u00e9es est seulement disponible en <a href=\"https:\/\/www.nosm.ca\/en\/wp-json\/wp\/v2\/pages\/49455\" class=\"qtranxs-available-language-link qtranxs-available-language-link-en\" title=\"English\">English<\/a>.<\/p>","protected":false},"excerpt":{"rendered":"<p>D\u00e9sol\u00e9, cette entr\u00e9e de donn\u00e9es est seulement disponible en English.<\/p>\n","protected":false},"author":229,"featured_media":0,"parent":6806,"menu_order":10,"comment_status":"closed","ping_status":"closed","template":"","meta":{"_acf_changed":false,"footnotes":""},"class_list":["post-49455","page","type-page","status-publish","hentry"],"acf":[],"_links":{"self":[{"href":"https:\/\/www.nosm.ca\/fr\/wp-json\/wp\/v2\/pages\/49455","targetHints":{"allow":["GET"]}}],"collection":[{"href":"https:\/\/www.nosm.ca\/fr\/wp-json\/wp\/v2\/pages"}],"about":[{"href":"https:\/\/www.nosm.ca\/fr\/wp-json\/wp\/v2\/types\/page"}],"author":[{"embeddable":true,"href":"https:\/\/www.nosm.ca\/fr\/wp-json\/wp\/v2\/users\/229"}],"replies":[{"embeddable":true,"href":"https:\/\/www.nosm.ca\/fr\/wp-json\/wp\/v2\/comments?post=49455"}],"version-history":[{"count":28,"href":"https:\/\/www.nosm.ca\/fr\/wp-json\/wp\/v2\/pages\/49455\/revisions"}],"predecessor-version":[{"id":81954,"href":"https:\/\/www.nosm.ca\/fr\/wp-json\/wp\/v2\/pages\/49455\/revisions\/81954"}],"up":[{"embeddable":true,"href":"https:\/\/www.nosm.ca\/fr\/wp-json\/wp\/v2\/pages\/6806"}],"wp:attachment":[{"href":"https:\/\/www.nosm.ca\/fr\/wp-json\/wp\/v2\/media?parent=49455"}],"curies":[{"name":"wp","href":"https:\/\/api.w.org\/{rel}","templated":true}]}}