{"id":49031,"date":"2022-02-15T12:10:45","date_gmt":"2022-02-15T17:10:45","guid":{"rendered":"https:\/\/www.nosm.ca\/?page_id=49031"},"modified":"2026-03-23T11:20:44","modified_gmt":"2026-03-23T15:20:44","slug":"faculty-bio-list-clinical-sciences-dwf","status":"publish","type":"page","link":"https:\/\/www.nosm.ca\/fr\/wp-workshop\/faculty-bio-list-clinical-sciences-dwf\/","title":{"rendered":"Faculty Bio List Clinical Sciences DWF"},"content":{"rendered":"<p class=\"qtranxs-available-languages-message qtranxs-available-languages-message-fr\">D\u00e9sol\u00e9,  cette entr\u00e9e de donn\u00e9es est seulement disponible en <a href=\"https:\/\/www.nosm.ca\/en\/wp-json\/wp\/v2\/pages\/49031\" class=\"qtranxs-available-language-link qtranxs-available-language-link-en\" title=\"English\">English<\/a>.<\/p>","protected":false},"excerpt":{"rendered":"<p>D\u00e9sol\u00e9, cette entr\u00e9e de donn\u00e9es est seulement disponible en English.<\/p>\n","protected":false},"author":16,"featured_media":0,"parent":4976,"menu_order":2,"comment_status":"closed","ping_status":"closed","template":"page-templates\/faculty-list.php","meta":{"_acf_changed":false,"footnotes":""},"class_list":["post-49031","page","type-page","status-publish","hentry"],"acf":[],"_links":{"self":[{"href":"https:\/\/www.nosm.ca\/fr\/wp-json\/wp\/v2\/pages\/49031","targetHints":{"allow":["GET"]}}],"collection":[{"href":"https:\/\/www.nosm.ca\/fr\/wp-json\/wp\/v2\/pages"}],"about":[{"href":"https:\/\/www.nosm.ca\/fr\/wp-json\/wp\/v2\/types\/page"}],"author":[{"embeddable":true,"href":"https:\/\/www.nosm.ca\/fr\/wp-json\/wp\/v2\/users\/16"}],"replies":[{"embeddable":true,"href":"https:\/\/www.nosm.ca\/fr\/wp-json\/wp\/v2\/comments?post=49031"}],"version-history":[{"count":2,"href":"https:\/\/www.nosm.ca\/fr\/wp-json\/wp\/v2\/pages\/49031\/revisions"}],"predecessor-version":[{"id":83597,"href":"https:\/\/www.nosm.ca\/fr\/wp-json\/wp\/v2\/pages\/49031\/revisions\/83597"}],"up":[{"embeddable":true,"href":"https:\/\/www.nosm.ca\/fr\/wp-json\/wp\/v2\/pages\/4976"}],"wp:attachment":[{"href":"https:\/\/www.nosm.ca\/fr\/wp-json\/wp\/v2\/media?parent=49031"}],"curies":[{"name":"wp","href":"https:\/\/api.w.org\/{rel}","templated":true}]}}