{"id":48299,"date":"2022-01-28T14:35:38","date_gmt":"2022-01-28T19:35:38","guid":{"rendered":"https:\/\/www.nosm.ca\/?page_id=48299"},"modified":"2026-01-26T10:39:29","modified_gmt":"2026-01-26T15:39:29","slug":"preceptor-cpresources","status":"publish","type":"page","link":"https:\/\/www.nosm.ca\/fr\/education\/medical-electives\/preceptor-cpresources\/","title":{"rendered":"Clinical Teaching Resources for Preceptors"},"content":{"rendered":"<p class=\"qtranxs-available-languages-message qtranxs-available-languages-message-fr\">D\u00e9sol\u00e9,  cette entr\u00e9e de donn\u00e9es est seulement disponible en <a href=\"https:\/\/www.nosm.ca\/en\/wp-json\/wp\/v2\/pages\/48299\" class=\"qtranxs-available-language-link qtranxs-available-language-link-en\" title=\"English\">English<\/a>.<\/p>","protected":false},"excerpt":{"rendered":"<p>D\u00e9sol\u00e9, cette entr\u00e9e de donn\u00e9es est seulement disponible en English.<\/p>\n","protected":false},"author":16,"featured_media":0,"parent":6337,"menu_order":6,"comment_status":"closed","ping_status":"closed","template":"","meta":{"_acf_changed":false,"footnotes":""},"class_list":["post-48299","page","type-page","status-publish","hentry"],"acf":[],"_links":{"self":[{"href":"https:\/\/www.nosm.ca\/fr\/wp-json\/wp\/v2\/pages\/48299","targetHints":{"allow":["GET"]}}],"collection":[{"href":"https:\/\/www.nosm.ca\/fr\/wp-json\/wp\/v2\/pages"}],"about":[{"href":"https:\/\/www.nosm.ca\/fr\/wp-json\/wp\/v2\/types\/page"}],"author":[{"embeddable":true,"href":"https:\/\/www.nosm.ca\/fr\/wp-json\/wp\/v2\/users\/16"}],"replies":[{"embeddable":true,"href":"https:\/\/www.nosm.ca\/fr\/wp-json\/wp\/v2\/comments?post=48299"}],"version-history":[{"count":35,"href":"https:\/\/www.nosm.ca\/fr\/wp-json\/wp\/v2\/pages\/48299\/revisions"}],"predecessor-version":[{"id":82440,"href":"https:\/\/www.nosm.ca\/fr\/wp-json\/wp\/v2\/pages\/48299\/revisions\/82440"}],"up":[{"embeddable":true,"href":"https:\/\/www.nosm.ca\/fr\/wp-json\/wp\/v2\/pages\/6337"}],"wp:attachment":[{"href":"https:\/\/www.nosm.ca\/fr\/wp-json\/wp\/v2\/media?parent=48299"}],"curies":[{"name":"wp","href":"https:\/\/api.w.org\/{rel}","templated":true}]}}