{"id":48088,"date":"2022-01-07T12:55:10","date_gmt":"2022-01-07T17:55:10","guid":{"rendered":"https:\/\/www.nosm.ca\/?page_id=48088"},"modified":"2023-07-05T10:36:01","modified_gmt":"2023-07-05T14:36:01","slug":"events","status":"publish","type":"page","link":"https:\/\/www.nosm.ca\/fr\/our-community\/nosm-physician-workforce-strategy\/events\/","title":{"rendered":"Events"},"content":{"rendered":"<p class=\"qtranxs-available-languages-message qtranxs-available-languages-message-fr\">D\u00e9sol\u00e9,  cette entr\u00e9e de donn\u00e9es est seulement disponible en <a href=\"https:\/\/www.nosm.ca\/en\/wp-json\/wp\/v2\/pages\/48088\" class=\"qtranxs-available-language-link qtranxs-available-language-link-en\" title=\"English\">English<\/a>.<\/p>","protected":false},"excerpt":{"rendered":"<p>D\u00e9sol\u00e9, cette entr\u00e9e de donn\u00e9es est seulement disponible en English.<\/p>\n","protected":false},"author":261,"featured_media":0,"parent":38262,"menu_order":9,"comment_status":"closed","ping_status":"closed","template":"page-templates\/pg-landing2.php","meta":{"_acf_changed":false,"footnotes":""},"class_list":["post-48088","page","type-page","status-publish","hentry"],"acf":[],"_links":{"self":[{"href":"https:\/\/www.nosm.ca\/fr\/wp-json\/wp\/v2\/pages\/48088","targetHints":{"allow":["GET"]}}],"collection":[{"href":"https:\/\/www.nosm.ca\/fr\/wp-json\/wp\/v2\/pages"}],"about":[{"href":"https:\/\/www.nosm.ca\/fr\/wp-json\/wp\/v2\/types\/page"}],"author":[{"embeddable":true,"href":"https:\/\/www.nosm.ca\/fr\/wp-json\/wp\/v2\/users\/261"}],"replies":[{"embeddable":true,"href":"https:\/\/www.nosm.ca\/fr\/wp-json\/wp\/v2\/comments?post=48088"}],"version-history":[{"count":60,"href":"https:\/\/www.nosm.ca\/fr\/wp-json\/wp\/v2\/pages\/48088\/revisions"}],"predecessor-version":[{"id":61896,"href":"https:\/\/www.nosm.ca\/fr\/wp-json\/wp\/v2\/pages\/48088\/revisions\/61896"}],"up":[{"embeddable":true,"href":"https:\/\/www.nosm.ca\/fr\/wp-json\/wp\/v2\/pages\/38262"}],"wp:attachment":[{"href":"https:\/\/www.nosm.ca\/fr\/wp-json\/wp\/v2\/media?parent=48088"}],"curies":[{"name":"wp","href":"https:\/\/api.w.org\/{rel}","templated":true}]}}