{"id":47957,"date":"2021-12-20T14:19:07","date_gmt":"2021-12-20T19:19:07","guid":{"rendered":"https:\/\/www.nosm.ca\/?page_id=47957"},"modified":"2026-04-27T10:33:12","modified_gmt":"2026-04-27T14:33:12","slug":"group-4-undergraduate-medical-students-enrolled-in-international-medical-school-outside-of-canada","status":"publish","type":"page","link":"https:\/\/www.nosm.ca\/fr\/education\/medical-electives\/for-applicants\/group-4-undergraduate-medical-students-enrolled-in-international-medical-school-outside-of-canada\/","title":{"rendered":"GROUP 4: Undergraduate medical students enrolled in International medical school (outside of Canada)"},"content":{"rendered":"<p class=\"qtranxs-available-languages-message qtranxs-available-languages-message-fr\">D\u00e9sol\u00e9,  cette entr\u00e9e de donn\u00e9es est seulement disponible en <a href=\"https:\/\/www.nosm.ca\/en\/wp-json\/wp\/v2\/pages\/47957\" class=\"qtranxs-available-language-link qtranxs-available-language-link-en\" title=\"English\">English<\/a>.<\/p>","protected":false},"excerpt":{"rendered":"<p>D\u00e9sol\u00e9, cette entr\u00e9e de donn\u00e9es est seulement disponible en English.<\/p>\n","protected":false},"author":38,"featured_media":0,"parent":8254,"menu_order":1,"comment_status":"closed","ping_status":"closed","template":"","meta":{"_acf_changed":false,"footnotes":""},"class_list":["post-47957","page","type-page","status-publish","hentry"],"acf":[],"_links":{"self":[{"href":"https:\/\/www.nosm.ca\/fr\/wp-json\/wp\/v2\/pages\/47957","targetHints":{"allow":["GET"]}}],"collection":[{"href":"https:\/\/www.nosm.ca\/fr\/wp-json\/wp\/v2\/pages"}],"about":[{"href":"https:\/\/www.nosm.ca\/fr\/wp-json\/wp\/v2\/types\/page"}],"author":[{"embeddable":true,"href":"https:\/\/www.nosm.ca\/fr\/wp-json\/wp\/v2\/users\/38"}],"replies":[{"embeddable":true,"href":"https:\/\/www.nosm.ca\/fr\/wp-json\/wp\/v2\/comments?post=47957"}],"version-history":[{"count":30,"href":"https:\/\/www.nosm.ca\/fr\/wp-json\/wp\/v2\/pages\/47957\/revisions"}],"predecessor-version":[{"id":84131,"href":"https:\/\/www.nosm.ca\/fr\/wp-json\/wp\/v2\/pages\/47957\/revisions\/84131"}],"up":[{"embeddable":true,"href":"https:\/\/www.nosm.ca\/fr\/wp-json\/wp\/v2\/pages\/8254"}],"wp:attachment":[{"href":"https:\/\/www.nosm.ca\/fr\/wp-json\/wp\/v2\/media?parent=47957"}],"curies":[{"name":"wp","href":"https:\/\/api.w.org\/{rel}","templated":true}]}}