{"id":47269,"date":"2021-11-23T14:46:15","date_gmt":"2021-11-23T19:46:15","guid":{"rendered":"https:\/\/www.nosm.ca\/?page_id=47269"},"modified":"2025-01-09T09:42:29","modified_gmt":"2025-01-09T14:42:29","slug":"nohfc-research-internships","status":"publish","type":"page","link":"https:\/\/www.nosm.ca\/fr\/research\/funding-opportunities\/research-awards-at-nosm\/nohfc-research-internships\/","title":{"rendered":"NOHFC Research Internships"},"content":{"rendered":"<p class=\"qtranxs-available-languages-message qtranxs-available-languages-message-fr\">D\u00e9sol\u00e9,  cette entr\u00e9e de donn\u00e9es est seulement disponible en <a href=\"https:\/\/www.nosm.ca\/en\/wp-json\/wp\/v2\/pages\/47269\" class=\"qtranxs-available-language-link qtranxs-available-language-link-en\" title=\"English\">English<\/a>.<\/p>","protected":false},"excerpt":{"rendered":"<p>D\u00e9sol\u00e9, cette entr\u00e9e de donn\u00e9es est seulement disponible en English.<\/p>\n","protected":false},"author":16,"featured_media":0,"parent":1537,"menu_order":10,"comment_status":"closed","ping_status":"closed","template":"","meta":{"_acf_changed":false,"footnotes":""},"class_list":["post-47269","page","type-page","status-publish","hentry"],"acf":[],"_links":{"self":[{"href":"https:\/\/www.nosm.ca\/fr\/wp-json\/wp\/v2\/pages\/47269","targetHints":{"allow":["GET"]}}],"collection":[{"href":"https:\/\/www.nosm.ca\/fr\/wp-json\/wp\/v2\/pages"}],"about":[{"href":"https:\/\/www.nosm.ca\/fr\/wp-json\/wp\/v2\/types\/page"}],"author":[{"embeddable":true,"href":"https:\/\/www.nosm.ca\/fr\/wp-json\/wp\/v2\/users\/16"}],"replies":[{"embeddable":true,"href":"https:\/\/www.nosm.ca\/fr\/wp-json\/wp\/v2\/comments?post=47269"}],"version-history":[{"count":16,"href":"https:\/\/www.nosm.ca\/fr\/wp-json\/wp\/v2\/pages\/47269\/revisions"}],"predecessor-version":[{"id":73766,"href":"https:\/\/www.nosm.ca\/fr\/wp-json\/wp\/v2\/pages\/47269\/revisions\/73766"}],"up":[{"embeddable":true,"href":"https:\/\/www.nosm.ca\/fr\/wp-json\/wp\/v2\/pages\/1537"}],"wp:attachment":[{"href":"https:\/\/www.nosm.ca\/fr\/wp-json\/wp\/v2\/media?parent=47269"}],"curies":[{"name":"wp","href":"https:\/\/api.w.org\/{rel}","templated":true}]}}