{"id":47260,"date":"2021-11-23T14:38:57","date_gmt":"2021-11-23T19:38:57","guid":{"rendered":"https:\/\/www.nosm.ca\/?page_id=47260"},"modified":"2024-09-10T09:45:11","modified_gmt":"2024-09-10T13:45:11","slug":"previous-ume-student-award-in-medical-education-research-recipient","status":"publish","type":"page","link":"https:\/\/www.nosm.ca\/fr\/research\/funding-opportunities\/research-awards-at-nosm\/archived-awards\/previous-ume-student-award-in-medical-education-research-recipient\/","title":{"rendered":"Previous UME Student Award in Medical Education Research Recipients"},"content":{"rendered":"<p class=\"qtranxs-available-languages-message qtranxs-available-languages-message-fr\">D\u00e9sol\u00e9,  cette entr\u00e9e de donn\u00e9es est seulement disponible en <a href=\"https:\/\/www.nosm.ca\/en\/wp-json\/wp\/v2\/pages\/47260\" class=\"qtranxs-available-language-link qtranxs-available-language-link-en\" title=\"English\">English<\/a>.<\/p>","protected":false},"excerpt":{"rendered":"<p>D\u00e9sol\u00e9, cette entr\u00e9e de donn\u00e9es est seulement disponible en English.<\/p>\n","protected":false},"author":16,"featured_media":0,"parent":10194,"menu_order":5,"comment_status":"closed","ping_status":"closed","template":"","meta":{"_acf_changed":false,"footnotes":""},"class_list":["post-47260","page","type-page","status-publish","hentry"],"acf":[],"_links":{"self":[{"href":"https:\/\/www.nosm.ca\/fr\/wp-json\/wp\/v2\/pages\/47260","targetHints":{"allow":["GET"]}}],"collection":[{"href":"https:\/\/www.nosm.ca\/fr\/wp-json\/wp\/v2\/pages"}],"about":[{"href":"https:\/\/www.nosm.ca\/fr\/wp-json\/wp\/v2\/types\/page"}],"author":[{"embeddable":true,"href":"https:\/\/www.nosm.ca\/fr\/wp-json\/wp\/v2\/users\/16"}],"replies":[{"embeddable":true,"href":"https:\/\/www.nosm.ca\/fr\/wp-json\/wp\/v2\/comments?post=47260"}],"version-history":[{"count":4,"href":"https:\/\/www.nosm.ca\/fr\/wp-json\/wp\/v2\/pages\/47260\/revisions"}],"predecessor-version":[{"id":71360,"href":"https:\/\/www.nosm.ca\/fr\/wp-json\/wp\/v2\/pages\/47260\/revisions\/71360"}],"up":[{"embeddable":true,"href":"https:\/\/www.nosm.ca\/fr\/wp-json\/wp\/v2\/pages\/10194"}],"wp:attachment":[{"href":"https:\/\/www.nosm.ca\/fr\/wp-json\/wp\/v2\/media?parent=47260"}],"curies":[{"name":"wp","href":"https:\/\/api.w.org\/{rel}","templated":true}]}}