{"id":46439,"date":"2021-10-28T14:26:53","date_gmt":"2021-10-28T18:26:53","guid":{"rendered":"https:\/\/www.nosm.ca\/?page_id=46439"},"modified":"2025-12-19T10:34:46","modified_gmt":"2025-12-19T15:34:46","slug":"education-rehabilitation-studies-job-postings-2-northeastern-clinical-partners","status":"publish","type":"page","link":"https:\/\/www.nosm.ca\/fr\/education\/rehabilitation-studies\/job-postings-2\/education-rehabilitation-studies-job-postings-2-northeastern-clinical-partners\/","title":{"rendered":"Northeastern Clinical Partners"},"content":{"rendered":"<p class=\"qtranxs-available-languages-message qtranxs-available-languages-message-fr\">D\u00e9sol\u00e9,  cette entr\u00e9e de donn\u00e9es est seulement disponible en <a href=\"https:\/\/www.nosm.ca\/en\/wp-json\/wp\/v2\/pages\/46439\" class=\"qtranxs-available-language-link qtranxs-available-language-link-en\" title=\"English\">English<\/a>.<\/p>","protected":false},"excerpt":{"rendered":"<p>D\u00e9sol\u00e9, cette entr\u00e9e de donn\u00e9es est seulement disponible en English.<\/p>\n","protected":false},"author":233,"featured_media":0,"parent":38928,"menu_order":5,"comment_status":"closed","ping_status":"closed","template":"","meta":{"_acf_changed":false,"footnotes":""},"class_list":["post-46439","page","type-page","status-publish","hentry"],"acf":[],"_links":{"self":[{"href":"https:\/\/www.nosm.ca\/fr\/wp-json\/wp\/v2\/pages\/46439","targetHints":{"allow":["GET"]}}],"collection":[{"href":"https:\/\/www.nosm.ca\/fr\/wp-json\/wp\/v2\/pages"}],"about":[{"href":"https:\/\/www.nosm.ca\/fr\/wp-json\/wp\/v2\/types\/page"}],"author":[{"embeddable":true,"href":"https:\/\/www.nosm.ca\/fr\/wp-json\/wp\/v2\/users\/233"}],"replies":[{"embeddable":true,"href":"https:\/\/www.nosm.ca\/fr\/wp-json\/wp\/v2\/comments?post=46439"}],"version-history":[{"count":76,"href":"https:\/\/www.nosm.ca\/fr\/wp-json\/wp\/v2\/pages\/46439\/revisions"}],"predecessor-version":[{"id":82137,"href":"https:\/\/www.nosm.ca\/fr\/wp-json\/wp\/v2\/pages\/46439\/revisions\/82137"}],"up":[{"embeddable":true,"href":"https:\/\/www.nosm.ca\/fr\/wp-json\/wp\/v2\/pages\/38928"}],"wp:attachment":[{"href":"https:\/\/www.nosm.ca\/fr\/wp-json\/wp\/v2\/media?parent=46439"}],"curies":[{"name":"wp","href":"https:\/\/api.w.org\/{rel}","templated":true}]}}