{"id":43536,"date":"2021-08-12T15:56:53","date_gmt":"2021-08-12T19:56:53","guid":{"rendered":"https:\/\/www.nosm.ca\/?page_id=43536"},"modified":"2025-11-14T19:19:46","modified_gmt":"2025-11-14T19:19:46","slug":"virtual-campmed-2020","status":"publish","type":"page","link":"https:\/\/www.nosm.ca\/fr\/our-community\/youth-engagement\/campmed\/virtual-campmed-2020\/","title":{"rendered":"Virtual CampMed 2020"},"content":{"rendered":"<p class=\"qtranxs-available-languages-message qtranxs-available-languages-message-fr\">D\u00e9sol\u00e9,  cette entr\u00e9e de donn\u00e9es est seulement disponible en <a href=\"https:\/\/www.nosm.ca\/en\/wp-json\/wp\/v2\/pages\/43536\" class=\"qtranxs-available-language-link qtranxs-available-language-link-en\" title=\"English\">English<\/a>.<\/p>","protected":false},"excerpt":{"rendered":"<p>D\u00e9sol\u00e9, cette entr\u00e9e de donn\u00e9es est seulement disponible en English.<\/p>\n","protected":false},"author":43,"featured_media":0,"parent":9310,"menu_order":7,"comment_status":"closed","ping_status":"closed","template":"page-templates\/quick-links-2.php","meta":{"_acf_changed":false,"footnotes":""},"class_list":["post-43536","page","type-page","status-publish","hentry"],"acf":[],"_links":{"self":[{"href":"https:\/\/www.nosm.ca\/fr\/wp-json\/wp\/v2\/pages\/43536","targetHints":{"allow":["GET"]}}],"collection":[{"href":"https:\/\/www.nosm.ca\/fr\/wp-json\/wp\/v2\/pages"}],"about":[{"href":"https:\/\/www.nosm.ca\/fr\/wp-json\/wp\/v2\/types\/page"}],"author":[{"embeddable":true,"href":"https:\/\/www.nosm.ca\/fr\/wp-json\/wp\/v2\/users\/43"}],"replies":[{"embeddable":true,"href":"https:\/\/www.nosm.ca\/fr\/wp-json\/wp\/v2\/comments?post=43536"}],"version-history":[{"count":105,"href":"https:\/\/www.nosm.ca\/fr\/wp-json\/wp\/v2\/pages\/43536\/revisions"}],"predecessor-version":[{"id":81705,"href":"https:\/\/www.nosm.ca\/fr\/wp-json\/wp\/v2\/pages\/43536\/revisions\/81705"}],"up":[{"embeddable":true,"href":"https:\/\/www.nosm.ca\/fr\/wp-json\/wp\/v2\/pages\/9310"}],"wp:attachment":[{"href":"https:\/\/www.nosm.ca\/fr\/wp-json\/wp\/v2\/media?parent=43536"}],"curies":[{"name":"wp","href":"https:\/\/api.w.org\/{rel}","templated":true}]}}