{"id":4335,"date":"2017-06-28T11:57:02","date_gmt":"2017-06-28T15:57:02","guid":{"rendered":"https:\/\/wp.nosm.ca\/?page_id=4335"},"modified":"2026-03-31T10:45:13","modified_gmt":"2026-03-31T14:45:13","slug":"cepd-events","status":"publish","type":"page","link":"https:\/\/www.nosm.ca\/fr\/education\/cepd\/cepd-events\/","title":{"rendered":"\u00c9v\u00e9nements \u00e0 venir"},"content":{"rendered":"","protected":false},"excerpt":{"rendered":"","protected":false},"author":16,"featured_media":0,"parent":3413,"menu_order":1,"comment_status":"closed","ping_status":"closed","template":"page-templates\/elevate-integration.php","meta":{"_acf_changed":false,"footnotes":""},"class_list":["post-4335","page","type-page","status-publish","hentry"],"acf":[],"_links":{"self":[{"href":"https:\/\/www.nosm.ca\/fr\/wp-json\/wp\/v2\/pages\/4335","targetHints":{"allow":["GET"]}}],"collection":[{"href":"https:\/\/www.nosm.ca\/fr\/wp-json\/wp\/v2\/pages"}],"about":[{"href":"https:\/\/www.nosm.ca\/fr\/wp-json\/wp\/v2\/types\/page"}],"author":[{"embeddable":true,"href":"https:\/\/www.nosm.ca\/fr\/wp-json\/wp\/v2\/users\/16"}],"replies":[{"embeddable":true,"href":"https:\/\/www.nosm.ca\/fr\/wp-json\/wp\/v2\/comments?post=4335"}],"version-history":[{"count":14,"href":"https:\/\/www.nosm.ca\/fr\/wp-json\/wp\/v2\/pages\/4335\/revisions"}],"predecessor-version":[{"id":81854,"href":"https:\/\/www.nosm.ca\/fr\/wp-json\/wp\/v2\/pages\/4335\/revisions\/81854"}],"up":[{"embeddable":true,"href":"https:\/\/www.nosm.ca\/fr\/wp-json\/wp\/v2\/pages\/3413"}],"wp:attachment":[{"href":"https:\/\/www.nosm.ca\/fr\/wp-json\/wp\/v2\/media?parent=4335"}],"curies":[{"name":"wp","href":"https:\/\/api.w.org\/{rel}","templated":true}]}}