{"id":43296,"date":"2021-08-09T10:59:06","date_gmt":"2021-08-09T14:59:06","guid":{"rendered":"https:\/\/www.nosm.ca\/?page_id=43296"},"modified":"2025-11-10T14:43:36","modified_gmt":"2025-11-10T19:43:36","slug":"awards-of-excellence-and-scholarship","status":"publish","type":"page","link":"https:\/\/www.nosm.ca\/fr\/education\/current-learners\/awards-of-excellence-and-scholarship\/","title":{"rendered":"NOSM University Learner Awards of Excellence and Scholarship"},"content":{"rendered":"<p class=\"qtranxs-available-languages-message qtranxs-available-languages-message-fr\">D\u00e9sol\u00e9,  cette entr\u00e9e de donn\u00e9es est seulement disponible en <a href=\"https:\/\/www.nosm.ca\/en\/wp-json\/wp\/v2\/pages\/43296\" class=\"qtranxs-available-language-link qtranxs-available-language-link-en\" title=\"English\">English<\/a>.<\/p>","protected":false},"excerpt":{"rendered":"<p>D\u00e9sol\u00e9, cette entr\u00e9e de donn\u00e9es est seulement disponible en English.<\/p>\n","protected":false},"author":229,"featured_media":0,"parent":53107,"menu_order":12,"comment_status":"closed","ping_status":"closed","template":"page-templates\/landing.php","meta":{"_acf_changed":false,"footnotes":""},"class_list":["post-43296","page","type-page","status-publish","hentry"],"acf":[],"_links":{"self":[{"href":"https:\/\/www.nosm.ca\/fr\/wp-json\/wp\/v2\/pages\/43296","targetHints":{"allow":["GET"]}}],"collection":[{"href":"https:\/\/www.nosm.ca\/fr\/wp-json\/wp\/v2\/pages"}],"about":[{"href":"https:\/\/www.nosm.ca\/fr\/wp-json\/wp\/v2\/types\/page"}],"author":[{"embeddable":true,"href":"https:\/\/www.nosm.ca\/fr\/wp-json\/wp\/v2\/users\/229"}],"replies":[{"embeddable":true,"href":"https:\/\/www.nosm.ca\/fr\/wp-json\/wp\/v2\/comments?post=43296"}],"version-history":[{"count":28,"href":"https:\/\/www.nosm.ca\/fr\/wp-json\/wp\/v2\/pages\/43296\/revisions"}],"predecessor-version":[{"id":81636,"href":"https:\/\/www.nosm.ca\/fr\/wp-json\/wp\/v2\/pages\/43296\/revisions\/81636"}],"up":[{"embeddable":true,"href":"https:\/\/www.nosm.ca\/fr\/wp-json\/wp\/v2\/pages\/53107"}],"wp:attachment":[{"href":"https:\/\/www.nosm.ca\/fr\/wp-json\/wp\/v2\/media?parent=43296"}],"curies":[{"name":"wp","href":"https:\/\/api.w.org\/{rel}","templated":true}]}}