{"id":43281,"date":"2021-08-09T09:46:02","date_gmt":"2021-08-09T13:46:02","guid":{"rendered":"https:\/\/www.nosm.ca\/?page_id=43281"},"modified":"2025-11-13T19:53:35","modified_gmt":"2025-11-13T19:53:35","slug":"pgfmfinancial-assistance","status":"publish","type":"page","link":"https:\/\/www.nosm.ca\/fr\/familymedicine\/pgfmfinancial-assistance\/","title":{"rendered":"Financial Assistance (Awards and Bursaries)"},"content":{"rendered":"<p class=\"qtranxs-available-languages-message qtranxs-available-languages-message-fr\">D\u00e9sol\u00e9,  cette entr\u00e9e de donn\u00e9es est seulement disponible en <a href=\"https:\/\/www.nosm.ca\/en\/wp-json\/wp\/v2\/pages\/43281\" class=\"qtranxs-available-language-link qtranxs-available-language-link-en\" title=\"English\">English<\/a>.<\/p>","protected":false},"excerpt":{"rendered":"<p>D\u00e9sol\u00e9, cette entr\u00e9e de donn\u00e9es est seulement disponible en English.<\/p>\n","protected":false},"author":331,"featured_media":0,"parent":12079,"menu_order":6,"comment_status":"closed","ping_status":"closed","template":"","meta":{"_acf_changed":false,"footnotes":""},"class_list":["post-43281","page","type-page","status-publish","hentry"],"acf":[],"_links":{"self":[{"href":"https:\/\/www.nosm.ca\/fr\/wp-json\/wp\/v2\/pages\/43281","targetHints":{"allow":["GET"]}}],"collection":[{"href":"https:\/\/www.nosm.ca\/fr\/wp-json\/wp\/v2\/pages"}],"about":[{"href":"https:\/\/www.nosm.ca\/fr\/wp-json\/wp\/v2\/types\/page"}],"author":[{"embeddable":true,"href":"https:\/\/www.nosm.ca\/fr\/wp-json\/wp\/v2\/users\/331"}],"replies":[{"embeddable":true,"href":"https:\/\/www.nosm.ca\/fr\/wp-json\/wp\/v2\/comments?post=43281"}],"version-history":[{"count":46,"href":"https:\/\/www.nosm.ca\/fr\/wp-json\/wp\/v2\/pages\/43281\/revisions"}],"predecessor-version":[{"id":81689,"href":"https:\/\/www.nosm.ca\/fr\/wp-json\/wp\/v2\/pages\/43281\/revisions\/81689"}],"up":[{"embeddable":true,"href":"https:\/\/www.nosm.ca\/fr\/wp-json\/wp\/v2\/pages\/12079"}],"wp:attachment":[{"href":"https:\/\/www.nosm.ca\/fr\/wp-json\/wp\/v2\/media?parent=43281"}],"curies":[{"name":"wp","href":"https:\/\/api.w.org\/{rel}","templated":true}]}}