{"id":43192,"date":"2021-08-06T13:16:26","date_gmt":"2021-08-06T17:16:26","guid":{"rendered":"https:\/\/www.nosm.ca\/?page_id=43192"},"modified":"2025-02-10T11:54:09","modified_gmt":"2025-02-10T16:54:09","slug":"campmed-testimonials","status":"publish","type":"page","link":"https:\/\/www.nosm.ca\/fr\/our-community\/youth-engagement\/campmed\/campmed-testimonials\/","title":{"rendered":"CampMed Testimonials"},"content":{"rendered":"<p class=\"qtranxs-available-languages-message qtranxs-available-languages-message-fr\">D\u00e9sol\u00e9,  cette entr\u00e9e de donn\u00e9es est seulement disponible en <a href=\"https:\/\/www.nosm.ca\/en\/wp-json\/wp\/v2\/pages\/43192\" class=\"qtranxs-available-language-link qtranxs-available-language-link-en\" title=\"English\">English<\/a>.<\/p>","protected":false},"excerpt":{"rendered":"<p>D\u00e9sol\u00e9, cette entr\u00e9e de donn\u00e9es est seulement disponible en English.<\/p>\n","protected":false},"author":43,"featured_media":0,"parent":9310,"menu_order":11,"comment_status":"closed","ping_status":"closed","template":"page-templates\/quick-links-2.php","meta":{"_acf_changed":false,"footnotes":""},"class_list":["post-43192","page","type-page","status-publish","hentry"],"acf":[],"_links":{"self":[{"href":"https:\/\/www.nosm.ca\/fr\/wp-json\/wp\/v2\/pages\/43192","targetHints":{"allow":["GET"]}}],"collection":[{"href":"https:\/\/www.nosm.ca\/fr\/wp-json\/wp\/v2\/pages"}],"about":[{"href":"https:\/\/www.nosm.ca\/fr\/wp-json\/wp\/v2\/types\/page"}],"author":[{"embeddable":true,"href":"https:\/\/www.nosm.ca\/fr\/wp-json\/wp\/v2\/users\/43"}],"replies":[{"embeddable":true,"href":"https:\/\/www.nosm.ca\/fr\/wp-json\/wp\/v2\/comments?post=43192"}],"version-history":[{"count":23,"href":"https:\/\/www.nosm.ca\/fr\/wp-json\/wp\/v2\/pages\/43192\/revisions"}],"predecessor-version":[{"id":76117,"href":"https:\/\/www.nosm.ca\/fr\/wp-json\/wp\/v2\/pages\/43192\/revisions\/76117"}],"up":[{"embeddable":true,"href":"https:\/\/www.nosm.ca\/fr\/wp-json\/wp\/v2\/pages\/9310"}],"wp:attachment":[{"href":"https:\/\/www.nosm.ca\/fr\/wp-json\/wp\/v2\/media?parent=43192"}],"curies":[{"name":"wp","href":"https:\/\/api.w.org\/{rel}","templated":true}]}}