{"id":42408,"date":"2021-07-05T12:20:00","date_gmt":"2021-07-05T16:20:00","guid":{"rendered":"https:\/\/www.nosm.ca\/?page_id=42408"},"modified":"2022-05-12T14:17:18","modified_gmt":"2022-05-12T18:17:18","slug":"resources","status":"publish","type":"page","link":"https:\/\/www.nosm.ca\/fr\/research\/graduate-studies\/resources\/","title":{"rendered":"Resources"},"content":{"rendered":"<p class=\"qtranxs-available-languages-message qtranxs-available-languages-message-fr\">D\u00e9sol\u00e9,  cette entr\u00e9e de donn\u00e9es est seulement disponible en <a href=\"https:\/\/www.nosm.ca\/en\/wp-json\/wp\/v2\/pages\/42408\" class=\"qtranxs-available-language-link qtranxs-available-language-link-en\" title=\"English\">English<\/a>.<\/p>","protected":false},"excerpt":{"rendered":"","protected":false},"author":16,"featured_media":0,"parent":26008,"menu_order":6,"comment_status":"closed","ping_status":"closed","template":"","meta":{"_acf_changed":false,"footnotes":""},"class_list":["post-42408","page","type-page","status-publish","hentry"],"acf":[],"_links":{"self":[{"href":"https:\/\/www.nosm.ca\/fr\/wp-json\/wp\/v2\/pages\/42408","targetHints":{"allow":["GET"]}}],"collection":[{"href":"https:\/\/www.nosm.ca\/fr\/wp-json\/wp\/v2\/pages"}],"about":[{"href":"https:\/\/www.nosm.ca\/fr\/wp-json\/wp\/v2\/types\/page"}],"author":[{"embeddable":true,"href":"https:\/\/www.nosm.ca\/fr\/wp-json\/wp\/v2\/users\/16"}],"replies":[{"embeddable":true,"href":"https:\/\/www.nosm.ca\/fr\/wp-json\/wp\/v2\/comments?post=42408"}],"version-history":[{"count":15,"href":"https:\/\/www.nosm.ca\/fr\/wp-json\/wp\/v2\/pages\/42408\/revisions"}],"predecessor-version":[{"id":51493,"href":"https:\/\/www.nosm.ca\/fr\/wp-json\/wp\/v2\/pages\/42408\/revisions\/51493"}],"up":[{"embeddable":true,"href":"https:\/\/www.nosm.ca\/fr\/wp-json\/wp\/v2\/pages\/26008"}],"wp:attachment":[{"href":"https:\/\/www.nosm.ca\/fr\/wp-json\/wp\/v2\/media?parent=42408"}],"curies":[{"name":"wp","href":"https:\/\/api.w.org\/{rel}","templated":true}]}}