{"id":42073,"date":"2021-06-21T11:16:21","date_gmt":"2021-06-21T15:16:21","guid":{"rendered":"https:\/\/www.nosm.ca\/?page_id=42073"},"modified":"2025-08-21T10:32:44","modified_gmt":"2025-08-21T14:32:44","slug":"nosm-university-information","status":"publish","type":"page","link":"https:\/\/www.nosm.ca\/fr\/about\/nosm-university-information\/","title":{"rendered":"Canada&rsquo;s First Stand-Alone Medical University"},"content":{"rendered":"<p><\/p>\n<h1>Renseignements sur l&rsquo;Universit\u00e9 de l&rsquo;EMNO<\/h1>\n<p>Le 3 juin 2021, le gouvernement de l\u2019Ontario a adopt\u00e9 une loi qui fait de l\u2019\u00c9cole de m\u00e9decine du Nord de l\u2019Ontario (EMNO) une universit\u00e9. Avec ce statut, l\u2019EMNO devient la premi\u00e8re universit\u00e9 de m\u00e9decine autonome au Canada.<\/p>\n<p>L\u2019EMNO est une strat\u00e9gie gouvernementale visant \u00e0 r\u00e9pondre aux besoins de la population du Nord de l\u2019Ontario en mati\u00e8re de sant\u00e9, \u00e0 am\u00e9liorer la qualit\u00e9 des soins et \u00e0 contribuer au d\u00e9veloppement \u00e9conomique du Nord de l\u2019Ontario. Elle est le fruit d\u2019un mouvement populaire des communaut\u00e9s de tout le Nord de l\u2019Ontario qui ont milit\u00e9 pour une solution aux iniquit\u00e9s en mati\u00e8re de sant\u00e9. Devenir une universit\u00e9 fera de cette vision une r\u00e9alit\u00e9.<\/p>\n<p>Read the announcement: <a href=\"https:\/\/www.nosm.ca\/fr\/2021\/06\/03\/nosm-to-become-first-stand-alone-medical-university-in-canada\/\">L\u2019EMNO deviendra la premi\u00e8re universit\u00e9 de m\u00e9decine autonome au Canada.<\/a><\/p>\n<div class='accordion' data-autoclose='true'>\n<div class='accordion-item closed'>\n<h3 class='accordion-title'>Ressources<\/h3>\n<div class='accordion-content'>\nBient\u00f4t disponible.\n<\/div>\n<\/div>\n<div class='accordion-item closed'>\n<h3 class='accordion-title'>Informations sur les consultations communautaires<\/h3>\n<div class='accordion-content'>\nBient\u00f4t disponible.\n<\/div>\n<\/div>\n<div class='accordion-item closed'>\n<h3 class='accordion-title'>Sondage : Votre contribution est essentielle<\/h3>\n<div class='accordion-content'>\n<p>Aidez l&rsquo;\u00c9cole de m\u00e9decine du Nord de l&rsquo;Ontario \u00e0 atteindre son plein potentiel en tant qu&rsquo;universit\u00e9.<\/p>\n<p>Votre contribution est critique.<\/p>\n<p><a href=\"https:\/\/www.nosm.ca\/wp-content\/uploads\/2021\/08\/check-box-icon-flat-vector-round-button-clean-black-and-white-design-vector-id1292139104.jpeg\"><img loading=\"lazy\" decoding=\"async\" class=\"size-thumbnail wp-image-43123 alignnone\" src=\"https:\/\/www.nosm.ca\/wp-content\/uploads\/2021\/08\/check-box-icon-flat-vector-round-button-clean-black-and-white-design-vector-id1292139104-150x150.jpeg\" alt=\"\" width=\"150\" height=\"150\" srcset=\"https:\/\/www.nosm.ca\/wp-content\/uploads\/2021\/08\/check-box-icon-flat-vector-round-button-clean-black-and-white-design-vector-id1292139104-150x150.jpeg 150w, https:\/\/www.nosm.ca\/wp-content\/uploads\/2021\/08\/check-box-icon-flat-vector-round-button-clean-black-and-white-design-vector-id1292139104-300x300.jpeg 300w, https:\/\/www.nosm.ca\/wp-content\/uploads\/2021\/08\/check-box-icon-flat-vector-round-button-clean-black-and-white-design-vector-id1292139104-768x768.jpeg 768w, https:\/\/www.nosm.ca\/wp-content\/uploads\/2021\/08\/check-box-icon-flat-vector-round-button-clean-black-and-white-design-vector-id1292139104.jpeg 1024w\" sizes=\"auto, (max-width: 150px) 100vw, 150px\" \/><\/a>\n<\/div>\n<\/div>\n<div class='accordion-item closed'>\n<h3 class='accordion-title'>FAQ<\/h3>\n<div class='accordion-content'>\nBient\u00f4t disponible.\n<\/div>\n<\/div>\n<\/div>\n<p><\/p>","protected":false},"excerpt":{"rendered":"<p>Renseignements sur l&rsquo;Universit\u00e9 de l&rsquo;EMNO Le 3 juin 2021, le gouvernement de l\u2019Ontario a adopt\u00e9 une loi qui fait de l\u2019\u00c9cole de m\u00e9decine du Nord de l\u2019Ontario (EMNO) une universit\u00e9. Avec ce statut, l\u2019EMNO devient la premi\u00e8re universit\u00e9 de m\u00e9decine autonome au Canada. L\u2019EMNO est une strat\u00e9gie gouvernementale visant \u00e0 r\u00e9pondre aux besoins de la &hellip; <a href=\"https:\/\/www.nosm.ca\/fr\/about\/nosm-university-information\/\" class=\"more-link\">Continue reading <span class=\"screen-reader-text\">Canada&rsquo;s First Stand-Alone Medical University<\/span> <span class=\"meta-nav\">&rarr;<\/span><\/a><\/p>\n","protected":false},"author":16,"featured_media":0,"parent":4270,"menu_order":4,"comment_status":"closed","ping_status":"closed","template":"","meta":{"_acf_changed":false,"footnotes":""},"class_list":["post-42073","page","type-page","status-publish","hentry"],"acf":[],"_links":{"self":[{"href":"https:\/\/www.nosm.ca\/fr\/wp-json\/wp\/v2\/pages\/42073","targetHints":{"allow":["GET"]}}],"collection":[{"href":"https:\/\/www.nosm.ca\/fr\/wp-json\/wp\/v2\/pages"}],"about":[{"href":"https:\/\/www.nosm.ca\/fr\/wp-json\/wp\/v2\/types\/page"}],"author":[{"embeddable":true,"href":"https:\/\/www.nosm.ca\/fr\/wp-json\/wp\/v2\/users\/16"}],"replies":[{"embeddable":true,"href":"https:\/\/www.nosm.ca\/fr\/wp-json\/wp\/v2\/comments?post=42073"}],"version-history":[{"count":31,"href":"https:\/\/www.nosm.ca\/fr\/wp-json\/wp\/v2\/pages\/42073\/revisions"}],"predecessor-version":[{"id":63378,"href":"https:\/\/www.nosm.ca\/fr\/wp-json\/wp\/v2\/pages\/42073\/revisions\/63378"}],"up":[{"embeddable":true,"href":"https:\/\/www.nosm.ca\/fr\/wp-json\/wp\/v2\/pages\/4270"}],"wp:attachment":[{"href":"https:\/\/www.nosm.ca\/fr\/wp-json\/wp\/v2\/media?parent=42073"}],"curies":[{"name":"wp","href":"https:\/\/api.w.org\/{rel}","templated":true}]}}