{"id":41960,"date":"2021-06-18T11:24:29","date_gmt":"2021-06-18T15:24:29","guid":{"rendered":"https:\/\/www.nosm.ca\/?page_id=41960"},"modified":"2025-04-22T08:54:30","modified_gmt":"2025-04-22T12:54:30","slug":"41960-2","status":"publish","type":"page","link":"https:\/\/www.nosm.ca\/fr\/our-community\/indigenous-medical-education\/upcoming-events\/41960-2\/","title":{"rendered":""},"content":{"rendered":"<p class=\"qtranxs-available-languages-message qtranxs-available-languages-message-fr\">D\u00e9sol\u00e9,  cette entr\u00e9e de donn\u00e9es est seulement disponible en <a href=\"https:\/\/www.nosm.ca\/en\/wp-json\/wp\/v2\/pages\/41960\" class=\"qtranxs-available-language-link qtranxs-available-language-link-en\" title=\"English\">English<\/a>.<\/p>","protected":false},"excerpt":{"rendered":"<p>D\u00e9sol\u00e9, cette entr\u00e9e de donn\u00e9es est seulement disponible en English.<\/p>\n","protected":false},"author":16,"featured_media":0,"parent":41955,"menu_order":1,"comment_status":"closed","ping_status":"closed","template":"page-templates\/pg-office.php","meta":{"_acf_changed":false,"footnotes":""},"class_list":["post-41960","page","type-page","status-publish","hentry"],"acf":[],"_links":{"self":[{"href":"https:\/\/www.nosm.ca\/fr\/wp-json\/wp\/v2\/pages\/41960","targetHints":{"allow":["GET"]}}],"collection":[{"href":"https:\/\/www.nosm.ca\/fr\/wp-json\/wp\/v2\/pages"}],"about":[{"href":"https:\/\/www.nosm.ca\/fr\/wp-json\/wp\/v2\/types\/page"}],"author":[{"embeddable":true,"href":"https:\/\/www.nosm.ca\/fr\/wp-json\/wp\/v2\/users\/16"}],"replies":[{"embeddable":true,"href":"https:\/\/www.nosm.ca\/fr\/wp-json\/wp\/v2\/comments?post=41960"}],"version-history":[{"count":29,"href":"https:\/\/www.nosm.ca\/fr\/wp-json\/wp\/v2\/pages\/41960\/revisions"}],"predecessor-version":[{"id":77584,"href":"https:\/\/www.nosm.ca\/fr\/wp-json\/wp\/v2\/pages\/41960\/revisions\/77584"}],"up":[{"embeddable":true,"href":"https:\/\/www.nosm.ca\/fr\/wp-json\/wp\/v2\/pages\/41955"}],"wp:attachment":[{"href":"https:\/\/www.nosm.ca\/fr\/wp-json\/wp\/v2\/media?parent=41960"}],"curies":[{"name":"wp","href":"https:\/\/api.w.org\/{rel}","templated":true}]}}