{"id":40623,"date":"2021-06-18T11:27:33","date_gmt":"2021-06-18T15:27:33","guid":{"rendered":"https:\/\/www.nosm.ca\/?page_id=40623"},"modified":"2024-05-08T11:29:12","modified_gmt":"2024-05-08T15:29:12","slug":"learner-recruitment-and-support-coordinator","status":"publish","type":"page","link":"https:\/\/www.nosm.ca\/fr\/our-community\/indigenous-medical-education\/indigenous-affairs-office\/learner-recruitment-and-support-coordinator\/","title":{"rendered":"Learner Recruitment and Support Coordinator"},"content":{"rendered":"<p class=\"qtranxs-available-languages-message qtranxs-available-languages-message-fr\">D\u00e9sol\u00e9,  cette entr\u00e9e de donn\u00e9es est seulement disponible en <a href=\"https:\/\/www.nosm.ca\/en\/wp-json\/wp\/v2\/pages\/40623\" class=\"qtranxs-available-language-link qtranxs-available-language-link-en\" title=\"English\">English<\/a>.<\/p>","protected":false},"excerpt":{"rendered":"<p>D\u00e9sol\u00e9, cette entr\u00e9e de donn\u00e9es est seulement disponible en English.<\/p>\n","protected":false},"author":137,"featured_media":0,"parent":40574,"menu_order":6,"comment_status":"closed","ping_status":"closed","template":"","meta":{"_acf_changed":false,"footnotes":""},"class_list":["post-40623","page","type-page","status-publish","hentry"],"acf":[],"_links":{"self":[{"href":"https:\/\/www.nosm.ca\/fr\/wp-json\/wp\/v2\/pages\/40623","targetHints":{"allow":["GET"]}}],"collection":[{"href":"https:\/\/www.nosm.ca\/fr\/wp-json\/wp\/v2\/pages"}],"about":[{"href":"https:\/\/www.nosm.ca\/fr\/wp-json\/wp\/v2\/types\/page"}],"author":[{"embeddable":true,"href":"https:\/\/www.nosm.ca\/fr\/wp-json\/wp\/v2\/users\/137"}],"replies":[{"embeddable":true,"href":"https:\/\/www.nosm.ca\/fr\/wp-json\/wp\/v2\/comments?post=40623"}],"version-history":[{"count":41,"href":"https:\/\/www.nosm.ca\/fr\/wp-json\/wp\/v2\/pages\/40623\/revisions"}],"predecessor-version":[{"id":55462,"href":"https:\/\/www.nosm.ca\/fr\/wp-json\/wp\/v2\/pages\/40623\/revisions\/55462"}],"up":[{"embeddable":true,"href":"https:\/\/www.nosm.ca\/fr\/wp-json\/wp\/v2\/pages\/40574"}],"wp:attachment":[{"href":"https:\/\/www.nosm.ca\/fr\/wp-json\/wp\/v2\/media?parent=40623"}],"curies":[{"name":"wp","href":"https:\/\/api.w.org\/{rel}","templated":true}]}}