{"id":40617,"date":"2021-05-19T19:20:09","date_gmt":"2021-05-19T23:20:09","guid":{"rendered":"https:\/\/www.nosm.ca\/?page_id=40617"},"modified":"2024-03-18T10:39:08","modified_gmt":"2024-03-18T14:39:08","slug":"community-coordinator","status":"publish","type":"page","link":"https:\/\/www.nosm.ca\/fr\/our-community\/indigenous-medical-education\/indigenous-affairs-office\/community-coordinator\/","title":{"rendered":"Scott Desmoulin"},"content":{"rendered":"<p class=\"qtranxs-available-languages-message qtranxs-available-languages-message-fr\">D\u00e9sol\u00e9,  cette entr\u00e9e de donn\u00e9es est seulement disponible en <a href=\"https:\/\/www.nosm.ca\/en\/wp-json\/wp\/v2\/pages\/40617\" class=\"qtranxs-available-language-link qtranxs-available-language-link-en\" title=\"English\">English<\/a>.<\/p>","protected":false},"excerpt":{"rendered":"<p>D\u00e9sol\u00e9, cette entr\u00e9e de donn\u00e9es est seulement disponible en English.<\/p>\n","protected":false},"author":137,"featured_media":0,"parent":40574,"menu_order":5,"comment_status":"closed","ping_status":"closed","template":"","meta":{"_acf_changed":false,"footnotes":""},"class_list":["post-40617","page","type-page","status-publish","hentry"],"acf":[],"_links":{"self":[{"href":"https:\/\/www.nosm.ca\/fr\/wp-json\/wp\/v2\/pages\/40617","targetHints":{"allow":["GET"]}}],"collection":[{"href":"https:\/\/www.nosm.ca\/fr\/wp-json\/wp\/v2\/pages"}],"about":[{"href":"https:\/\/www.nosm.ca\/fr\/wp-json\/wp\/v2\/types\/page"}],"author":[{"embeddable":true,"href":"https:\/\/www.nosm.ca\/fr\/wp-json\/wp\/v2\/users\/137"}],"replies":[{"embeddable":true,"href":"https:\/\/www.nosm.ca\/fr\/wp-json\/wp\/v2\/comments?post=40617"}],"version-history":[{"count":35,"href":"https:\/\/www.nosm.ca\/fr\/wp-json\/wp\/v2\/pages\/40617\/revisions"}],"predecessor-version":[{"id":66064,"href":"https:\/\/www.nosm.ca\/fr\/wp-json\/wp\/v2\/pages\/40617\/revisions\/66064"}],"up":[{"embeddable":true,"href":"https:\/\/www.nosm.ca\/fr\/wp-json\/wp\/v2\/pages\/40574"}],"wp:attachment":[{"href":"https:\/\/www.nosm.ca\/fr\/wp-json\/wp\/v2\/media?parent=40617"}],"curies":[{"name":"wp","href":"https:\/\/api.w.org\/{rel}","templated":true}]}}