{"id":3996,"date":"2016-10-19T11:17:17","date_gmt":"2016-10-19T15:17:17","guid":{"rendered":"https:\/\/wp.nosm.ca\/?page_id=3996"},"modified":"2023-08-04T09:23:09","modified_gmt":"2023-08-04T13:23:09","slug":"academic-opportunities","status":"publish","type":"page","link":"https:\/\/www.nosm.ca\/fr\/about\/administrative-offices\/human-resources\/work-at-nosm\/academic-opportunities\/","title":{"rendered":"Possibilit\u00e9s d\u2019emploi dans le domaine de l\u2019enseignement"},"content":{"rendered":"<p>Veuillez prendre connaissance de la section <a href=\"https:\/\/www.nosm.ca\/fr\/about\/administrative-offices\/human-resources\/work-at-nosm\/how-to-apply\/\" target=\"_blank\" rel=\"noopener noreferrer\"><strong>Comment pr\u00e9senter une candidature<\/strong><\/a>\u00a0pour avoir des renseignements sur le processus.<\/p>\n<p>L&rsquo;\u00c9cole de m\u00e9decine du Nord de l&rsquo;Ontario offre des adaptations aux personnes handicap\u00e9es tout au long du processus de recrutement. Si vous avez besoin d\u2019adaptations pendant ce processus, ou d\u00e9sirez obtenir une version accessible de ce texte, \u00e9crivez aux Ressources humaines \u00e0 <a href=\"mailto:hr@nosm.ca\"><strong>hr@nosm.ca<\/strong><\/a>.<\/p>\n<p>&nbsp;<\/p>","protected":false},"excerpt":{"rendered":"<p>Veuillez prendre connaissance de la section Comment pr\u00e9senter une candidature\u00a0pour avoir des renseignements sur le processus. L&rsquo;\u00c9cole de m\u00e9decine du Nord de l&rsquo;Ontario offre des adaptations aux personnes handicap\u00e9es tout au long du processus de recrutement. Si vous avez besoin d\u2019adaptations pendant ce processus, ou d\u00e9sirez obtenir une version accessible de ce texte, \u00e9crivez aux &hellip; <a href=\"https:\/\/www.nosm.ca\/fr\/about\/administrative-offices\/human-resources\/work-at-nosm\/academic-opportunities\/\" class=\"more-link\">Continue reading <span class=\"screen-reader-text\">Possibilit\u00e9s d\u2019emploi dans le domaine de l\u2019enseignement<\/span> <span class=\"meta-nav\">&rarr;<\/span><\/a><\/p>\n","protected":false},"author":15,"featured_media":0,"parent":1263,"menu_order":5,"comment_status":"closed","ping_status":"closed","template":"page-templates\/career-opportunity.php","meta":{"_acf_changed":false,"footnotes":""},"class_list":["post-3996","page","type-page","status-publish","hentry"],"acf":[],"_links":{"self":[{"href":"https:\/\/www.nosm.ca\/fr\/wp-json\/wp\/v2\/pages\/3996","targetHints":{"allow":["GET"]}}],"collection":[{"href":"https:\/\/www.nosm.ca\/fr\/wp-json\/wp\/v2\/pages"}],"about":[{"href":"https:\/\/www.nosm.ca\/fr\/wp-json\/wp\/v2\/types\/page"}],"author":[{"embeddable":true,"href":"https:\/\/www.nosm.ca\/fr\/wp-json\/wp\/v2\/users\/15"}],"replies":[{"embeddable":true,"href":"https:\/\/www.nosm.ca\/fr\/wp-json\/wp\/v2\/comments?post=3996"}],"version-history":[{"count":32,"href":"https:\/\/www.nosm.ca\/fr\/wp-json\/wp\/v2\/pages\/3996\/revisions"}],"predecessor-version":[{"id":62444,"href":"https:\/\/www.nosm.ca\/fr\/wp-json\/wp\/v2\/pages\/3996\/revisions\/62444"}],"up":[{"embeddable":true,"href":"https:\/\/www.nosm.ca\/fr\/wp-json\/wp\/v2\/pages\/1263"}],"wp:attachment":[{"href":"https:\/\/www.nosm.ca\/fr\/wp-json\/wp\/v2\/media?parent=3996"}],"curies":[{"name":"wp","href":"https:\/\/api.w.org\/{rel}","templated":true}]}}