{"id":3991,"date":"2016-10-19T11:10:28","date_gmt":"2016-10-19T15:10:28","guid":{"rendered":"https:\/\/wp.nosm.ca\/?page_id=3991"},"modified":"2023-08-04T08:53:26","modified_gmt":"2023-08-04T12:53:26","slug":"staff-opportunities","status":"publish","type":"page","link":"https:\/\/www.nosm.ca\/fr\/about\/administrative-offices\/human-resources\/work-at-nosm\/staff-opportunities\/","title":{"rendered":"Possibilit\u00e9s d&#8217;emploi de personnel"},"content":{"rendered":"<p><\/p>\n<hr \/>\n<p>Veuillez prendre connaissance de la section <a href=\"https:\/\/www.nosm.ca\/fr\/about\/administrative-offices\/human-resources\/work-at-nosm\/how-to-apply\/\" target=\"_blank\" rel=\"noopener noreferrer\"><strong>Comment pr\u00e9senter une candidature<\/strong><\/a>\u00a0pour avoir des renseignements sur le processus. Si vous \u00e9prouvez des difficult\u00e9s dans le formulaire de pr\u00e9sentation de candidature en ligne, envoyez votre candidature \u00e0 <a href=\"mailto:hr@nosm.ca\" target=\"_blank\" rel=\"noopener noreferrer\"><strong>hr@nosm.ca<\/strong><\/a>.<\/p>\n<p>L&rsquo;\u00c9cole de m\u00e9decine du Nord de l&rsquo;Ontario offre des adaptations aux personnes handicap\u00e9es tout au long du processus de recrutement. Si vous avez besoin d\u2019adaptations pendant ce processus, ou d\u00e9sirez obtenir une version accessible de ce texte, \u00e9crivez aux Ressources humaines \u00e0 <a href=\"mailto:hr@nosm.ca\" target=\"_blank\" rel=\"noopener noreferrer\"><strong>hr@nosm.ca<\/strong><\/a>.<\/p>","protected":false},"excerpt":{"rendered":"<p>Veuillez prendre connaissance de la section Comment pr\u00e9senter une candidature\u00a0pour avoir des renseignements sur le processus. Si vous \u00e9prouvez des difficult\u00e9s dans le formulaire de pr\u00e9sentation de candidature en ligne, envoyez votre candidature \u00e0 hr@nosm.ca. L&rsquo;\u00c9cole de m\u00e9decine du Nord de l&rsquo;Ontario offre des adaptations aux personnes handicap\u00e9es tout au long du processus de recrutement. &hellip; <a href=\"https:\/\/www.nosm.ca\/fr\/about\/administrative-offices\/human-resources\/work-at-nosm\/staff-opportunities\/\" class=\"more-link\">Continue reading <span class=\"screen-reader-text\">Possibilit\u00e9s d&#8217;emploi de personnel<\/span> <span class=\"meta-nav\">&rarr;<\/span><\/a><\/p>\n","protected":false},"author":15,"featured_media":0,"parent":1263,"menu_order":4,"comment_status":"closed","ping_status":"closed","template":"page-templates\/career-opportunity.php","meta":{"_acf_changed":false,"footnotes":""},"class_list":["post-3991","page","type-page","status-publish","hentry"],"acf":[],"_links":{"self":[{"href":"https:\/\/www.nosm.ca\/fr\/wp-json\/wp\/v2\/pages\/3991","targetHints":{"allow":["GET"]}}],"collection":[{"href":"https:\/\/www.nosm.ca\/fr\/wp-json\/wp\/v2\/pages"}],"about":[{"href":"https:\/\/www.nosm.ca\/fr\/wp-json\/wp\/v2\/types\/page"}],"author":[{"embeddable":true,"href":"https:\/\/www.nosm.ca\/fr\/wp-json\/wp\/v2\/users\/15"}],"replies":[{"embeddable":true,"href":"https:\/\/www.nosm.ca\/fr\/wp-json\/wp\/v2\/comments?post=3991"}],"version-history":[{"count":48,"href":"https:\/\/www.nosm.ca\/fr\/wp-json\/wp\/v2\/pages\/3991\/revisions"}],"predecessor-version":[{"id":62435,"href":"https:\/\/www.nosm.ca\/fr\/wp-json\/wp\/v2\/pages\/3991\/revisions\/62435"}],"up":[{"embeddable":true,"href":"https:\/\/www.nosm.ca\/fr\/wp-json\/wp\/v2\/pages\/1263"}],"wp:attachment":[{"href":"https:\/\/www.nosm.ca\/fr\/wp-json\/wp\/v2\/media?parent=3991"}],"curies":[{"name":"wp","href":"https:\/\/api.w.org\/{rel}","templated":true}]}}