{"id":39587,"date":"2021-05-07T09:27:10","date_gmt":"2021-05-07T13:27:10","guid":{"rendered":"https:\/\/www.nosm.ca\/?page_id=39587"},"modified":"2025-02-04T09:37:15","modified_gmt":"2025-02-04T14:37:15","slug":"health-systems-impact","status":"publish","type":"page","link":"https:\/\/www.nosm.ca\/fr\/research\/dr-gilles-arcand-centre-for-health-equity\/merlin\/research-groups\/health-systems-impact\/","title":{"rendered":"Health Systems Impact"},"content":{"rendered":"<p class=\"qtranxs-available-languages-message qtranxs-available-languages-message-fr\">D\u00e9sol\u00e9,  cette entr\u00e9e de donn\u00e9es est seulement disponible en <a href=\"https:\/\/www.nosm.ca\/en\/wp-json\/wp\/v2\/pages\/39587\" class=\"qtranxs-available-language-link qtranxs-available-language-link-en\" title=\"English\">English<\/a>.<\/p>","protected":false},"excerpt":{"rendered":"<p>D\u00e9sol\u00e9, cette entr\u00e9e de donn\u00e9es est seulement disponible en English.<\/p>\n","protected":false},"author":16,"featured_media":0,"parent":59073,"menu_order":2,"comment_status":"closed","ping_status":"closed","template":"","meta":{"_acf_changed":false,"footnotes":""},"class_list":["post-39587","page","type-page","status-publish","hentry"],"acf":[],"_links":{"self":[{"href":"https:\/\/www.nosm.ca\/fr\/wp-json\/wp\/v2\/pages\/39587","targetHints":{"allow":["GET"]}}],"collection":[{"href":"https:\/\/www.nosm.ca\/fr\/wp-json\/wp\/v2\/pages"}],"about":[{"href":"https:\/\/www.nosm.ca\/fr\/wp-json\/wp\/v2\/types\/page"}],"author":[{"embeddable":true,"href":"https:\/\/www.nosm.ca\/fr\/wp-json\/wp\/v2\/users\/16"}],"replies":[{"embeddable":true,"href":"https:\/\/www.nosm.ca\/fr\/wp-json\/wp\/v2\/comments?post=39587"}],"version-history":[{"count":19,"href":"https:\/\/www.nosm.ca\/fr\/wp-json\/wp\/v2\/pages\/39587\/revisions"}],"predecessor-version":[{"id":75951,"href":"https:\/\/www.nosm.ca\/fr\/wp-json\/wp\/v2\/pages\/39587\/revisions\/75951"}],"up":[{"embeddable":true,"href":"https:\/\/www.nosm.ca\/fr\/wp-json\/wp\/v2\/pages\/59073"}],"wp:attachment":[{"href":"https:\/\/www.nosm.ca\/fr\/wp-json\/wp\/v2\/media?parent=39587"}],"curies":[{"name":"wp","href":"https:\/\/api.w.org\/{rel}","templated":true}]}}