{"id":38714,"date":"2021-03-05T14:50:20","date_gmt":"2021-03-05T19:50:20","guid":{"rendered":"https:\/\/www.nosm.ca\/?page_id=38714"},"modified":"2025-02-04T09:41:15","modified_gmt":"2025-02-04T14:41:15","slug":"rural-medical-education","status":"publish","type":"page","link":"https:\/\/www.nosm.ca\/fr\/research\/dr-gilles-arcand-centre-for-health-equity\/merlin\/research-groups\/rural-medical-education\/","title":{"rendered":"Rural Medical Education"},"content":{"rendered":"<p class=\"qtranxs-available-languages-message qtranxs-available-languages-message-fr\">D\u00e9sol\u00e9,  cette entr\u00e9e de donn\u00e9es est seulement disponible en <a href=\"https:\/\/www.nosm.ca\/en\/wp-json\/wp\/v2\/pages\/38714\" class=\"qtranxs-available-language-link qtranxs-available-language-link-en\" title=\"English\">English<\/a>.<\/p>","protected":false},"excerpt":{"rendered":"<p>D\u00e9sol\u00e9, cette entr\u00e9e de donn\u00e9es est seulement disponible en English.<\/p>\n","protected":false},"author":16,"featured_media":0,"parent":59073,"menu_order":4,"comment_status":"closed","ping_status":"closed","template":"","meta":{"_acf_changed":false,"footnotes":""},"class_list":["post-38714","page","type-page","status-publish","hentry"],"acf":[],"_links":{"self":[{"href":"https:\/\/www.nosm.ca\/fr\/wp-json\/wp\/v2\/pages\/38714","targetHints":{"allow":["GET"]}}],"collection":[{"href":"https:\/\/www.nosm.ca\/fr\/wp-json\/wp\/v2\/pages"}],"about":[{"href":"https:\/\/www.nosm.ca\/fr\/wp-json\/wp\/v2\/types\/page"}],"author":[{"embeddable":true,"href":"https:\/\/www.nosm.ca\/fr\/wp-json\/wp\/v2\/users\/16"}],"replies":[{"embeddable":true,"href":"https:\/\/www.nosm.ca\/fr\/wp-json\/wp\/v2\/comments?post=38714"}],"version-history":[{"count":43,"href":"https:\/\/www.nosm.ca\/fr\/wp-json\/wp\/v2\/pages\/38714\/revisions"}],"predecessor-version":[{"id":75955,"href":"https:\/\/www.nosm.ca\/fr\/wp-json\/wp\/v2\/pages\/38714\/revisions\/75955"}],"up":[{"embeddable":true,"href":"https:\/\/www.nosm.ca\/fr\/wp-json\/wp\/v2\/pages\/59073"}],"wp:attachment":[{"href":"https:\/\/www.nosm.ca\/fr\/wp-json\/wp\/v2\/media?parent=38714"}],"curies":[{"name":"wp","href":"https:\/\/api.w.org\/{rel}","templated":true}]}}