{"id":38011,"date":"2021-01-27T11:17:39","date_gmt":"2021-01-27T16:17:39","guid":{"rendered":"https:\/\/www.nosm.ca\/?page_id=38011"},"modified":"2025-01-30T11:51:21","modified_gmt":"2025-01-30T16:51:21","slug":"northern-ontario-school-of-medicine-research-toward-health-hub-northh","status":"publish","type":"page","link":"https:\/\/www.nosm.ca\/fr\/research\/dr-gilles-arcand-centre-for-health-equity\/northern-ontario-school-of-medicine-research-toward-health-hub-northh\/","title":{"rendered":"NOSM University Research Toward Health Hub (NORTHH)"},"content":{"rendered":"<p class=\"qtranxs-available-languages-message qtranxs-available-languages-message-fr\">D\u00e9sol\u00e9,  cette entr\u00e9e de donn\u00e9es est seulement disponible en <a href=\"https:\/\/www.nosm.ca\/en\/wp-json\/wp\/v2\/pages\/38011\" class=\"qtranxs-available-language-link qtranxs-available-language-link-en\" title=\"English\">English<\/a>.<\/p>","protected":false},"excerpt":{"rendered":"<p>D\u00e9sol\u00e9, cette entr\u00e9e de donn\u00e9es est seulement disponible en English.<\/p>\n","protected":false},"author":16,"featured_media":0,"parent":38001,"menu_order":5,"comment_status":"closed","ping_status":"closed","template":"","meta":{"_acf_changed":false,"footnotes":""},"class_list":["post-38011","page","type-page","status-publish","hentry"],"acf":[],"_links":{"self":[{"href":"https:\/\/www.nosm.ca\/fr\/wp-json\/wp\/v2\/pages\/38011","targetHints":{"allow":["GET"]}}],"collection":[{"href":"https:\/\/www.nosm.ca\/fr\/wp-json\/wp\/v2\/pages"}],"about":[{"href":"https:\/\/www.nosm.ca\/fr\/wp-json\/wp\/v2\/types\/page"}],"author":[{"embeddable":true,"href":"https:\/\/www.nosm.ca\/fr\/wp-json\/wp\/v2\/users\/16"}],"replies":[{"embeddable":true,"href":"https:\/\/www.nosm.ca\/fr\/wp-json\/wp\/v2\/comments?post=38011"}],"version-history":[{"count":50,"href":"https:\/\/www.nosm.ca\/fr\/wp-json\/wp\/v2\/pages\/38011\/revisions"}],"predecessor-version":[{"id":75803,"href":"https:\/\/www.nosm.ca\/fr\/wp-json\/wp\/v2\/pages\/38011\/revisions\/75803"}],"up":[{"embeddable":true,"href":"https:\/\/www.nosm.ca\/fr\/wp-json\/wp\/v2\/pages\/38001"}],"wp:attachment":[{"href":"https:\/\/www.nosm.ca\/fr\/wp-json\/wp\/v2\/media?parent=38011"}],"curies":[{"name":"wp","href":"https:\/\/api.w.org\/{rel}","templated":true}]}}