{"id":36099,"date":"2020-11-11T16:36:44","date_gmt":"2020-11-11T21:36:44","guid":{"rendered":"https:\/\/www.nosm.ca\/?page_id=36099"},"modified":"2026-02-12T15:07:07","modified_gmt":"2026-02-12T20:07:07","slug":"dr-shannon-green-memorial-fund","status":"publish","type":"page","link":"https:\/\/www.nosm.ca\/fr\/how-to-donate\/established-memorial-funds\/dr-shannon-green-memorial-fund\/","title":{"rendered":"Dr. Shannon Green Memorial Fund"},"content":{"rendered":"<p class=\"qtranxs-available-languages-message qtranxs-available-languages-message-fr\">D\u00e9sol\u00e9,  cette entr\u00e9e de donn\u00e9es est seulement disponible en <a href=\"https:\/\/www.nosm.ca\/en\/wp-json\/wp\/v2\/pages\/36099\" class=\"qtranxs-available-language-link qtranxs-available-language-link-en\" title=\"English\">English<\/a>.<\/p>","protected":false},"excerpt":{"rendered":"<p>D\u00e9sol\u00e9, cette entr\u00e9e de donn\u00e9es est seulement disponible en English.<\/p>\n","protected":false},"author":16,"featured_media":0,"parent":70561,"menu_order":9,"comment_status":"closed","ping_status":"closed","template":"page-templates\/bbox-form.php","meta":{"_acf_changed":false,"footnotes":""},"class_list":["post-36099","page","type-page","status-publish","hentry"],"acf":[],"_links":{"self":[{"href":"https:\/\/www.nosm.ca\/fr\/wp-json\/wp\/v2\/pages\/36099","targetHints":{"allow":["GET"]}}],"collection":[{"href":"https:\/\/www.nosm.ca\/fr\/wp-json\/wp\/v2\/pages"}],"about":[{"href":"https:\/\/www.nosm.ca\/fr\/wp-json\/wp\/v2\/types\/page"}],"author":[{"embeddable":true,"href":"https:\/\/www.nosm.ca\/fr\/wp-json\/wp\/v2\/users\/16"}],"replies":[{"embeddable":true,"href":"https:\/\/www.nosm.ca\/fr\/wp-json\/wp\/v2\/comments?post=36099"}],"version-history":[{"count":11,"href":"https:\/\/www.nosm.ca\/fr\/wp-json\/wp\/v2\/pages\/36099\/revisions"}],"predecessor-version":[{"id":82847,"href":"https:\/\/www.nosm.ca\/fr\/wp-json\/wp\/v2\/pages\/36099\/revisions\/82847"}],"up":[{"embeddable":true,"href":"https:\/\/www.nosm.ca\/fr\/wp-json\/wp\/v2\/pages\/70561"}],"wp:attachment":[{"href":"https:\/\/www.nosm.ca\/fr\/wp-json\/wp\/v2\/media?parent=36099"}],"curies":[{"name":"wp","href":"https:\/\/api.w.org\/{rel}","templated":true}]}}