{"id":35724,"date":"2020-10-29T10:10:51","date_gmt":"2020-10-29T14:10:51","guid":{"rendered":"https:\/\/www.nosm.ca\/?page_id=35724"},"modified":"2025-12-04T15:02:01","modified_gmt":"2025-12-04T15:02:01","slug":"annual-preceptor-awards","status":"publish","type":"page","link":"https:\/\/www.nosm.ca\/fr\/education\/dpp\/preceptors\/annual-preceptor-awards\/","title":{"rendered":"Annual Preceptor Awards"},"content":{"rendered":"<p class=\"qtranxs-available-languages-message qtranxs-available-languages-message-fr\">D\u00e9sol\u00e9,  cette entr\u00e9e de donn\u00e9es est seulement disponible en <a href=\"https:\/\/www.nosm.ca\/en\/wp-json\/wp\/v2\/pages\/35724\" class=\"qtranxs-available-language-link qtranxs-available-language-link-en\" title=\"English\">English<\/a>.<\/p>","protected":false},"excerpt":{"rendered":"<p>D\u00e9sol\u00e9, cette entr\u00e9e de donn\u00e9es est seulement disponible en English.<\/p>\n","protected":false},"author":16,"featured_media":0,"parent":35847,"menu_order":3,"comment_status":"closed","ping_status":"closed","template":"","meta":{"_acf_changed":false,"footnotes":""},"class_list":["post-35724","page","type-page","status-publish","hentry"],"acf":[],"_links":{"self":[{"href":"https:\/\/www.nosm.ca\/fr\/wp-json\/wp\/v2\/pages\/35724","targetHints":{"allow":["GET"]}}],"collection":[{"href":"https:\/\/www.nosm.ca\/fr\/wp-json\/wp\/v2\/pages"}],"about":[{"href":"https:\/\/www.nosm.ca\/fr\/wp-json\/wp\/v2\/types\/page"}],"author":[{"embeddable":true,"href":"https:\/\/www.nosm.ca\/fr\/wp-json\/wp\/v2\/users\/16"}],"replies":[{"embeddable":true,"href":"https:\/\/www.nosm.ca\/fr\/wp-json\/wp\/v2\/comments?post=35724"}],"version-history":[{"count":61,"href":"https:\/\/www.nosm.ca\/fr\/wp-json\/wp\/v2\/pages\/35724\/revisions"}],"predecessor-version":[{"id":81924,"href":"https:\/\/www.nosm.ca\/fr\/wp-json\/wp\/v2\/pages\/35724\/revisions\/81924"}],"up":[{"embeddable":true,"href":"https:\/\/www.nosm.ca\/fr\/wp-json\/wp\/v2\/pages\/35847"}],"wp:attachment":[{"href":"https:\/\/www.nosm.ca\/fr\/wp-json\/wp\/v2\/media?parent=35724"}],"curies":[{"name":"wp","href":"https:\/\/api.w.org\/{rel}","templated":true}]}}