{"id":35577,"date":"2020-10-23T15:42:24","date_gmt":"2020-10-23T19:42:24","guid":{"rendered":"https:\/\/www.nosm.ca\/?page_id=35577"},"modified":"2025-10-29T10:08:15","modified_gmt":"2025-10-29T14:08:15","slug":"employment-equity-and-diversity","status":"publish","type":"page","link":"https:\/\/www.nosm.ca\/fr\/about\/administrative-offices\/human-resources\/employment-equity-and-diversity\/","title":{"rendered":"Employment Equity and Diversity"},"content":{"rendered":"<p class=\"qtranxs-available-languages-message qtranxs-available-languages-message-fr\">D\u00e9sol\u00e9,  cette entr\u00e9e de donn\u00e9es est seulement disponible en <a href=\"https:\/\/www.nosm.ca\/en\/wp-json\/wp\/v2\/pages\/35577\" class=\"qtranxs-available-language-link qtranxs-available-language-link-en\" title=\"English\">English<\/a>.<\/p>","protected":false},"excerpt":{"rendered":"<p>D\u00e9sol\u00e9, cette entr\u00e9e de donn\u00e9es est seulement disponible en English.<\/p>\n","protected":false},"author":130,"featured_media":0,"parent":1257,"menu_order":1,"comment_status":"closed","ping_status":"closed","template":"","meta":{"_acf_changed":false,"footnotes":""},"class_list":["post-35577","page","type-page","status-publish","hentry"],"acf":[],"_links":{"self":[{"href":"https:\/\/www.nosm.ca\/fr\/wp-json\/wp\/v2\/pages\/35577","targetHints":{"allow":["GET"]}}],"collection":[{"href":"https:\/\/www.nosm.ca\/fr\/wp-json\/wp\/v2\/pages"}],"about":[{"href":"https:\/\/www.nosm.ca\/fr\/wp-json\/wp\/v2\/types\/page"}],"author":[{"embeddable":true,"href":"https:\/\/www.nosm.ca\/fr\/wp-json\/wp\/v2\/users\/130"}],"replies":[{"embeddable":true,"href":"https:\/\/www.nosm.ca\/fr\/wp-json\/wp\/v2\/comments?post=35577"}],"version-history":[{"count":11,"href":"https:\/\/www.nosm.ca\/fr\/wp-json\/wp\/v2\/pages\/35577\/revisions"}],"predecessor-version":[{"id":81302,"href":"https:\/\/www.nosm.ca\/fr\/wp-json\/wp\/v2\/pages\/35577\/revisions\/81302"}],"up":[{"embeddable":true,"href":"https:\/\/www.nosm.ca\/fr\/wp-json\/wp\/v2\/pages\/1257"}],"wp:attachment":[{"href":"https:\/\/www.nosm.ca\/fr\/wp-json\/wp\/v2\/media?parent=35577"}],"curies":[{"name":"wp","href":"https:\/\/api.w.org\/{rel}","templated":true}]}}