{"id":35503,"date":"2020-10-22T12:05:01","date_gmt":"2020-10-22T16:05:01","guid":{"rendered":"https:\/\/www.nosm.ca\/?page_id=35503"},"modified":"2024-06-17T13:15:48","modified_gmt":"2024-06-17T17:15:48","slug":"clinical-learning-liaisons-west","status":"publish","type":"page","link":"https:\/\/www.nosm.ca\/fr\/education\/rehabilitation-studies\/about-us\/clinical-learning-liaisons-west\/","title":{"rendered":"Clinical Learning Liaisons &#8211; West"},"content":{"rendered":"<p class=\"qtranxs-available-languages-message qtranxs-available-languages-message-fr\">D\u00e9sol\u00e9,  cette entr\u00e9e de donn\u00e9es est seulement disponible en <a href=\"https:\/\/www.nosm.ca\/en\/wp-json\/wp\/v2\/pages\/35503\" class=\"qtranxs-available-language-link qtranxs-available-language-link-en\" title=\"English\">English<\/a>.<\/p>","protected":false},"excerpt":{"rendered":"<p>D\u00e9sol\u00e9, cette entr\u00e9e de donn\u00e9es est seulement disponible en English.<\/p>\n","protected":false},"author":16,"featured_media":0,"parent":14734,"menu_order":3,"comment_status":"closed","ping_status":"closed","template":"","meta":{"_acf_changed":false,"footnotes":""},"class_list":["post-35503","page","type-page","status-publish","hentry"],"acf":[],"_links":{"self":[{"href":"https:\/\/www.nosm.ca\/fr\/wp-json\/wp\/v2\/pages\/35503","targetHints":{"allow":["GET"]}}],"collection":[{"href":"https:\/\/www.nosm.ca\/fr\/wp-json\/wp\/v2\/pages"}],"about":[{"href":"https:\/\/www.nosm.ca\/fr\/wp-json\/wp\/v2\/types\/page"}],"author":[{"embeddable":true,"href":"https:\/\/www.nosm.ca\/fr\/wp-json\/wp\/v2\/users\/16"}],"replies":[{"embeddable":true,"href":"https:\/\/www.nosm.ca\/fr\/wp-json\/wp\/v2\/comments?post=35503"}],"version-history":[{"count":10,"href":"https:\/\/www.nosm.ca\/fr\/wp-json\/wp\/v2\/pages\/35503\/revisions"}],"predecessor-version":[{"id":69687,"href":"https:\/\/www.nosm.ca\/fr\/wp-json\/wp\/v2\/pages\/35503\/revisions\/69687"}],"up":[{"embeddable":true,"href":"https:\/\/www.nosm.ca\/fr\/wp-json\/wp\/v2\/pages\/14734"}],"wp:attachment":[{"href":"https:\/\/www.nosm.ca\/fr\/wp-json\/wp\/v2\/media?parent=35503"}],"curies":[{"name":"wp","href":"https:\/\/api.w.org\/{rel}","templated":true}]}}