{"id":35416,"date":"2020-10-20T11:57:37","date_gmt":"2020-10-20T15:57:37","guid":{"rendered":"https:\/\/www.nosm.ca\/?page_id=35416"},"modified":"2024-10-23T14:09:31","modified_gmt":"2024-10-23T18:09:31","slug":"housing","status":"publish","type":"page","link":"https:\/\/www.nosm.ca\/fr\/our-community\/wider-campus-of-the-northern-ontario-school-of-medicine\/housing\/","title":{"rendered":"Welcome to NOSM University Housing!"},"content":{"rendered":"<p class=\"qtranxs-available-languages-message qtranxs-available-languages-message-fr\">D\u00e9sol\u00e9,  cette entr\u00e9e de donn\u00e9es est seulement disponible en <a href=\"https:\/\/www.nosm.ca\/en\/wp-json\/wp\/v2\/pages\/35416\" class=\"qtranxs-available-language-link qtranxs-available-language-link-en\" title=\"English\">English<\/a>.<\/p>","protected":false},"excerpt":{"rendered":"<p>D\u00e9sol\u00e9, cette entr\u00e9e de donn\u00e9es est seulement disponible en English.<\/p>\n","protected":false},"author":16,"featured_media":0,"parent":8420,"menu_order":3,"comment_status":"closed","ping_status":"closed","template":"page-templates\/pg-landing2.php","meta":{"_acf_changed":false,"footnotes":""},"class_list":["post-35416","page","type-page","status-publish","hentry"],"acf":[],"_links":{"self":[{"href":"https:\/\/www.nosm.ca\/fr\/wp-json\/wp\/v2\/pages\/35416","targetHints":{"allow":["GET"]}}],"collection":[{"href":"https:\/\/www.nosm.ca\/fr\/wp-json\/wp\/v2\/pages"}],"about":[{"href":"https:\/\/www.nosm.ca\/fr\/wp-json\/wp\/v2\/types\/page"}],"author":[{"embeddable":true,"href":"https:\/\/www.nosm.ca\/fr\/wp-json\/wp\/v2\/users\/16"}],"replies":[{"embeddable":true,"href":"https:\/\/www.nosm.ca\/fr\/wp-json\/wp\/v2\/comments?post=35416"}],"version-history":[{"count":22,"href":"https:\/\/www.nosm.ca\/fr\/wp-json\/wp\/v2\/pages\/35416\/revisions"}],"predecessor-version":[{"id":72480,"href":"https:\/\/www.nosm.ca\/fr\/wp-json\/wp\/v2\/pages\/35416\/revisions\/72480"}],"up":[{"embeddable":true,"href":"https:\/\/www.nosm.ca\/fr\/wp-json\/wp\/v2\/pages\/8420"}],"wp:attachment":[{"href":"https:\/\/www.nosm.ca\/fr\/wp-json\/wp\/v2\/media?parent=35416"}],"curies":[{"name":"wp","href":"https:\/\/api.w.org\/{rel}","templated":true}]}}