{"id":35124,"date":"2020-10-07T14:46:01","date_gmt":"2020-10-07T18:46:01","guid":{"rendered":"https:\/\/www.nosm.ca\/?page_id=35124"},"modified":"2023-03-20T16:33:09","modified_gmt":"2023-03-20T20:33:09","slug":"about-administrative-offices-human-resources-work-at-nosm-helpful-tips-for-applicants","status":"publish","type":"page","link":"https:\/\/www.nosm.ca\/fr\/about\/administrative-offices\/human-resources\/work-at-nosm\/how-to-apply\/about-administrative-offices-human-resources-work-at-nosm-helpful-tips-for-applicants\/","title":{"rendered":"Helpful Tips for Applicants"},"content":{"rendered":"<p class=\"qtranxs-available-languages-message qtranxs-available-languages-message-fr\">D\u00e9sol\u00e9,  cette entr\u00e9e de donn\u00e9es est seulement disponible en <a href=\"https:\/\/www.nosm.ca\/en\/wp-json\/wp\/v2\/pages\/35124\" class=\"qtranxs-available-language-link qtranxs-available-language-link-en\" title=\"English\">English<\/a>.<\/p>","protected":false},"excerpt":{"rendered":"<p>D\u00e9sol\u00e9, cette entr\u00e9e de donn\u00e9es est seulement disponible en English.<\/p>\n","protected":false},"author":130,"featured_media":0,"parent":1259,"menu_order":2,"comment_status":"closed","ping_status":"closed","template":"","meta":{"_acf_changed":false,"footnotes":""},"class_list":["post-35124","page","type-page","status-publish","hentry"],"acf":[],"_links":{"self":[{"href":"https:\/\/www.nosm.ca\/fr\/wp-json\/wp\/v2\/pages\/35124","targetHints":{"allow":["GET"]}}],"collection":[{"href":"https:\/\/www.nosm.ca\/fr\/wp-json\/wp\/v2\/pages"}],"about":[{"href":"https:\/\/www.nosm.ca\/fr\/wp-json\/wp\/v2\/types\/page"}],"author":[{"embeddable":true,"href":"https:\/\/www.nosm.ca\/fr\/wp-json\/wp\/v2\/users\/130"}],"replies":[{"embeddable":true,"href":"https:\/\/www.nosm.ca\/fr\/wp-json\/wp\/v2\/comments?post=35124"}],"version-history":[{"count":22,"href":"https:\/\/www.nosm.ca\/fr\/wp-json\/wp\/v2\/pages\/35124\/revisions"}],"predecessor-version":[{"id":60084,"href":"https:\/\/www.nosm.ca\/fr\/wp-json\/wp\/v2\/pages\/35124\/revisions\/60084"}],"up":[{"embeddable":true,"href":"https:\/\/www.nosm.ca\/fr\/wp-json\/wp\/v2\/pages\/1259"}],"wp:attachment":[{"href":"https:\/\/www.nosm.ca\/fr\/wp-json\/wp\/v2\/media?parent=35124"}],"curies":[{"name":"wp","href":"https:\/\/api.w.org\/{rel}","templated":true}]}}