{"id":34790,"date":"2020-09-29T11:09:27","date_gmt":"2020-09-29T15:09:27","guid":{"rendered":"https:\/\/www.nosm.ca\/?page_id=34790"},"modified":"2026-04-02T09:42:23","modified_gmt":"2026-04-02T13:42:23","slug":"research-newsletter","status":"publish","type":"page","link":"https:\/\/www.nosm.ca\/fr\/research\/research-conferences-gatherings-and-publications\/research-newsletter\/","title":{"rendered":"Research Newsletter: RESEARCH MATTERS"},"content":{"rendered":"<p class=\"qtranxs-available-languages-message qtranxs-available-languages-message-fr\">D\u00e9sol\u00e9,  cette entr\u00e9e de donn\u00e9es est seulement disponible en <a href=\"https:\/\/www.nosm.ca\/en\/wp-json\/wp\/v2\/pages\/34790\" class=\"qtranxs-available-language-link qtranxs-available-language-link-en\" title=\"English\">English<\/a>.<\/p>","protected":false},"excerpt":{"rendered":"<p>D\u00e9sol\u00e9, cette entr\u00e9e de donn\u00e9es est seulement disponible en English.<\/p>\n","protected":false},"author":16,"featured_media":0,"parent":8174,"menu_order":1,"comment_status":"closed","ping_status":"closed","template":"page-templates\/just-buttons.php","meta":{"_acf_changed":false,"footnotes":""},"class_list":["post-34790","page","type-page","status-publish","hentry"],"acf":[],"_links":{"self":[{"href":"https:\/\/www.nosm.ca\/fr\/wp-json\/wp\/v2\/pages\/34790","targetHints":{"allow":["GET"]}}],"collection":[{"href":"https:\/\/www.nosm.ca\/fr\/wp-json\/wp\/v2\/pages"}],"about":[{"href":"https:\/\/www.nosm.ca\/fr\/wp-json\/wp\/v2\/types\/page"}],"author":[{"embeddable":true,"href":"https:\/\/www.nosm.ca\/fr\/wp-json\/wp\/v2\/users\/16"}],"replies":[{"embeddable":true,"href":"https:\/\/www.nosm.ca\/fr\/wp-json\/wp\/v2\/comments?post=34790"}],"version-history":[{"count":135,"href":"https:\/\/www.nosm.ca\/fr\/wp-json\/wp\/v2\/pages\/34790\/revisions"}],"predecessor-version":[{"id":83863,"href":"https:\/\/www.nosm.ca\/fr\/wp-json\/wp\/v2\/pages\/34790\/revisions\/83863"}],"up":[{"embeddable":true,"href":"https:\/\/www.nosm.ca\/fr\/wp-json\/wp\/v2\/pages\/8174"}],"wp:attachment":[{"href":"https:\/\/www.nosm.ca\/fr\/wp-json\/wp\/v2\/media?parent=34790"}],"curies":[{"name":"wp","href":"https:\/\/api.w.org\/{rel}","templated":true}]}}