{"id":34147,"date":"2020-09-10T15:34:48","date_gmt":"2020-09-10T19:34:48","guid":{"rendered":"https:\/\/www.nosm.ca\/?page_id=34147"},"modified":"2026-01-07T15:39:59","modified_gmt":"2026-01-07T20:39:59","slug":"application-deadlines","status":"publish","type":"page","link":"https:\/\/www.nosm.ca\/fr\/education\/rehabilitation-studies\/for-applicants\/application-deadlines\/","title":{"rendered":"Application Deadlines"},"content":{"rendered":"<p class=\"qtranxs-available-languages-message qtranxs-available-languages-message-fr\">D\u00e9sol\u00e9,  cette entr\u00e9e de donn\u00e9es est seulement disponible en <a href=\"https:\/\/www.nosm.ca\/en\/wp-json\/wp\/v2\/pages\/34147\" class=\"qtranxs-available-language-link qtranxs-available-language-link-en\" title=\"English\">English<\/a>.<\/p>","protected":false},"excerpt":{"rendered":"<p>D\u00e9sol\u00e9, cette entr\u00e9e de donn\u00e9es est seulement disponible en English.<\/p>\n","protected":false},"author":41,"featured_media":0,"parent":8196,"menu_order":1,"comment_status":"closed","ping_status":"closed","template":"","meta":{"_acf_changed":false,"footnotes":""},"class_list":["post-34147","page","type-page","status-publish","hentry"],"acf":[],"_links":{"self":[{"href":"https:\/\/www.nosm.ca\/fr\/wp-json\/wp\/v2\/pages\/34147","targetHints":{"allow":["GET"]}}],"collection":[{"href":"https:\/\/www.nosm.ca\/fr\/wp-json\/wp\/v2\/pages"}],"about":[{"href":"https:\/\/www.nosm.ca\/fr\/wp-json\/wp\/v2\/types\/page"}],"author":[{"embeddable":true,"href":"https:\/\/www.nosm.ca\/fr\/wp-json\/wp\/v2\/users\/41"}],"replies":[{"embeddable":true,"href":"https:\/\/www.nosm.ca\/fr\/wp-json\/wp\/v2\/comments?post=34147"}],"version-history":[{"count":28,"href":"https:\/\/www.nosm.ca\/fr\/wp-json\/wp\/v2\/pages\/34147\/revisions"}],"predecessor-version":[{"id":82238,"href":"https:\/\/www.nosm.ca\/fr\/wp-json\/wp\/v2\/pages\/34147\/revisions\/82238"}],"up":[{"embeddable":true,"href":"https:\/\/www.nosm.ca\/fr\/wp-json\/wp\/v2\/pages\/8196"}],"wp:attachment":[{"href":"https:\/\/www.nosm.ca\/fr\/wp-json\/wp\/v2\/media?parent=34147"}],"curies":[{"name":"wp","href":"https:\/\/api.w.org\/{rel}","templated":true}]}}