{"id":33288,"date":"2020-08-19T11:38:19","date_gmt":"2020-08-19T15:38:19","guid":{"rendered":"https:\/\/www.nosm.ca\/?page_id=33288"},"modified":"2025-11-03T14:27:26","modified_gmt":"2025-11-03T19:27:26","slug":"national-day-for-truth-and-reconciliation-donation-page","status":"publish","type":"page","link":"https:\/\/www.nosm.ca\/fr\/our-community\/indigenous-medical-education\/upcoming-events\/national-day-for-truth-and-reconciliation\/national-day-for-truth-and-reconciliation-donation-page\/","title":{"rendered":"Donate to the Truth Award \u2013 Make an Impact"},"content":{"rendered":"<p class=\"qtranxs-available-languages-message qtranxs-available-languages-message-fr\">D\u00e9sol\u00e9,  cette entr\u00e9e de donn\u00e9es est seulement disponible en <a href=\"https:\/\/www.nosm.ca\/en\/wp-json\/wp\/v2\/pages\/33288\" class=\"qtranxs-available-language-link qtranxs-available-language-link-en\" title=\"English\">English<\/a>.<\/p>","protected":false},"excerpt":{"rendered":"<p>D\u00e9sol\u00e9, cette entr\u00e9e de donn\u00e9es est seulement disponible en English.<\/p>\n","protected":false},"author":115,"featured_media":0,"parent":24017,"menu_order":1,"comment_status":"closed","ping_status":"closed","template":"page-templates\/bbox-form.php","meta":{"_acf_changed":false,"footnotes":""},"class_list":["post-33288","page","type-page","status-publish","hentry"],"acf":[],"_links":{"self":[{"href":"https:\/\/www.nosm.ca\/fr\/wp-json\/wp\/v2\/pages\/33288","targetHints":{"allow":["GET"]}}],"collection":[{"href":"https:\/\/www.nosm.ca\/fr\/wp-json\/wp\/v2\/pages"}],"about":[{"href":"https:\/\/www.nosm.ca\/fr\/wp-json\/wp\/v2\/types\/page"}],"author":[{"embeddable":true,"href":"https:\/\/www.nosm.ca\/fr\/wp-json\/wp\/v2\/users\/115"}],"replies":[{"embeddable":true,"href":"https:\/\/www.nosm.ca\/fr\/wp-json\/wp\/v2\/comments?post=33288"}],"version-history":[{"count":9,"href":"https:\/\/www.nosm.ca\/fr\/wp-json\/wp\/v2\/pages\/33288\/revisions"}],"predecessor-version":[{"id":80493,"href":"https:\/\/www.nosm.ca\/fr\/wp-json\/wp\/v2\/pages\/33288\/revisions\/80493"}],"up":[{"embeddable":true,"href":"https:\/\/www.nosm.ca\/fr\/wp-json\/wp\/v2\/pages\/24017"}],"wp:attachment":[{"href":"https:\/\/www.nosm.ca\/fr\/wp-json\/wp\/v2\/media?parent=33288"}],"curies":[{"name":"wp","href":"https:\/\/api.w.org\/{rel}","templated":true}]}}