{"id":31131,"date":"2020-05-14T13:07:53","date_gmt":"2020-05-14T17:07:53","guid":{"rendered":"https:\/\/www.nosm.ca\/?page_id=31131"},"modified":"2024-11-06T10:14:26","modified_gmt":"2024-11-06T15:14:26","slug":"contact-us","status":"publish","type":"page","link":"https:\/\/www.nosm.ca\/fr\/alumni\/contact-us\/","title":{"rendered":""},"content":{"rendered":"<p><\/p>\n<h2><img loading=\"lazy\" decoding=\"async\" class=\"wp-image-31035 size-full aligncenter\" src=\"https:\/\/www.nosm.ca\/wp-content\/uploads\/2020\/05\/Alumni-Banner_WebENG.jpg\" alt=\"\" width=\"1800\" height=\"650\" srcset=\"https:\/\/www.nosm.ca\/wp-content\/uploads\/2020\/05\/Alumni-Banner_WebENG.jpg 1800w, https:\/\/www.nosm.ca\/wp-content\/uploads\/2020\/05\/Alumni-Banner_WebENG-300x108.jpg 300w, https:\/\/www.nosm.ca\/wp-content\/uploads\/2020\/05\/Alumni-Banner_WebENG-1024x370.jpg 1024w, https:\/\/www.nosm.ca\/wp-content\/uploads\/2020\/05\/Alumni-Banner_WebENG-768x277.jpg 768w, https:\/\/www.nosm.ca\/wp-content\/uploads\/2020\/05\/Alumni-Banner_WebENG-1536x555.jpg 1536w\" sizes=\"auto, (max-width: 1800px) 100vw, 1800px\" \/><\/h2>\n<h2><strong>Restez en contact<\/strong><\/h2>\n<p>Vous avez une histoire en t\u00eate? Nous aimerions la conna\u00eetre.\u00a0<a href=\"https:\/\/goo.gl\/forms\/RI5RCkjj5YgJuB4w1\" target=\"_blank\" rel=\"noopener\"><strong>Racontez-nous votre histoire<\/strong><\/a>!<\/p>\n<p>Renseignez-vous sur les \u00e9v\u00e9nements \u00e0 venir, partagez vos souvenirs de l&rsquo;EMNO et voyez o\u00f9 vos camarades de classe se trouvent maintenant. <a href=\"https:\/\/www.nosm.ca\/advancement\/alumni\/stay-connected\/\" target=\"_blank\" rel=\"noopener\"><strong>Mettez vos coordonn\u00e9es \u00e0 jour ici<\/strong><\/a>.<\/p>\n<p><a href=\"https:\/\/www.nosm.ca\/advancement\/alumni\/stay-connected\/\" target=\"_blank\" rel=\"noopener\"><strong>Abonnez-vous<\/strong><\/a>\u00a0\u00e0 notre nouveau Bulletin des dipl\u00f4m\u00e9es et dipl\u00f4m\u00e9s de l&rsquo;EMNO.<\/p>\n<p>Restez en contact avec vos camarades de classe sur Twitter en utilisant\u00a0<a href=\"https:\/\/twitter.com\/hashtag\/NOSMAlumni\" target=\"_blank\" rel=\"noopener\"><strong>#Dipl\u00f4m\u00e9sEMNO<\/strong><\/a><a class=\"twitter-timeline\" href=\"https:\/\/twitter.com\/hashtag\/NOSMAlumni\"> <img loading=\"lazy\" decoding=\"async\" class=\"wp-image-30240 alignnone\" src=\"https:\/\/www.nosm.ca\/wp-content\/uploads\/2020\/04\/twitter-150x150.png\" alt=\"\" width=\"36\" height=\"36\" \/><\/a><\/p>\n<h2>Questions?<\/h2>\n<p>Transmettez vos questions au bureau des dipl\u00f4m\u00e9es et dipl\u00f4m\u00e9s \u00e0 <a href=\"mailto:alumni@nosm.ca.\" target=\"_blank\" rel=\"noopener\">alumni@nosm.ca.<\/a><\/p>\n<p>Voulez-vous faire \u00e0 votre tour un geste pour l&rsquo;EMNO?\u00a0<strong>Faites un don ici.<\/strong><\/p>","protected":false},"excerpt":{"rendered":"<p>Restez en contact Vous avez une histoire en t\u00eate? Nous aimerions la conna\u00eetre.\u00a0Racontez-nous votre histoire! Renseignez-vous sur les \u00e9v\u00e9nements \u00e0 venir, partagez vos souvenirs de l&rsquo;EMNO et voyez o\u00f9 vos camarades de classe se trouvent maintenant. Mettez vos coordonn\u00e9es \u00e0 jour ici. Abonnez-vous\u00a0\u00e0 notre nouveau Bulletin des dipl\u00f4m\u00e9es et dipl\u00f4m\u00e9s de l&rsquo;EMNO. Restez en contact &hellip; <a href=\"https:\/\/www.nosm.ca\/fr\/alumni\/contact-us\/\" class=\"more-link\">Continue reading <span class=\"screen-reader-text\"><\/span> <span class=\"meta-nav\">&rarr;<\/span><\/a><\/p>\n","protected":false},"author":16,"featured_media":0,"parent":8448,"menu_order":11,"comment_status":"closed","ping_status":"closed","template":"","meta":{"_acf_changed":false,"footnotes":""},"class_list":["post-31131","page","type-page","status-publish","hentry"],"acf":[],"_links":{"self":[{"href":"https:\/\/www.nosm.ca\/fr\/wp-json\/wp\/v2\/pages\/31131","targetHints":{"allow":["GET"]}}],"collection":[{"href":"https:\/\/www.nosm.ca\/fr\/wp-json\/wp\/v2\/pages"}],"about":[{"href":"https:\/\/www.nosm.ca\/fr\/wp-json\/wp\/v2\/types\/page"}],"author":[{"embeddable":true,"href":"https:\/\/www.nosm.ca\/fr\/wp-json\/wp\/v2\/users\/16"}],"replies":[{"embeddable":true,"href":"https:\/\/www.nosm.ca\/fr\/wp-json\/wp\/v2\/comments?post=31131"}],"version-history":[{"count":13,"href":"https:\/\/www.nosm.ca\/fr\/wp-json\/wp\/v2\/pages\/31131\/revisions"}],"predecessor-version":[{"id":72991,"href":"https:\/\/www.nosm.ca\/fr\/wp-json\/wp\/v2\/pages\/31131\/revisions\/72991"}],"up":[{"embeddable":true,"href":"https:\/\/www.nosm.ca\/fr\/wp-json\/wp\/v2\/pages\/8448"}],"wp:attachment":[{"href":"https:\/\/www.nosm.ca\/fr\/wp-json\/wp\/v2\/media?parent=31131"}],"curies":[{"name":"wp","href":"https:\/\/api.w.org\/{rel}","templated":true}]}}