{"id":30196,"date":"2020-04-14T16:55:10","date_gmt":"2020-04-14T20:55:10","guid":{"rendered":"https:\/\/www.nosm.ca\/?page_id=30196"},"modified":"2026-03-27T09:53:11","modified_gmt":"2026-03-27T13:53:11","slug":"new-residents","status":"publish","type":"page","link":"https:\/\/www.nosm.ca\/fr\/pgme-office\/current-residents\/new-residents\/","title":{"rendered":"Onboarding for New Residents"},"content":{"rendered":"<p class=\"qtranxs-available-languages-message qtranxs-available-languages-message-fr\">D\u00e9sol\u00e9,  cette entr\u00e9e de donn\u00e9es est seulement disponible en <a href=\"https:\/\/www.nosm.ca\/en\/wp-json\/wp\/v2\/pages\/30196\" class=\"qtranxs-available-language-link qtranxs-available-language-link-en\" title=\"English\">English<\/a>.<\/p>","protected":false},"excerpt":{"rendered":"<p>D\u00e9sol\u00e9, cette entr\u00e9e de donn\u00e9es est seulement disponible en English.<\/p>\n","protected":false},"author":212,"featured_media":0,"parent":79057,"menu_order":7,"comment_status":"closed","ping_status":"closed","template":"","meta":{"_acf_changed":false,"footnotes":""},"class_list":["post-30196","page","type-page","status-publish","hentry"],"acf":[],"_links":{"self":[{"href":"https:\/\/www.nosm.ca\/fr\/wp-json\/wp\/v2\/pages\/30196","targetHints":{"allow":["GET"]}}],"collection":[{"href":"https:\/\/www.nosm.ca\/fr\/wp-json\/wp\/v2\/pages"}],"about":[{"href":"https:\/\/www.nosm.ca\/fr\/wp-json\/wp\/v2\/types\/page"}],"author":[{"embeddable":true,"href":"https:\/\/www.nosm.ca\/fr\/wp-json\/wp\/v2\/users\/212"}],"replies":[{"embeddable":true,"href":"https:\/\/www.nosm.ca\/fr\/wp-json\/wp\/v2\/comments?post=30196"}],"version-history":[{"count":275,"href":"https:\/\/www.nosm.ca\/fr\/wp-json\/wp\/v2\/pages\/30196\/revisions"}],"predecessor-version":[{"id":83736,"href":"https:\/\/www.nosm.ca\/fr\/wp-json\/wp\/v2\/pages\/30196\/revisions\/83736"}],"up":[{"embeddable":true,"href":"https:\/\/www.nosm.ca\/fr\/wp-json\/wp\/v2\/pages\/79057"}],"wp:attachment":[{"href":"https:\/\/www.nosm.ca\/fr\/wp-json\/wp\/v2\/media?parent=30196"}],"curies":[{"name":"wp","href":"https:\/\/api.w.org\/{rel}","templated":true}]}}