{"id":28218,"date":"2020-04-24T14:03:13","date_gmt":"2020-04-24T18:03:13","guid":{"rendered":"https:\/\/www.nosm.ca\/?page_id=28218"},"modified":"2026-04-16T09:10:19","modified_gmt":"2026-04-16T13:10:19","slug":"graduate-studies-supervisors","status":"publish","type":"page","link":"https:\/\/www.nosm.ca\/fr\/research\/graduate-studies\/master-of-medical-studies\/graduate-studies-supervisors\/","title":{"rendered":"Supervisors, Co-Supervisors and Committee Members"},"content":{"rendered":"<p class=\"qtranxs-available-languages-message qtranxs-available-languages-message-fr\">D\u00e9sol\u00e9,  cette entr\u00e9e de donn\u00e9es est seulement disponible en <a href=\"https:\/\/www.nosm.ca\/en\/wp-json\/wp\/v2\/pages\/28218\" class=\"qtranxs-available-language-link qtranxs-available-language-link-en\" title=\"English\">English<\/a>.<\/p>","protected":false},"excerpt":{"rendered":"<p>D\u00e9sol\u00e9, cette entr\u00e9e de donn\u00e9es est seulement disponible en English.<\/p>\n","protected":false},"author":166,"featured_media":0,"parent":30510,"menu_order":6,"comment_status":"closed","ping_status":"closed","template":"","meta":{"_acf_changed":false,"footnotes":""},"class_list":["post-28218","page","type-page","status-publish","hentry"],"acf":[],"_links":{"self":[{"href":"https:\/\/www.nosm.ca\/fr\/wp-json\/wp\/v2\/pages\/28218","targetHints":{"allow":["GET"]}}],"collection":[{"href":"https:\/\/www.nosm.ca\/fr\/wp-json\/wp\/v2\/pages"}],"about":[{"href":"https:\/\/www.nosm.ca\/fr\/wp-json\/wp\/v2\/types\/page"}],"author":[{"embeddable":true,"href":"https:\/\/www.nosm.ca\/fr\/wp-json\/wp\/v2\/users\/166"}],"replies":[{"embeddable":true,"href":"https:\/\/www.nosm.ca\/fr\/wp-json\/wp\/v2\/comments?post=28218"}],"version-history":[{"count":173,"href":"https:\/\/www.nosm.ca\/fr\/wp-json\/wp\/v2\/pages\/28218\/revisions"}],"predecessor-version":[{"id":83982,"href":"https:\/\/www.nosm.ca\/fr\/wp-json\/wp\/v2\/pages\/28218\/revisions\/83982"}],"up":[{"embeddable":true,"href":"https:\/\/www.nosm.ca\/fr\/wp-json\/wp\/v2\/pages\/30510"}],"wp:attachment":[{"href":"https:\/\/www.nosm.ca\/fr\/wp-json\/wp\/v2\/media?parent=28218"}],"curies":[{"name":"wp","href":"https:\/\/api.w.org\/{rel}","templated":true}]}}