{"id":27812,"date":"2020-01-20T13:03:12","date_gmt":"2020-01-20T18:03:12","guid":{"rendered":"https:\/\/www.nosm.ca\/?page_id=27812"},"modified":"2026-01-08T14:25:53","modified_gmt":"2026-01-08T19:25:53","slug":"meeting-procedures-agenda-and-presentations","status":"publish","type":"page","link":"https:\/\/www.nosm.ca\/fr\/about\/governance\/board\/meeting-schedule\/meeting-procedures-agenda-and-presentations\/","title":{"rendered":"Meeting Procedures, Agenda and Presentations"},"content":{"rendered":"<p class=\"qtranxs-available-languages-message qtranxs-available-languages-message-fr\">D\u00e9sol\u00e9,  cette entr\u00e9e de donn\u00e9es est seulement disponible en <a href=\"https:\/\/www.nosm.ca\/en\/wp-json\/wp\/v2\/pages\/27812\" class=\"qtranxs-available-language-link qtranxs-available-language-link-en\" title=\"English\">English<\/a>.<\/p>","protected":false},"excerpt":{"rendered":"<p>D\u00e9sol\u00e9, cette entr\u00e9e de donn\u00e9es est seulement disponible en English.<\/p>\n","protected":false},"author":16,"featured_media":0,"parent":1633,"menu_order":2,"comment_status":"closed","ping_status":"closed","template":"","meta":{"_acf_changed":false,"footnotes":""},"class_list":["post-27812","page","type-page","status-publish","hentry"],"acf":[],"_links":{"self":[{"href":"https:\/\/www.nosm.ca\/fr\/wp-json\/wp\/v2\/pages\/27812","targetHints":{"allow":["GET"]}}],"collection":[{"href":"https:\/\/www.nosm.ca\/fr\/wp-json\/wp\/v2\/pages"}],"about":[{"href":"https:\/\/www.nosm.ca\/fr\/wp-json\/wp\/v2\/types\/page"}],"author":[{"embeddable":true,"href":"https:\/\/www.nosm.ca\/fr\/wp-json\/wp\/v2\/users\/16"}],"replies":[{"embeddable":true,"href":"https:\/\/www.nosm.ca\/fr\/wp-json\/wp\/v2\/comments?post=27812"}],"version-history":[{"count":17,"href":"https:\/\/www.nosm.ca\/fr\/wp-json\/wp\/v2\/pages\/27812\/revisions"}],"predecessor-version":[{"id":82261,"href":"https:\/\/www.nosm.ca\/fr\/wp-json\/wp\/v2\/pages\/27812\/revisions\/82261"}],"up":[{"embeddable":true,"href":"https:\/\/www.nosm.ca\/fr\/wp-json\/wp\/v2\/pages\/1633"}],"wp:attachment":[{"href":"https:\/\/www.nosm.ca\/fr\/wp-json\/wp\/v2\/media?parent=27812"}],"curies":[{"name":"wp","href":"https:\/\/api.w.org\/{rel}","templated":true}]}}