{"id":27693,"date":"2020-01-10T13:46:17","date_gmt":"2020-01-10T18:46:17","guid":{"rendered":"https:\/\/www.nosm.ca\/?page_id=27693"},"modified":"2026-03-04T10:53:15","modified_gmt":"2026-03-04T15:53:15","slug":"francophone-health","status":"publish","type":"page","link":"https:\/\/www.nosm.ca\/fr\/our-community\/francophone-engagement\/francophone-health\/","title":{"rendered":"Sant\u00e9 francophone"},"content":{"rendered":"<p>Retrouvez quelques ressources sur la sant\u00e9 des francophones en situation minoritaire.<\/p>\n<div class='accordion' data-autoclose='true'>\n<div class='accordion-item closed'>\n<h3 class='accordion-title'>Webinaire pr\u00e9sent\u00e9 par le Bureau des Affaires francophones<\/h3>\n<div class='accordion-content'>\n<p>Webinaire \u00ab\u00a0<a href=\"https:\/\/mail-attachment.googleusercontent.com\/attachment\/u\/0\/?ui=2&amp;ik=4d658023ef&amp;attid=0.1&amp;permmsgid=msg-f:1682002452887790992&amp;th=1757ac51bbb66590&amp;view=att&amp;disp=inline&amp;realattid=f_kgwlak2b0&amp;saddbat=ANGjdJ-uscpMzOsRBmeI4VxJao6vpI4K1CTutYiWxTNkunHmma31QUOPoOoZs7iYadaBV1jbbWhx9RgltNGkXCH7bERoc4b56TOiVqwDJTgODqzHugVWVr_J1HKRgxlJXljYyaGWXX3dWKVLwwwqe_a-dwApvHAOWMKS8sWUFMkUUOAy1Z-ISYXEw592E9bb663PfBsrfbhX_yxfJsh4O-gRYlIMZHnDG14PRSHDIZKac8ehANNBoDqVHs4vG6f5qakTpjGZaXglnZd-Ja1TN-Uprbzr0utqNTNXsniRsTXt5Pfjd6581AUPZobnbScv9eWo7r4zjdfLAeEKoeOgSxFjz7cVLzcpdyF3TXDvI0cZwEuBnIFZC4YAnzOczbrE_EDmNBbgRP5am_DpiZsa2Bx8Fuz7GkEorJIOhz2IE7ZjhzwjWeyVVUhClzaFCcDQu2JG0JFJ-nztWg63Q_hvIVbWaQHxgIakzSXCt-NaKWIYbqsto9u0SFQsntkQWFPWXpWoQkFg8qfWKUKP9h14CZ0snYIl_H3B9p2Hjm9FlRDhn9qXWOfRpFPQiQji0iRip-OZBmUo27Fjlp-sm0It2cf35Drt0wd7UM-71XLEj1YGhI6c2_a1wqbzwto7cHwzX_EaH45Bc8_8AFiLzi3SCJ2AjepHBDCY1k08D-lvHW7kNf9evebnRazWvYOsGfg\" target=\"_blank\" rel=\"noopener noreferrer\"><i>J&rsquo;ai mal au coeur! How Francophones are falling through the cracks of the Healthcare System and what we can do about it<\/i><\/a>\u00ab\u00a0. <a href=\"https:\/\/www.youtube.com\/watch?v=wboFF0IpR2I&amp;feature=youtu.be\" target=\"_blank\" rel=\"noopener noreferrer\">La vid\u00e9o ici.<\/a> Financ\u00e9 par le gouvernement de l\u2019Ontario.<\/p>\n<\/div>\n<\/div>\n<div class='accordion-item closed'>\n<h3 class='accordion-title'>Statistiques<\/h3>\n<div class='accordion-content'>\n<p><b>Population francophone\u00a0<\/b><\/p>\n<p><span style=\"font-weight: 400;\">Ontario : 622 415 habitants<\/span><\/p>\n<p><span style=\"font-weight: 400;\">Nord-Est : 122 360 habitants<\/span><\/p>\n<p><span style=\"font-weight: 400;\">Nord-Ouest : 7 055 habitants\u00a0<\/span><\/p>\n<p>&nbsp;<\/p>\n<p><span style=\"font-weight: 400;\">Nord-Est 20,7% de la population franco-Ontarienne<\/span><\/p>\n<p><span style=\"font-weight: 400;\">Nord-Ouest 1,1 % de la population franco-Ontarienne\u00a0<\/span><\/p>\n<p>&nbsp;<\/p>\n<p><b>\u00c2ge m\u00e9diane\u00a0<\/b><\/p>\n<p><span style=\"font-weight: 400;\">Nord Est : 50.8 ans<\/span><\/p>\n<p><span style=\"font-weight: 400;\">Nord Ouest: 54.3 ans<\/span><\/p>\n<p>&nbsp;<\/p>\n<p><a href=\"https:\/\/www.ontario.ca\/fr\/page\/profil-de-la-population-francophone-de-lontario-2016\" target=\"_blank\" rel=\"noopener noreferrer\">Profils de la population francophone de l&rsquo;Ontario &#8211; 2016<\/a><\/p>\n<p><a href=\"https:\/\/www12.statcan.gc.ca\/census-recensement\/index-fra.cfm\" target=\"_blank\" rel=\"noopener\">Recensement de la population, Ontario &#8211; 2021<\/a><\/p>\n<p><a href=\"https:\/\/www.ontario.ca\/files\/2024-05\/mfa-report-on-francophone-affairs-2024-fr-2024-05-14.pdf\" target=\"_blank\" rel=\"noopener\">Rapport sur les affaires francophones 2024<\/a><\/p>\n<p><a href=\"https:\/\/www.ontario.ca\/fr\/lois\/loi\/90f32\" target=\"_blank\" rel=\"noopener noreferrer\">Loi sur les services en fran\u00e7ais<\/a><\/p>\n<p><a href=\"https:\/\/www.hqontario.ca\/portals\/0\/documents\/system-performance\/health-in-the-north-fr.pdf\" target=\"_blank\" rel=\"noopener\">Qualit\u00e9 des services de sant\u00e9 Ontario &#8211; Sant\u00e9 dans le Nord<\/a><\/p>\n<\/div>\n<\/div>\n<div class='accordion-item closed'>\n<h3 class='accordion-title'>Publications<\/h3>\n<div class='accordion-content'>\n<p><strong>Balado<\/strong><\/p>\n<p><a href=\"https:\/\/www.cihi.ca\/fr\/balado\/les-soins-de-sante-en-region-rurale-et-eloignee-au-canada-dre-nicole-ranger\" target=\"_blank\" rel=\"noopener\">Dre Nicole Ranger \u2014 Les soins de sant\u00e9 en r\u00e9gion rurale et \u00e9loign\u00e9e au Canada.<\/a> Janvier 2022. Balado de l&rsquo;institut canadien de l&rsquo;information sur la sant\u00e9.<\/p>\n<p><strong>Revues scientifiques<\/strong><\/p>\n<p>Alain P. Gauthier, PhD. Patrick E. Timony, MA. Elizabeth F. Wenghofer, PhD. Decembre 2012. <a href=\"https:\/\/www.ncbi.nlm.nih.gov\/pmc\/articles\/PMC3520679\/\" target=\"_blank\" rel=\"noopener noreferrer\">\u00ab\u00a0Sur la distribution g\u00e9ographique des m\u00e9decins francophones de l\u2019Ontario\u00a0\u00bb<\/a>. <em>The College of Family Physicians of Canada. <\/em>[Disponible dans les 2 langues]<\/p>\n<p><span style=\"font-weight: 400;\">Assembl\u00e9e de la francophonie de l&rsquo;Ontario. Septembre 2018. <a href=\"https:\/\/api.monassemblee.ca\/wp-content\/uploads\/2023\/01\/Livre-blanc-Sante-Vraie.pdf\" target=\"_blank\" rel=\"noopener\">\u00ab\u00a0La sant\u00e9 en fran\u00e7ais en Ontario, Livre blanc, Un plan sant\u00e9 pour les gens francophones\u00a0\u00bb.\u00a0<\/a><\/span><\/p>\n<p>B. Sanou, M. Beaudoin, A. P. Gauthier, M.-H. Chomienne, D. Prud\u2019homme, G. Kpaza\u00ef. F\u00e9vrier 2020. <a href=\"https:\/\/zone.biblio.laurentian.ca\/bitstream\/10219\/3486\/1\/Sanou%20et%20al.%20DRHJ%202020.pdf\" target=\"_blank\" rel=\"noopener noreferrer\">\u00ab\u00a0Processus de d\u00e9veloppement d\u2019une trousse d\u2019accompagnement pour l\u2019examen m\u00e9dical des nouveaux arrivants francophones : un exemple de coop\u00e9ration\u00a0\u00bb.<\/a> <em>Revue de la Diversit\u00e9 de la Recherche en Sant\u00e9. <\/em><span style=\"font-weight: 400;\">[En fran\u00e7ais seulement]<\/span><\/p>\n<p>Boroma Sanou, Monique Beaudoin, Jean Ngouab\u00e9, Lyse Lamothe. Juin 2014. \u00ab\u00a0<a href=\"https:\/\/santesudbury.ca\/wp-content\/uploads\/2016\/11\/rapport_final_sante_des_immigrants_24_11_14.pdf\" target=\"_blank\" rel=\"noopener noreferrer\">Rapport final : \u00c9tude des besoins de sant\u00e9 des immigrants francophones de Sudbury<\/a>\u00ab\u00a0. Centre de sant\u00e9 communautaire du Grand Sudbury. <span style=\"font-weight: 400;\">[En fran\u00e7ais seulement]<\/span><\/p>\n<p>C. Jutras, A.P. Gauthier, P.E. Timony, D. C\u00f4t\u00e9, G. Kpaza\u00ef. F\u00e9vrier 2020. <a href=\"https:\/\/zone.biblio.laurentian.ca\/bitstream\/10219\/3488\/1\/Jutras%20et%20al.%20DRHJ%202020.pdf\" target=\"_blank\" rel=\"noopener noreferrer\">\u00ab\u00a0Exp\u00e9rience de francophones en situation minoritaire chez leur m\u00e9decin de famille : concordance et discordance linguistique\u00a0\u00bb.<\/a> <em>Revue de la Diversit\u00e9 de la Recherche en Sant\u00e9. <\/em><span style=\"font-weight: 400;\">[En fran\u00e7ais seulement]<\/span><\/p>\n<p>Chassidy Puchala, MSc, Anne Leis, MSc, PhD, Hyun Lim, PhD, Raymond Tempier, MD, MSc, FRCPC. Volume 104, Issue 6 Supplement, November 2013. \u00ab\u00a0<a href=\"https:\/\/link.springer.com\/content\/pdf\/10.17269\/cjph.104.3480.pdf\" target=\"_blank\" rel=\"noopener noreferrer\">Official Language Minority Communities in Canada: Is Linguistic Minority Status a Determinant of Mental Health?<\/a>\u00ab\u00a0. Canadian Journal of Public Health \/ Revue canadienne de sant\u00e9 publique. [Disponible dans les 2 langues]<\/p>\n<p>CReSRN. 2015. <a href=\"https:\/\/sante-closm.ca\/wp-content\/uploads\/2022\/08\/Centre-de-recherche-en-sante-dans-les-milieux-ruraux-et-du-nord-2015a.pdf\" target=\"_blank\" rel=\"noopener noreferrer\">\u00ab\u00a0Les obstacles et les strat\u00e9gies dans les services de sant\u00e9 offerts aux patients francophones : Perspectives des m\u00e9decins de famille dans le Nord-Est de l&rsquo;Ontario\u00a0\u00bb.<\/a> <em>Recherche en Focus sur la recherche. <\/em>[En fran\u00e7ais seulement]<\/p>\n<p>CReSRN. 2013. <a href=\"https:\/\/sante-closm.ca\/wp-content\/uploads\/2022\/08\/Centre-for-rural-and-northern-health-research-2013b.pdf\" target=\"_blank\" rel=\"noopener noreferrer\">\u00ab\u00a0Un regard sur la distribution des m\u00e9decins de famille qui parlent fran\u00e7ais dans les communaut\u00e9s francophones de l\u2019Ontario\u00a0\u00bb.<\/a> <em>Recherche en Focus sur la recherche. <\/em><span style=\"font-weight: 400;\">[En anglais seulement]<\/span><\/p>\n<p>Danielle de Moissac, PhD and Sarah Bowen, PhD. <a href=\"https:\/\/journals.sagepub.com\/doi\/full\/10.1177\/0840470417706378\" target=\"_blank\" rel=\"noopener noreferrer\">\u00ab\u00a0Impact of language barriers on access to healthcare for official language minority Francophones in Canada.\u00a0\u00bb <\/a>Healthcare Management Forum 2017, Vol. 30(4) 207-212. <em>Canadian College of Health Leaders<\/em>. [In English only]<\/p>\n<p>D\u00edaz Pinsent Mercier Research Inc., 3 mai 2021. <a href=\"https:\/\/cnfs.net\/wp-content\/uploads\/2021\/06\/DPM-Acc%C3%A8s_services_en_sant%C3%A9_langue_officielle_minorit%C3%A9s_francophones_hors_Qu%C3%A9bec_Rapport_3mai2021.pdf\" target=\"_blank\" rel=\"noopener\">Acc\u00e8s aux services en sant\u00e9 dans la langue officielle de leur choix par les minorit\u00e9s francophones hors Qu\u00e9bec, Analyse de donn\u00e9es secondaires. <\/a>Rapport pr\u00e9par\u00e9 pour <em>Le Consortium national de formation en sant\u00e9 (CNFS)<\/em>. <span style=\"font-weight: 400;\">[In French only]<\/span><\/p>\n<p>Don Eaton, John C. Hogenbirk, M.Sc., Joyce McLean, Dwayne Nashkawa, Carol Simpson, Mark Skinner, Ph.D. 2019. <a href=\"https:\/\/mail-attachment.googleusercontent.com\/attachment\/u\/0\/?ui=2&amp;ik=4d658023ef&amp;attid=0.1&amp;permmsgid=msg-f:1653373396910076948&amp;th=16f1f65833e7f414&amp;view=att&amp;disp=inline&amp;realattid=f_k4d1w74f0&amp;saddbat=ANGjdJ9zL6ejZkDR2XjsrEMsLHStnDEeiRvwdl0fhoqtR0gY9k6aLIl1EakIyR2H6MBCq29nkbelUt2rUh6GtKQG21d8Kt0d01YKFqD0BgsaD5smEXmz53vd6f7cqBQhqkVJPXZD_h3KH4bRDGrj0uw7LfNvvsKrC2bl6p_jUkbmZRgHtuVlPCyKjxsrKIvIgEHSwKmI9P6lNemI8vfjjJz3SkfAPmDtfHg-PCn9V8z4p8GxB2Acy52fwR85rBYFinzT8J_vzR_ZzoNmeG20LHAEqBIcP_Vg5gca5Qzdb-_hUQ80UtE-fJgpWTTrnkniwTbF_CR5f1OBl4kUN1fqJUq2KFpqgc06zBjm-g-ywpOFTFWSwB1aKFaOsoQXgLWefooM8-eJ-0I57D5gu1cuDPy7h5c-0A-8dxuvVwK7T0eDjwEAotKLuOFXgfJx08oHzGFE-83rQoW4rZoFTanOIcEOzyScCqBQlewjKRE2KN17TJvfLqVXhAiiDzUOVUiTJMmu_uG-Jvc0fyhF6tQGd_yaNPv7Gse5oJchX0SDKbduP4N-1ziEqlzw7WV6kmWv8Uz-vgsWBxzcpjK0UFpFxeaIZ9dl0tOWQOAL5ku10TL2ZCp62uIKZ3Hzn8Imgk9auD1n_wmnB4oSOAWwyt3_oN1iyl_0KqbnFu8gF0ULa2Zrr_l9cC7abfsaGC9QvCM\" target=\"_blank\" rel=\"noopener noreferrer\">\u00ab\u00a0Rural Ontario Foresight Papers\u00a0\u00bb.<\/a>\u00a0 <em>Rural Ontario Institute. <\/em><span style=\"font-weight: 400;\">[En anglais seulement]<\/span><\/p>\n<p>Emily Seale MPH, Michael Reaume MD MSc, Ricardo Batista MD PhD, Anan Bader Eddeen MSc, Rhiannon Roberts MScPH, Emily Rhodes MSc, Daniel I. McIsaac MD MPH, Claire E. Kendall MD PhD, Manish M. Sood MD MSc, Denis Prud\u2019homme MD MSc, Peter Tanuseputro MD MHSc. Juillet 2022. \u00ab\u00a0<a href=\"https:\/\/www.cmaj.ca\/content\/cmaj\/194\/26\/E899.full.pdf?fs=e&amp;s=cl\" target=\"_blank\" rel=\"noopener\">Patient\u2013physician language concordance and quality and safety outcomes among frail home care recipients admitted to hospital in Ontario, Canada\u00a0\u00bb<\/a>. CMAJ. [En anglais seulement]<\/p>\n<p><span style=\"font-weight: 400;\">Kristy A. C\u00f4t\u00e9, 27 mai 2015. <a href=\"https:\/\/zone.biblio.laurentian.ca\/bitstream\/10219\/2398\/1\/COTE_PHD%20THESIS_QUALITY%20OF%20LIFE%20AND%20RESILIENCE%20OF%20FRANCOPHO_1.pdf\" target=\"_blank\" rel=\"noopener noreferrer\">\u00ab\u00a0Resilience and quality of life of francophone patients living with prostate cancer: an analysis of the situation in Northern Ontario, Canada\u00a0\u00bb. <\/a><\/span><i><span style=\"font-weight: 400;\">Laurentian University of Sudbury<\/span><\/i><span style=\"font-weight: 400;\">. [En anglais seulement]<\/span><\/p>\n<p>Minorit\u00e9s linguistiques et soci\u00e9t\u00e9. Num\u00e9ro 22, 2024. <a href=\"https:\/\/www.erudit.org\/fr\/revues\/minling\/2024-n22-minling09224\/\" target=\"_blank\" rel=\"noopener\">\u00ab\u00a0<em>La sant\u00e9 en contexte francophone minoritaire au Canada : 20 ans de recherche<\/em>.\u00a0\u00bb<\/a><\/p>\n<p><span style=\"font-weight: 400;\"><a href=\"https:\/\/santesudbury.ca\/recherche\/\" target=\"_blank\" rel=\"noopener noreferrer\">Publications du Centre de sant\u00e9 communautaire du Grand Sudbury<\/a>\u00a0<\/span><\/p>\n<p>Qualit\u00e9 des services de sant\u00e9 en Ontario.<a href=\"http:\/\/www.hqontario.ca\/portals\/0\/Documents\/system-performance\/health-in-the-north-fr.pdf\" target=\"_blank\" rel=\"noopener noreferrer\"> \u00ab\u00a0Sant\u00e9 dans le Nord &#8211; Rapport sur la g\u00e9ographie et la sant\u00e9 de la population des deux r\u00e9gions du Nord de l\u2019Ontario\u00a0\u00bb.<\/a> [Disponible dans les 2 langues]<\/p>\n<p><span style=\"font-weight: 400;\">Sarah Bowen, Ph. D. 2015. <a href=\"https:\/\/www.reseausantene.ca\/wp-content\/uploads\/2018\/05\/impacts-barrieres-linguistiques.pdf\" target=\"_blank\" rel=\"noopener noreferrer\">\u00ab\u00a0Impact des barri\u00e8res linguistiques sur la s\u00e9curit\u00e9 des patients et la qualit\u00e9 des soins\u00a0\u00bb.<\/a> <em>Rapport final pour le compte de la Soci\u00e9t\u00e9 Sant\u00e9 en fran\u00e7ais.<\/em> [En fran\u00e7ais seulement]<\/span><\/p>\n<\/div>\n<\/div>\n<div class='accordion-item closed'>\n<h3 class='accordion-title'>Quelques outils<\/h3>\n<div class='accordion-content'>\n<p>Dre Susan Lane, professeure adjointe et directrice du Programme de soins aux personnes \u00e2g\u00e9es du programme de r\u00e9sidence de l&rsquo;Universit\u00e9 de l&rsquo;EMNO, a cr\u00e9\u00e9 cette vid\u00e9o pour aider la population \u00e9tudiante et le personnel professionnel de la sant\u00e9 \u00e0 am\u00e9liorer les r\u00e9sultats pour les personnes \u00e2g\u00e9es hospitalis\u00e9es qui d\u00e9sirent rester chez elles. <a href=\"https:\/\/www.youtube.com\/watch?v=TuMyAVy81gw&amp;t=5s\" target=\"_blank\" rel=\"noopener\">L\u2019approche 48\/5 : am\u00e9liorer les r\u00e9sultats pour les personnes \u00e2g\u00e9es hospitalis\u00e9es<\/a><\/p>\n<\/div>\n<\/div>\n<div class='accordion-item closed'>\n<h3 class='accordion-title'>COVID-19<\/h3>\n<div class='accordion-content'>\n<p><iframe loading=\"lazy\" title=\"S\u00e9rie sur l&#039;\u00c9PI : les masques non m\u00e9dicaux\" width=\"474\" height=\"267\" src=\"https:\/\/www.youtube.com\/embed\/myA1OUnL0ng?feature=oembed\" frameborder=\"0\" allow=\"accelerometer; autoplay; clipboard-write; encrypted-media; gyroscope; picture-in-picture; web-share\" referrerpolicy=\"strict-origin-when-cross-origin\" allowfullscreen><\/iframe><\/p>\n<p><strong><a href=\"https:\/\/www.btb.termiumplus.gc.ca\/publications\/covid19-fra.html\" target=\"_blank\" rel=\"noopener noreferrer\">Lexique sur la pand\u00e9mie de COVID-19<\/a><\/strong><\/p>\n<\/div>\n<\/div>\n<\/div>\n<p><\/p>","protected":false},"excerpt":{"rendered":"<p>Retrouvez quelques ressources sur la sant\u00e9 des francophones en situation minoritaire.<\/p>\n","protected":false},"author":182,"featured_media":0,"parent":7810,"menu_order":5,"comment_status":"closed","ping_status":"closed","template":"","meta":{"_acf_changed":false,"footnotes":""},"class_list":["post-27693","page","type-page","status-publish","hentry"],"acf":[],"_links":{"self":[{"href":"https:\/\/www.nosm.ca\/fr\/wp-json\/wp\/v2\/pages\/27693","targetHints":{"allow":["GET"]}}],"collection":[{"href":"https:\/\/www.nosm.ca\/fr\/wp-json\/wp\/v2\/pages"}],"about":[{"href":"https:\/\/www.nosm.ca\/fr\/wp-json\/wp\/v2\/types\/page"}],"author":[{"embeddable":true,"href":"https:\/\/www.nosm.ca\/fr\/wp-json\/wp\/v2\/users\/182"}],"replies":[{"embeddable":true,"href":"https:\/\/www.nosm.ca\/fr\/wp-json\/wp\/v2\/comments?post=27693"}],"version-history":[{"count":61,"href":"https:\/\/www.nosm.ca\/fr\/wp-json\/wp\/v2\/pages\/27693\/revisions"}],"predecessor-version":[{"id":83144,"href":"https:\/\/www.nosm.ca\/fr\/wp-json\/wp\/v2\/pages\/27693\/revisions\/83144"}],"up":[{"embeddable":true,"href":"https:\/\/www.nosm.ca\/fr\/wp-json\/wp\/v2\/pages\/7810"}],"wp:attachment":[{"href":"https:\/\/www.nosm.ca\/fr\/wp-json\/wp\/v2\/media?parent=27693"}],"curies":[{"name":"wp","href":"https:\/\/api.w.org\/{rel}","templated":true}]}}