{"id":26543,"date":"2019-11-08T13:53:38","date_gmt":"2019-11-08T18:53:38","guid":{"rendered":"https:\/\/www.nosm.ca\/?page_id=26543"},"modified":"2021-07-22T10:15:44","modified_gmt":"2021-07-22T14:15:44","slug":"introduction-to-small-group-facilitation","status":"publish","type":"page","link":"https:\/\/www.nosm.ca\/fr\/education\/cepd\/about-us\/cepd-programs\/introduction-to-small-group-facilitation\/","title":{"rendered":"Introduction to Small Group Facilitation"},"content":{"rendered":"<p class=\"qtranxs-available-languages-message qtranxs-available-languages-message-fr\">D\u00e9sol\u00e9,  cette entr\u00e9e de donn\u00e9es est seulement disponible en <a href=\"https:\/\/www.nosm.ca\/en\/wp-json\/wp\/v2\/pages\/26543\" class=\"qtranxs-available-language-link qtranxs-available-language-link-en\" title=\"English\">English<\/a>.<\/p>","protected":false},"excerpt":{"rendered":"<p>D\u00e9sol\u00e9, cette entr\u00e9e de donn\u00e9es est seulement disponible en English.<\/p>\n","protected":false},"author":16,"featured_media":0,"parent":8323,"menu_order":5,"comment_status":"closed","ping_status":"closed","template":"page-templates\/landing.php","meta":{"_acf_changed":false,"footnotes":""},"class_list":["post-26543","page","type-page","status-publish","hentry"],"acf":[],"_links":{"self":[{"href":"https:\/\/www.nosm.ca\/fr\/wp-json\/wp\/v2\/pages\/26543","targetHints":{"allow":["GET"]}}],"collection":[{"href":"https:\/\/www.nosm.ca\/fr\/wp-json\/wp\/v2\/pages"}],"about":[{"href":"https:\/\/www.nosm.ca\/fr\/wp-json\/wp\/v2\/types\/page"}],"author":[{"embeddable":true,"href":"https:\/\/www.nosm.ca\/fr\/wp-json\/wp\/v2\/users\/16"}],"replies":[{"embeddable":true,"href":"https:\/\/www.nosm.ca\/fr\/wp-json\/wp\/v2\/comments?post=26543"}],"version-history":[{"count":67,"href":"https:\/\/www.nosm.ca\/fr\/wp-json\/wp\/v2\/pages\/26543\/revisions"}],"predecessor-version":[{"id":42870,"href":"https:\/\/www.nosm.ca\/fr\/wp-json\/wp\/v2\/pages\/26543\/revisions\/42870"}],"up":[{"embeddable":true,"href":"https:\/\/www.nosm.ca\/fr\/wp-json\/wp\/v2\/pages\/8323"}],"wp:attachment":[{"href":"https:\/\/www.nosm.ca\/fr\/wp-json\/wp\/v2\/media?parent=26543"}],"curies":[{"name":"wp","href":"https:\/\/api.w.org\/{rel}","templated":true}]}}