{"id":26453,"date":"2019-11-04T10:34:21","date_gmt":"2019-11-04T15:34:21","guid":{"rendered":"https:\/\/www.nosm.ca\/?page_id=26453"},"modified":"2019-11-20T12:52:30","modified_gmt":"2019-11-20T17:52:30","slug":"palliative-care-conference-test","status":"publish","type":"page","link":"https:\/\/www.nosm.ca\/fr\/education\/cepd\/about-us\/cepd-programs\/palliative-care-conference-test\/","title":{"rendered":"Palliative Care Conference"},"content":{"rendered":"<p class=\"qtranxs-available-languages-message qtranxs-available-languages-message-fr\">D\u00e9sol\u00e9,  cette entr\u00e9e de donn\u00e9es est seulement disponible en <a href=\"https:\/\/www.nosm.ca\/en\/wp-json\/wp\/v2\/pages\/26453\" class=\"qtranxs-available-language-link qtranxs-available-language-link-en\" title=\"English\">English<\/a>.<\/p>","protected":false},"excerpt":{"rendered":"<p>D\u00e9sol\u00e9, cette entr\u00e9e de donn\u00e9es est seulement disponible en English.<\/p>\n","protected":false},"author":176,"featured_media":0,"parent":8323,"menu_order":3,"comment_status":"closed","ping_status":"closed","template":"","meta":{"_acf_changed":false,"footnotes":""},"class_list":["post-26453","page","type-page","status-publish","hentry"],"acf":[],"_links":{"self":[{"href":"https:\/\/www.nosm.ca\/fr\/wp-json\/wp\/v2\/pages\/26453","targetHints":{"allow":["GET"]}}],"collection":[{"href":"https:\/\/www.nosm.ca\/fr\/wp-json\/wp\/v2\/pages"}],"about":[{"href":"https:\/\/www.nosm.ca\/fr\/wp-json\/wp\/v2\/types\/page"}],"author":[{"embeddable":true,"href":"https:\/\/www.nosm.ca\/fr\/wp-json\/wp\/v2\/users\/176"}],"replies":[{"embeddable":true,"href":"https:\/\/www.nosm.ca\/fr\/wp-json\/wp\/v2\/comments?post=26453"}],"version-history":[{"count":29,"href":"https:\/\/www.nosm.ca\/fr\/wp-json\/wp\/v2\/pages\/26453\/revisions"}],"predecessor-version":[{"id":26916,"href":"https:\/\/www.nosm.ca\/fr\/wp-json\/wp\/v2\/pages\/26453\/revisions\/26916"}],"up":[{"embeddable":true,"href":"https:\/\/www.nosm.ca\/fr\/wp-json\/wp\/v2\/pages\/8323"}],"wp:attachment":[{"href":"https:\/\/www.nosm.ca\/fr\/wp-json\/wp\/v2\/media?parent=26453"}],"curies":[{"name":"wp","href":"https:\/\/api.w.org\/{rel}","templated":true}]}}