{"id":26424,"date":"2019-10-30T19:06:03","date_gmt":"2019-10-30T23:06:03","guid":{"rendered":"https:\/\/www.nosm.ca\/?page_id=26424"},"modified":"2024-11-06T10:12:51","modified_gmt":"2024-11-06T15:12:51","slug":"stay-connected","status":"publish","type":"page","link":"https:\/\/www.nosm.ca\/fr\/alumni\/stay-connected\/","title":{"rendered":"Stay Connected"},"content":{"rendered":"<p class=\"qtranxs-available-languages-message qtranxs-available-languages-message-fr\">D\u00e9sol\u00e9,  cette entr\u00e9e de donn\u00e9es est seulement disponible en <a href=\"https:\/\/www.nosm.ca\/en\/wp-json\/wp\/v2\/pages\/26424\" class=\"qtranxs-available-language-link qtranxs-available-language-link-en\" title=\"English\">English<\/a>.<\/p>","protected":false},"excerpt":{"rendered":"<p>D\u00e9sol\u00e9, cette entr\u00e9e de donn\u00e9es est seulement disponible en English.<\/p>\n","protected":false},"author":16,"featured_media":0,"parent":8448,"menu_order":4,"comment_status":"closed","ping_status":"closed","template":"page-templates\/bbox-form.php","meta":{"_acf_changed":false,"footnotes":""},"class_list":["post-26424","page","type-page","status-publish","hentry"],"acf":[],"_links":{"self":[{"href":"https:\/\/www.nosm.ca\/fr\/wp-json\/wp\/v2\/pages\/26424","targetHints":{"allow":["GET"]}}],"collection":[{"href":"https:\/\/www.nosm.ca\/fr\/wp-json\/wp\/v2\/pages"}],"about":[{"href":"https:\/\/www.nosm.ca\/fr\/wp-json\/wp\/v2\/types\/page"}],"author":[{"embeddable":true,"href":"https:\/\/www.nosm.ca\/fr\/wp-json\/wp\/v2\/users\/16"}],"replies":[{"embeddable":true,"href":"https:\/\/www.nosm.ca\/fr\/wp-json\/wp\/v2\/comments?post=26424"}],"version-history":[{"count":8,"href":"https:\/\/www.nosm.ca\/fr\/wp-json\/wp\/v2\/pages\/26424\/revisions"}],"predecessor-version":[{"id":72990,"href":"https:\/\/www.nosm.ca\/fr\/wp-json\/wp\/v2\/pages\/26424\/revisions\/72990"}],"up":[{"embeddable":true,"href":"https:\/\/www.nosm.ca\/fr\/wp-json\/wp\/v2\/pages\/8448"}],"wp:attachment":[{"href":"https:\/\/www.nosm.ca\/fr\/wp-json\/wp\/v2\/media?parent=26424"}],"curies":[{"name":"wp","href":"https:\/\/api.w.org\/{rel}","templated":true}]}}