{"id":26150,"date":"2019-10-25T09:53:55","date_gmt":"2019-10-25T13:53:55","guid":{"rendered":"https:\/\/www.nosm.ca\/?page_id=26150"},"modified":"2023-09-01T12:04:43","modified_gmt":"2023-09-01T16:04:43","slug":"for-communities","status":"publish","type":"page","link":"https:\/\/www.nosm.ca\/fr\/education\/medical-electives\/for-communities\/","title":{"rendered":"For Communities"},"content":{"rendered":"<p class=\"qtranxs-available-languages-message qtranxs-available-languages-message-fr\">D\u00e9sol\u00e9,  cette entr\u00e9e de donn\u00e9es est seulement disponible en <a href=\"https:\/\/www.nosm.ca\/en\/wp-json\/wp\/v2\/pages\/26150\" class=\"qtranxs-available-language-link qtranxs-available-language-link-en\" title=\"English\">English<\/a>.<\/p>","protected":false},"excerpt":{"rendered":"<p>D\u00e9sol\u00e9, cette entr\u00e9e de donn\u00e9es est seulement disponible en English.<\/p>\n","protected":false},"author":38,"featured_media":0,"parent":6337,"menu_order":5,"comment_status":"closed","ping_status":"closed","template":"","meta":{"_acf_changed":false,"footnotes":""},"class_list":["post-26150","page","type-page","status-publish","hentry"],"acf":[],"_links":{"self":[{"href":"https:\/\/www.nosm.ca\/fr\/wp-json\/wp\/v2\/pages\/26150","targetHints":{"allow":["GET"]}}],"collection":[{"href":"https:\/\/www.nosm.ca\/fr\/wp-json\/wp\/v2\/pages"}],"about":[{"href":"https:\/\/www.nosm.ca\/fr\/wp-json\/wp\/v2\/types\/page"}],"author":[{"embeddable":true,"href":"https:\/\/www.nosm.ca\/fr\/wp-json\/wp\/v2\/users\/38"}],"replies":[{"embeddable":true,"href":"https:\/\/www.nosm.ca\/fr\/wp-json\/wp\/v2\/comments?post=26150"}],"version-history":[{"count":165,"href":"https:\/\/www.nosm.ca\/fr\/wp-json\/wp\/v2\/pages\/26150\/revisions"}],"predecessor-version":[{"id":62927,"href":"https:\/\/www.nosm.ca\/fr\/wp-json\/wp\/v2\/pages\/26150\/revisions\/62927"}],"up":[{"embeddable":true,"href":"https:\/\/www.nosm.ca\/fr\/wp-json\/wp\/v2\/pages\/6337"}],"wp:attachment":[{"href":"https:\/\/www.nosm.ca\/fr\/wp-json\/wp\/v2\/media?parent=26150"}],"curies":[{"name":"wp","href":"https:\/\/api.w.org\/{rel}","templated":true}]}}