{"id":25504,"date":"2020-01-14T15:44:36","date_gmt":"2020-01-14T20:44:36","guid":{"rendered":"https:\/\/www.nosm.ca\/?page_id=25504"},"modified":"2025-06-25T11:35:23","modified_gmt":"2025-06-25T15:35:23","slug":"living-in-french-in-the-north","status":"publish","type":"page","link":"https:\/\/www.nosm.ca\/fr\/our-community\/francophone-engagement\/resources-for-francophone-students\/living-in-french-in-the-north\/","title":{"rendered":"Vivre en fran\u00e7ais dans le Nord"},"content":{"rendered":"<p>Vivre en fran\u00e7ais dans un milieu majoritairement anglophone est un vrai d\u00e9fi au quotidien.<\/p>\n<p>Toutefois voici quelques pistes pour pratiquer votre fran\u00e7ais.<\/p>\n<div class='accordion' data-autoclose='true'>\n<div class='accordion-item closed'>\n<h3 class='accordion-title'>Culture<\/h3>\n<div class='accordion-content'>\n<p><a href=\"http:\/\/lanuit.ca\/\" target=\"_blank\" rel=\"noopener noreferrer\">La nuit sur l&rsquo;\u00c9tang<\/a><\/p>\n<p><a href=\"http:\/\/www.francofestival.com\/\" target=\"_blank\" rel=\"noopener noreferrer\">Festival BONJOUR<\/a><\/p>\n<\/div>\n<\/div>\n<div class='accordion-item closed'>\n<h3 class='accordion-title'>M\u00e9dia<\/h3>\n<div class='accordion-content'>\n<p><span style=\"font-weight: 400;\"><a href=\"https:\/\/ici.radio-canada.ca\/ontario\/nord-de-l-ontario\" target=\"_blank\" rel=\"noopener noreferrer\">Radio Canada<\/a>\u00a0<\/span><\/p>\n<p><a href=\"https:\/\/onfr.tfo.org\/\" target=\"_blank\" rel=\"noopener noreferrer\"><span style=\"font-weight: 400;\">ONFR+<\/span><\/a><\/p>\n<p><span style=\"font-weight: 400;\"><a href=\"https:\/\/www.tfo.org\/fr\/\" target=\"_blank\" rel=\"noopener noreferrer\">TFO<\/a>\u00a0<\/span><\/p>\n<p><a href=\"https:\/\/www.ledroit.com\/\" target=\"_blank\" rel=\"noopener noreferrer\">Le Droit<\/a><\/p>\n<p><span style=\"font-weight: 400;\"><a href=\"https:\/\/l-express.ca\/\" target=\"_blank\" rel=\"noopener noreferrer\">L\u2019express<\/a><\/span><\/p>\n<p><span style=\"font-weight: 400;\"><a href=\"https:\/\/voir.ca\/\" target=\"_blank\" rel=\"noopener noreferrer\">Voir<\/a> <\/span><\/p>\n<p><a href=\"https:\/\/www.laction.ca\/\" target=\"_blank\" rel=\"noopener noreferrer\">L&rsquo;action<\/a><\/p>\n<p><a href=\"http:\/\/www.larotonde.ca\/\" target=\"_blank\" rel=\"noopener noreferrer\">La rotonde<\/a><\/p>\n<p><span style=\"font-weight: 400;\"><a href=\"https:\/\/www.lavoixdunord.ca\/\" target=\"_blank\" rel=\"noopener noreferrer\">Le Voyageur<\/a><\/span><\/p>\n<p><span style=\"font-weight: 400;\"><a href=\"https:\/\/leregional.com\/\" target=\"_blank\" rel=\"noopener noreferrer\">Le r\u00e9gional<\/a>\u00a0<\/span><\/p>\n<p><a href=\"https:\/\/ici.radio-canada.ca\/ohdio\" target=\"_blank\" rel=\"noopener\">Ohdio<\/a><\/p>\n<p><a href=\"https:\/\/podcasts-francais.fr\/\" target=\"_blank\" rel=\"noopener\">Podcasts fran\u00e7ais<\/a><\/p>\n<\/div>\n<\/div>\n<div class='accordion-item closed'>\n<h3 class='accordion-title'>R\u00e9pertoire des services en fran\u00e7ais<\/h3>\n<div class='accordion-content'>\n<p><span style=\"font-weight: 400;\">Trousses des nouveaux arrivants : <a href=\"https:\/\/www.afnoo.org\/images\/trousse_thunderbay.pdf\" target=\"_blank\" rel=\"noopener noreferrer\">Thunder Bay<\/a> \/ Sudbury<\/span><\/p>\n<p><a href=\"http:\/\/afnoo.org\/services-en-francais\/repertoire-services-en-francais\" target=\"_blank\" rel=\"noopener noreferrer\">R\u00e9pertoire des services en fran\u00e7ais du Nord-Ouest de l&rsquo;Ontario<\/a><\/p>\n<p><a href=\"http:\/\/quifaitquoisudbury.ca\/repertoire-2\/\" target=\"_blank\" rel=\"noopener noreferrer\">R\u00e9pertoire des services en fran\u00e7ais du Grand Sudbury<\/a><\/p>\n<p><a href=\"https:\/\/santesudbury.ca\/repertoire\/\" target=\"_blank\" rel=\"noopener\">R\u00e9pertoire de services de sant\u00e9 en fran\u00e7ais &#8211; Grand Sudbury<\/a><\/p>\n<\/div>\n<\/div>\n<div class='accordion-item closed'>\n<h3 class='accordion-title'>Magasinage<\/h3>\n<div class='accordion-content'>\n<p><a href=\"https:\/\/www.maboutiquefranco.ca\/\" target=\"_blank\" rel=\"noopener noreferrer\">maboutiquefranco.ca<\/a><\/p>\n<p><a href=\"https:\/\/entk.ca\/\" target=\"_blank\" rel=\"noopener noreferrer\">ENTK<\/a><\/p>\n<p><a href=\"https:\/\/ouatedephoqueshop.com\/\" target=\"_blank\" rel=\"noopener\">Ouate de Phoque<\/a><\/p>\n<\/div>\n<\/div>\n<\/div>\n<p><\/p>","protected":false},"excerpt":{"rendered":"<p>Vivre en fran\u00e7ais dans un milieu majoritairement anglophone est un vrai d\u00e9fi au quotidien. Toutefois voici quelques pistes pour pratiquer votre fran\u00e7ais.<\/p>\n","protected":false},"author":182,"featured_media":0,"parent":25187,"menu_order":2,"comment_status":"closed","ping_status":"closed","template":"","meta":{"_acf_changed":false,"footnotes":""},"class_list":["post-25504","page","type-page","status-publish","hentry"],"acf":[],"_links":{"self":[{"href":"https:\/\/www.nosm.ca\/fr\/wp-json\/wp\/v2\/pages\/25504","targetHints":{"allow":["GET"]}}],"collection":[{"href":"https:\/\/www.nosm.ca\/fr\/wp-json\/wp\/v2\/pages"}],"about":[{"href":"https:\/\/www.nosm.ca\/fr\/wp-json\/wp\/v2\/types\/page"}],"author":[{"embeddable":true,"href":"https:\/\/www.nosm.ca\/fr\/wp-json\/wp\/v2\/users\/182"}],"replies":[{"embeddable":true,"href":"https:\/\/www.nosm.ca\/fr\/wp-json\/wp\/v2\/comments?post=25504"}],"version-history":[{"count":16,"href":"https:\/\/www.nosm.ca\/fr\/wp-json\/wp\/v2\/pages\/25504\/revisions"}],"predecessor-version":[{"id":78866,"href":"https:\/\/www.nosm.ca\/fr\/wp-json\/wp\/v2\/pages\/25504\/revisions\/78866"}],"up":[{"embeddable":true,"href":"https:\/\/www.nosm.ca\/fr\/wp-json\/wp\/v2\/pages\/25187"}],"wp:attachment":[{"href":"https:\/\/www.nosm.ca\/fr\/wp-json\/wp\/v2\/media?parent=25504"}],"curies":[{"name":"wp","href":"https:\/\/api.w.org\/{rel}","templated":true}]}}