{"id":25359,"date":"2019-09-24T09:34:06","date_gmt":"2019-09-24T13:34:06","guid":{"rendered":"https:\/\/www.nosm.ca\/?page_id=25359"},"modified":"2023-09-22T09:40:30","modified_gmt":"2023-09-22T13:40:30","slug":"francophone-organizations","status":"publish","type":"page","link":"https:\/\/www.nosm.ca\/fr\/our-community\/francophone-engagement\/resources-for-francophone-students\/francophone-organizations\/","title":{"rendered":"Organisations francophones"},"content":{"rendered":"<p>Retrouvez une liste non-exhaustive d&rsquo;organisations qui participent au rayonnement et \u00e0 la valorisation de la francophonie dans diff\u00e9rents domaines.<\/p>\n<div class='accordion' data-autoclose='true'>\n<div class='accordion-item closed'>\n<h3 class='accordion-title'>Mandat international<\/h3>\n<div class='accordion-content'>\n<p><a href=\"https:\/\/www.francophonie.org\/\" target=\"_blank\" rel=\"noopener noreferrer\"><span style=\"font-weight: 400\">L\u2019Organisation internationale de la francophonie<\/span><\/a><\/p>\n<\/div>\n<\/div>\n<div class='accordion-item closed'>\n<h3 class='accordion-title'>Mandat national<\/h3>\n<div class='accordion-content'>\n<p><a href=\"http:\/\/santefrancais.ca\" target=\"_blank\" rel=\"noopener noreferrer\"><span style=\"font-weight: 400\">Soci\u00e9t\u00e9 Sant\u00e9 en fran\u00e7ais (SSF)<\/span><\/a><\/p>\n<p><a href=\"http:\/\/cnfs.ca\" target=\"_blank\" rel=\"noopener noreferrer\"><span style=\"font-weight: 400\">Consortium national de formation en sant\u00e9 (CNFS)<\/span><\/a><\/p>\n<p><a href=\"http:\/\/medecinsfrancophones.ca\" target=\"_blank\" rel=\"noopener noreferrer\"><span style=\"font-weight: 400\">M\u00e9decins francophones du Canada<\/span><\/a><\/p>\n<p><a href=\"http:\/\/fcfa.ca\" target=\"_blank\" rel=\"noopener noreferrer\"><span style=\"font-weight: 400\">F\u00e9d\u00e9ration des communaut\u00e9s francophones et acadienne du Canada (FCFA) <\/span><\/a><\/p>\n<\/div>\n<\/div>\n<div class='accordion-item closed'>\n<h3 class='accordion-title'>Mandat provincial<\/h3>\n<div class='accordion-content'>\n<p><span style=\"font-weight: 400\"><a href=\"http:\/\/monassemblee.ca\" target=\"_blank\" rel=\"noopener noreferrer\">Assembl\u00e9e de la francophonie de l\u2019Ontario (AFO)<\/a><\/span><\/p>\n<p><a href=\"http:\/\/refo.ca\" target=\"_blank\" rel=\"noopener noreferrer\"><span style=\"font-weight: 400\">Regroupement des \u00e9tudiants franco-ontarien (R\u00c9FO) <\/span><\/a><\/p>\n<p><a href=\"http:\/\/farfo.ca\" target=\"_blank\" rel=\"noopener noreferrer\"><span style=\"font-weight: 400\">F\u00e9d\u00e9ration des a\u00een\u00e9s et des retrait\u00e9s francophones de l&rsquo;Ontario (FARFO)<\/span><\/a><\/p>\n<\/div>\n<\/div>\n<div class='accordion-item closed'>\n<h3 class='accordion-title'>Mandat r\u00e9gional\/local<\/h3>\n<div class='accordion-content'>\n<p><a href=\"http:\/\/reseaudumieuxetre.ca\" target=\"_blank\" rel=\"noopener noreferrer\"><span style=\"font-weight: 400\">R\u00e9seau du mieux-\u00eatre des francophones du Nord de l\u2019Ontario (RMEFNO)<\/span><\/a><\/p>\n<p><a href=\"http:\/\/accueilfrancophone.com\" target=\"_blank\" rel=\"noopener noreferrer\"><span style=\"font-weight: 400\">L\u2019Accueil francophone de Thunder Bay<\/span><\/a><\/p>\n<p><a href=\"https:\/\/fr.cranhr.ca\/\" target=\"_blank\" rel=\"noopener noreferrer\">Centre de recherche en sant\u00e9 dans les milieux ruraux et du nord (CReSRN)<\/a><\/p>\n<p><a href=\"http:\/\/santesudbury.ca\" target=\"_blank\" rel=\"noopener noreferrer\"><span style=\"font-weight: 400\">Centre de sant\u00e9 communautaire du Grand Sudbury<\/span><\/a><\/p>\n<p><a href=\"http:\/\/centrefora.com\" target=\"_blank\" rel=\"noopener noreferrer\"><span style=\"font-weight: 400\">Centre FORA<\/span><\/a><\/p>\n<p><a href=\"http:\/\/novocentre.com\" target=\"_blank\" rel=\"noopener noreferrer\"><span style=\"font-weight: 400\">Novocentre <\/span><\/a><\/p>\n<p><a href=\"http:\/\/acfosudbury.ca\" target=\"_blank\" rel=\"noopener noreferrer\"><span style=\"font-weight: 400\">ACFO du grand Sudbury<\/span><\/a><\/p>\n<p><a href=\"http:\/\/afnoo.org\" target=\"_blank\" rel=\"noopener noreferrer\"><span style=\"font-weight: 400\">Association des francophones du Nord-Ouest de l\u2019Ontario (AFNOO) <\/span><\/a><\/p>\n<p><a href=\"http:\/\/salondulivre.ca\" target=\"_blank\" rel=\"noopener noreferrer\"><span style=\"font-weight: 400\">Salon du livre du grand Sudbury <\/span><\/a><\/p>\n<p><a href=\"http:\/\/salondulivredehearst.com\" target=\"_blank\" rel=\"noopener noreferrer\"><span style=\"font-weight: 400\">Salon du livre Hearst<\/span><\/a><\/p>\n<\/div>\n<\/div>\n<\/div>\n<p><\/p>","protected":false},"excerpt":{"rendered":"<p>Retrouvez une liste non-exhaustive d&rsquo;organisations qui participent au rayonnement et \u00e0 la valorisation de la francophonie dans diff\u00e9rents domaines.<\/p>\n","protected":false},"author":182,"featured_media":0,"parent":25187,"menu_order":1,"comment_status":"closed","ping_status":"closed","template":"","meta":{"_acf_changed":false,"footnotes":""},"class_list":["post-25359","page","type-page","status-publish","hentry"],"acf":[],"_links":{"self":[{"href":"https:\/\/www.nosm.ca\/fr\/wp-json\/wp\/v2\/pages\/25359","targetHints":{"allow":["GET"]}}],"collection":[{"href":"https:\/\/www.nosm.ca\/fr\/wp-json\/wp\/v2\/pages"}],"about":[{"href":"https:\/\/www.nosm.ca\/fr\/wp-json\/wp\/v2\/types\/page"}],"author":[{"embeddable":true,"href":"https:\/\/www.nosm.ca\/fr\/wp-json\/wp\/v2\/users\/182"}],"replies":[{"embeddable":true,"href":"https:\/\/www.nosm.ca\/fr\/wp-json\/wp\/v2\/comments?post=25359"}],"version-history":[{"count":13,"href":"https:\/\/www.nosm.ca\/fr\/wp-json\/wp\/v2\/pages\/25359\/revisions"}],"predecessor-version":[{"id":34000,"href":"https:\/\/www.nosm.ca\/fr\/wp-json\/wp\/v2\/pages\/25359\/revisions\/34000"}],"up":[{"embeddable":true,"href":"https:\/\/www.nosm.ca\/fr\/wp-json\/wp\/v2\/pages\/25187"}],"wp:attachment":[{"href":"https:\/\/www.nosm.ca\/fr\/wp-json\/wp\/v2\/media?parent=25359"}],"curies":[{"name":"wp","href":"https:\/\/api.w.org\/{rel}","templated":true}]}}