{"id":25314,"date":"2019-09-12T15:59:52","date_gmt":"2019-09-12T19:59:52","guid":{"rendered":"https:\/\/www.nosm.ca\/?page_id=25314"},"modified":"2024-11-29T14:24:56","modified_gmt":"2024-11-29T19:24:56","slug":"remotefirstnations","status":"publish","type":"page","link":"https:\/\/www.nosm.ca\/fr\/familymedicine\/our-streams-at-a-glance\/remotefirstnations\/","title":{"rendered":"Remote First Nations Stream"},"content":{"rendered":"<p class=\"qtranxs-available-languages-message qtranxs-available-languages-message-fr\">D\u00e9sol\u00e9,  cette entr\u00e9e de donn\u00e9es est seulement disponible en <a href=\"https:\/\/www.nosm.ca\/en\/wp-json\/wp\/v2\/pages\/25314\" class=\"qtranxs-available-language-link qtranxs-available-language-link-en\" title=\"English\">English<\/a>.<\/p>","protected":false},"excerpt":{"rendered":"<p>D\u00e9sol\u00e9, cette entr\u00e9e de donn\u00e9es est seulement disponible en English.<\/p>\n","protected":false},"author":16,"featured_media":0,"parent":24107,"menu_order":2,"comment_status":"closed","ping_status":"closed","template":"page-templates\/landing.php","meta":{"_acf_changed":false,"footnotes":""},"class_list":["post-25314","page","type-page","status-publish","hentry"],"acf":[],"_links":{"self":[{"href":"https:\/\/www.nosm.ca\/fr\/wp-json\/wp\/v2\/pages\/25314","targetHints":{"allow":["GET"]}}],"collection":[{"href":"https:\/\/www.nosm.ca\/fr\/wp-json\/wp\/v2\/pages"}],"about":[{"href":"https:\/\/www.nosm.ca\/fr\/wp-json\/wp\/v2\/types\/page"}],"author":[{"embeddable":true,"href":"https:\/\/www.nosm.ca\/fr\/wp-json\/wp\/v2\/users\/16"}],"replies":[{"embeddable":true,"href":"https:\/\/www.nosm.ca\/fr\/wp-json\/wp\/v2\/comments?post=25314"}],"version-history":[{"count":27,"href":"https:\/\/www.nosm.ca\/fr\/wp-json\/wp\/v2\/pages\/25314\/revisions"}],"predecessor-version":[{"id":72587,"href":"https:\/\/www.nosm.ca\/fr\/wp-json\/wp\/v2\/pages\/25314\/revisions\/72587"}],"up":[{"embeddable":true,"href":"https:\/\/www.nosm.ca\/fr\/wp-json\/wp\/v2\/pages\/24107"}],"wp:attachment":[{"href":"https:\/\/www.nosm.ca\/fr\/wp-json\/wp\/v2\/media?parent=25314"}],"curies":[{"name":"wp","href":"https:\/\/api.w.org\/{rel}","templated":true}]}}