{"id":25187,"date":"2019-09-13T10:24:35","date_gmt":"2019-09-13T14:24:35","guid":{"rendered":"https:\/\/www.nosm.ca\/?page_id=25187"},"modified":"2025-06-20T09:04:42","modified_gmt":"2025-06-20T13:04:42","slug":"resources-for-francophone-students","status":"publish","type":"page","link":"https:\/\/www.nosm.ca\/fr\/our-community\/francophone-engagement\/resources-for-francophone-students\/","title":{"rendered":"Ressources"},"content":{"rendered":"<p>L&rsquo;Universit\u00e9 de l&rsquo;EMNO promet une \u00e9ducation de classe mondiale pour ses \u00e9tudiants. Pour assurer un s\u00e9jour fructueux \u00e0 l&rsquo;Universit\u00e9, en fran\u00e7ais, il faut des ressources pour se donner un avantage.\u00a0 Voici des ressources et des outils pertinents pour vous aider dans vos \u00e9tudes et dans votre s\u00e9jour comme professionnel de la sant\u00e9 francophone.<\/p>\n<div class='accordion' data-autoclose='true'>\n<div class='accordion-item closed'>\n<h3 class='accordion-title'>Quelques ressources franco-ontariennes<\/h3>\n<div class='accordion-content'>\n<p>D\u00e9couvrez \u00e9galement la nouvelle vid\u00e9o de la chanson\u00a0<i><a href=\"https:\/\/www.youtube.com\/watch?v=ZGTvxLPK3GU\" target=\"_blank\" rel=\"noopener\" data-saferedirecturl=\"https:\/\/www.google.com\/url?q=https:\/\/www.youtube.com\/watch?v%3DZGTvxLPK3GU&amp;source=gmail&amp;ust=1663854844940000&amp;usg=AOvVaw0-7tFTh2ATLUXZZXJ85TeS\">Mon beau drapeau<\/a><\/i>\u00a0qui met en avant les nombreuses communaut\u00e9s francophones \u00e0 travers les quatre coins de l&rsquo;Ontario.<\/p>\n<p>Pour vous inspirer un peu et pour prendre votre place \u2013 notre place \u2013 d\u00e9couvrez less capsules vid\u00e9o intitul\u00e9es <a href=\"https:\/\/www.facebook.com\/watch\/?v=611339687136944\" target=\"_blank\" rel=\"noopener\">\u00ab Ton fran\u00e7ais, c&rsquo;est ton fran\u00e7ais et on aime \u00e7a l&rsquo;entendre! \u00bb<\/a> du Coll\u00e8ge Bor\u00e9ale.<\/p>\n<p><a href=\"https:\/\/mondrapeaufranco.ca\/\" target=\"_blank\" rel=\"noopener\">Mon drapeau franco<\/a><\/p>\n<p><a href=\"https:\/\/ici.radio-canada.ca\/ohdio\/premiere\/emissions\/aujourd-hui-l-histoire\/segments\/entrevue\/420711\/drapeau-franco-ontarien-sudbury\" target=\"_blank\" rel=\"noopener\">L&rsquo;histoire du drapeau franco-ontarien<\/a><\/p>\n<\/div>\n<\/div>\n<div class='accordion-item closed'>\n<h3 class='accordion-title'>Bo\u00eetes \u00e0 outils<\/h3>\n<div class='accordion-content'>\n<p>Med Interpret &#8211;\u00a0<a href=\"http:\/\/www.accueilfrancophone.com\/med-interpret?lang=en\" target=\"_blank\" rel=\"noopener noreferrer\">T\u00e9l\u00e9charger l&rsquo;application<\/a><\/p>\n<p>Guide d&rsquo;interpr\u00e9tation &#8211;\u00a0<a href=\"http:\/\/www.accueilfrancophone.com\/images\/Doc_Uploads\/InterpretationGuide.pdf\" target=\"_blank\" rel=\"noopener noreferrer\">Guide d&rsquo;interpr\u00e9tation pour les professionnels de la sant\u00e9<\/a><\/p>\n<p>Outils d\u2019identification visuelle &#8211;\u00a0<a href=\"https:\/\/www.reseaudumieuxetre.ca\/pour-les-fournisseurs\/trousse-dinformation-de-loffre-active\/epinglette-je-parle-francais\/\" target=\"_blank\" rel=\"noopener noreferrer\">Outils d&rsquo;identification visuelle du RMEFNO<\/a><\/p>\n<p><a href=\"https:\/\/new.healthnexus.ca\/accueil\/\" target=\"_blank\" rel=\"noopener\">Biblioth\u00e8que des ressources Meilleur d\u00e9part &#8211; Health Nexus Sant\u00e9<\/a><\/p>\n<p><a href=\"https:\/\/podcasts.apple.com\/ca\/podcast\/baladocritique-club-de-lecture-m%C3%A9dical\/id1156328431?fbclid=IwAR1irPJCIQYUZVN1SDSRhwcOcJ5yTvgHBfAAVsyg00rK_c_X3T6l7tqw8p4\" target=\"_blank\" rel=\"noopener noreferrer\">BaladoCritique &#8211; club de lecture m\u00e9dical<\/a><\/p>\n<p><a href=\"https:\/\/www.afmc.ca\/fr\/resources-data\/education\/franco-doc\/\" target=\"_blank\" rel=\"noopener\">Franco Doc pour les \u00e9tudiants en m\u00e9decine<\/a><\/p>\n<p><a href=\"https:\/\/reseaudumieuxetre.ca\/\" target=\"_blank\" rel=\"noopener\">R\u00e9seau du mieux-\u00eatre francophone du Nord de l&rsquo;Ontario (RMEFNO)<\/a><\/p>\n<p><a href=\"https:\/\/offreactive.com\/\" target=\"_blank\" rel=\"noopener noreferrer\">Carrefour de l&rsquo;offre active<\/a><a href=\"http:\/\/www.offreactive.com\/\" target=\"_blank\" rel=\"noopener noreferrer\"> du CNFS\u00a0 (<\/a><a href=\"http:\/\/www.offreactive.com\/\" target=\"_blank\" rel=\"noopener noreferrer\">Consortium national de formation en sant\u00e9<\/a>)<\/p>\n<p><a href=\"https:\/\/cnfs.ca\/professionnels-de-la-sante\/formation-a-la-supervision\/capsules-pedagogiques\" target=\"_blank\" rel=\"noopener\">Capsules p\u00e9dagogiques du CNFS \u2013 Volet Universit\u00e9 d\u2019Ottawa <\/a>[pour les superviseurs de stage du domaine de la sant\u00e9 et des services sociaux]<\/p>\n<p><a href=\"https:\/\/cfms.org\/uploads\/CFMS_Medical_French_Guide.pdf\" target=\"_blank\" rel=\"noopener noreferrer\">CFMS Medical French Guide<\/a><\/p>\n<p><a href=\"https:\/\/www.cnfs.ca\/trousse-sde-a-l-intention-de-la-clientele-etudiante?utm_source=CNFS&amp;utm_campaign=a23bf06634-EMAIL_CAMPAIGN_2023_10_12_11_55_COPY_01&amp;utm_medium=email&amp;utm_term=0_-9619b7d8cc-%5BLIST_EMAIL_ID%5D\" target=\"_blank\" rel=\"noopener\">Trousse de formation pour aider la population \u00e9tudiante \u00e0 g\u00e9rer son stress du CNFS Volet Universit\u00e9 d&rsquo;Ottawa<\/a><\/p>\n<\/div>\n<\/div>\n<div class='accordion-item closed'>\n<h3 class='accordion-title'>Banque linguistique<\/h3>\n<div class='accordion-content'>\n<p>Correcteur de texte gratuit &#8211;\u00a0<a href=\"https:\/\/www.cordial.fr\/enligne.php#\/enligne.php\" target=\"_blank\" rel=\"noopener noreferrer\">Cordial.fr<\/a><\/p>\n<p>Correcteur de texte payant &#8211;\u00a0<a href=\"https:\/\/www.antidote.info\/fr\/\" target=\"_blank\" rel=\"noopener\">Antidote<\/a><\/p>\n<p>Dictionnaire des synonymes &#8211; <a href=\"https:\/\/crisco4.unicaen.fr\/des\/\" target=\"_blank\" rel=\"noopener\">Crisco<\/a><\/p>\n<p>Traducteur de texte gratuit &#8211; <a href=\"https:\/\/context.reverso.net\/traduction\/application-mobile\" target=\"_blank\" rel=\"noopener noreferrer\">l&rsquo;application Reverso<\/a> \/ <a href=\"https:\/\/www.reverso.net\/text_translation.aspx?lang=EN\" target=\"_blank\" rel=\"noopener noreferrer\">en ligne<\/a><\/p>\n<p>Traducteur de texte gratuit &#8211; <a href=\"https:\/\/www.deepl.com\/en\/translator\" target=\"_blank\" rel=\"noopener noreferrer\">DeepL\u00a0<\/a><\/p>\n<p><span style=\"font-weight: 400;\">Duolingo &#8211;\u00a0<\/span><a href=\"https:\/\/www.duolingo.com\/\" target=\"_blank\" rel=\"noopener noreferrer\">T\u00e9l\u00e9charger l&rsquo;application<\/a><\/p>\n<p><span style=\"font-weight: 400;\">Office qu\u00e9b\u00e9cois de la langue fran\u00e7aise<\/span><\/p>\n<ul>\n<li><a href=\"http:\/\/bdl.oqlf.gouv.qc.ca\/bdl\/gabarit_bdl.asp?Th=1\" target=\"_blank\" rel=\"noopener noreferrer\"><span style=\"font-weight: 400;\">Banque de d\u00e9pannage linguistique<\/span><\/a><\/li>\n<li><a href=\"https:\/\/www.oqlf.gouv.qc.ca\/ressources\/bibliotheque\/dictionnaires\/index_lexvoc.html\" target=\"_blank\" rel=\"noopener noreferrer\">Biblioth\u00e8que virtuelle &#8211; Lexiques et vocabulaires<\/a><\/li>\n<\/ul>\n<p>Portail linguistique du Canada<\/p>\n<ul>\n<li>L&rsquo;Hebdo du Portail &#8211; <a href=\"https:\/\/www.noslangues-ourlanguages.gc.ca\/fr\/hebdoportail-portalweekly\/index-fra\" target=\"_blank\" rel=\"noopener noreferrer\">Abonnez-vous \u00e0 l&rsquo;infolettre<\/a><\/li>\n<li><a href=\"https:\/\/www.noslangues-ourlanguages.gc.ca\/fr\/resteraufait-stayuptodate-fra#a1\" target=\"_blank\" rel=\"noopener noreferrer\">Retrouvez l&rsquo;actualit\u00e9 linguistique canadienne (jeu ; blogue ; articles ; nouvelles et activit\u00e9s)<\/a><\/li>\n<\/ul>\n<p>Universit\u00e9 d&rsquo;Ottawa &#8211; <a href=\"https:\/\/www.uottawa.ca\/notre-universite\/administration-services\/services-linguistiques\/guide-de-redaction\" target=\"_blank\" rel=\"noopener\"><span style=\"font-weight: 400;\">R\u00e8gles grammaticales, de vocabulaire et outils de r\u00e9daction<\/span><\/a><\/p>\n<p>Universit\u00e9 Laurentienne &#8211;\u00a0<a href=\"https:\/\/laurentienne.ca\/le-langagier\" target=\"_blank\" rel=\"noopener noreferrer\"><span style=\"font-weight: 400;\">Le langagier<\/span><\/a><\/p>\n<p>Vocabulaire m\u00e9dicale<\/p>\n<ul>\n<li style=\"list-style-type: none;\">\n<ul>\n<li><a href=\"https:\/\/www.btb.termiumplus.gc.ca\/publications\/covid19-fra.html\" target=\"_blank\" rel=\"noopener noreferrer\">Lexique sur la pand\u00e9mie de COVID-19<\/a><\/li>\n<li><a href=\"https:\/\/www.oqlf.gouv.qc.ca\/ressources\/bibliotheque\/dictionnaires\/vocabulaire-sante-mentale.aspx\" target=\"_blank\" rel=\"noopener noreferrer\">Vocabulaire de la sant\u00e9 mentale<\/a><\/li>\n<li><a href=\"https:\/\/www.oqlf.gouv.qc.ca\/ressources\/bibliotheque\/dictionnaires\/vocabulaire-soins-infirmiers.aspx\" target=\"_blank\" rel=\"noopener noreferrer\">Vocabulaire des soins infirmier<\/a><\/li>\n<li><a href=\"https:\/\/ciusss-centresudmtl.gouv.qc.ca\/informations-pratiques\/lexique-des-mots-clairs-en-sante\" target=\"_blank\" rel=\"noopener\">Lexique des mots clairs en sant\u00e9<\/a><\/li>\n<\/ul>\n<\/li>\n<\/ul>\n<p>&nbsp;<\/p>\n<\/div>\n<\/div>\n<div class='accordion-item closed'>\n<h3 class='accordion-title'>Formations<\/h3>\n<div class='accordion-content'>\n<ul>\n<li><a href=\"https:\/\/www.formationoffreactive.ca\/\" target=\"_blank\" rel=\"noopener noreferrer\">Formations sur l&rsquo;offre active des services de sant\u00e9 en fran\u00e7ais<\/a><\/li>\n<li><a href=\"https:\/\/www.nosm.ca\/wp-content\/uploads\/2025\/06\/IG-Recruitment-Poster-Brochure-French.pdf\">Infographies sur la sant\u00e9 mentale, accr\u00e9dit\u00e9es par le CMFC et le Coll\u00e8ge royal<\/a><\/li>\n<\/ul>\n<\/div>\n<\/div>\n<div class='accordion-item closed'>\n<h3 class='accordion-title'>Webinaires<\/h3>\n<div class='accordion-content'>\n<ul>\n<li><a href=\"https:\/\/www.santefrancais.ca\/ressources\/webinaires\/\" target=\"_blank\" rel=\"noopener noreferrer\">Soci\u00e9t\u00e9 Sant\u00e9 en fran\u00e7ais<\/a><\/li>\n<li><a href=\"https:\/\/www.uottawa.ca\/faculte-medecine\/affaires-francophones\/communaute\" target=\"_blank\" rel=\"noopener\">Mini\u00e9cole de m\u00e9decine<\/a><\/li>\n<\/ul>\n<\/div>\n<\/div>\n<div class='accordion-item closed'>\n<h3 class='accordion-title'>Litt\u00e9racie m\u00e9dicale<\/h3>\n<div class='accordion-content'>\n<p>D\u00e9couvrez cette s\u00e9rie de vid\u00e9os en litt\u00e9ratie m\u00e9dicale [en fran\u00e7ais seulement] pour les patients qui devront subir une chirurgie cardiaque.<br \/>\nElles sont informatives, vulgaris\u00e9es et elles ont \u00e9t\u00e9 con\u00e7ues et approuv\u00e9es par une \u00e9quipe de chercheurs multidisciplinaires, un chirurgien cardiaque, un cardiologue, une m\u00e9decin de famille et un infirmier.<br \/>\nCes vid\u00e9os sont le r\u00e9sultat d&rsquo;un travail d\u2019un projet de recherche financ\u00e9 obtenu au CNFS (volet Laurentienne), avec l\u2019appui de Sant\u00e9 Canada.<\/p>\n<p><a href=\"https:\/\/youtu.be\/xZLSocQ0NPo\" target=\"_blank\" rel=\"noopener\">Avant la chirurgie cardiaque<\/a> ;<br \/>\n<a href=\"https:\/\/youtu.be\/Qii7tS_tgio\" target=\"_blank\" rel=\"noopener\">Pendant la chirurgie cardiaque<\/a> ;<br \/>\n<a href=\"https:\/\/youtu.be\/7P0gF_F5uQo\" target=\"_blank\" rel=\"noopener\">Apr\u00e8s la chirurgie cardiaque : \u00e0 l\u2019h\u00f4pital<\/a> ;<br \/>\n<a href=\"https:\/\/youtu.be\/IKO3t3890kQ\" target=\"_blank\" rel=\"noopener\">Apr\u00e8s la chirurgie cardiaque : le retour \u00e0 la maison<\/a> ;<br \/>\n<a href=\"https:\/\/youtu.be\/XqeHmTE-uWE\" target=\"_blank\" rel=\"noopener\">Vid\u00e9o compl\u00e8te.<\/a><\/p>\n<\/div>\n<\/div>\n<div class='accordion-item closed'>\n<h3 class='accordion-title'>Ressources gouvernementales<\/h3>\n<div class='accordion-content'>\n<p><a href=\"http:\/\/ontario.ca\/fr\/page\/ministere-des-affaires-francophones\" target=\"_blank\" rel=\"noopener noreferrer\">Minist\u00e8re des affaires francophones<\/a><\/p>\n<p><a href=\"http:\/\/clo-ocol.gc.ca\/fr\" target=\"_blank\" rel=\"noopener noreferrer\">Commissariat aux langues officielles<\/a><\/p>\n<p><a href=\"http:\/\/ombudsman.on.ca\" target=\"_blank\" rel=\"noopener noreferrer\">Ombudsman Ontario, Unit\u00e9 des services en fran\u00e7ais<\/a><\/p>\n<p><a href=\"http:\/\/ombudsman.on.ca\/portez-plainte\" target=\"_blank\" rel=\"noopener noreferrer\">Porter plainte<\/a><\/p>\n<p>Allo j&rsquo;\u00e9coute &#8211;\u00a0<a href=\"https:\/\/allojecoute.ca\/\" target=\"_blank\" rel=\"noopener noreferrer\">Ligne d&rsquo;assistance pour les \u00e9tudiants des coll\u00e8ges et des universit\u00e9s de l&rsquo;Ontario<\/a><\/p>\n<p><a href=\"https:\/\/fondationdialogue.ca\/\" target=\"_blank\" rel=\"noopener\">Fondation dialogue<\/a><\/p>\n<\/div>\n<\/div>\n<\/div>\n<p><\/p>","protected":false},"excerpt":{"rendered":"<p>L&rsquo;Universit\u00e9 de l&rsquo;EMNO promet une \u00e9ducation de classe mondiale pour ses \u00e9tudiants. Pour assurer un s\u00e9jour fructueux \u00e0 l&rsquo;Universit\u00e9, en fran\u00e7ais, il faut des ressources pour se donner un avantage.\u00a0 Voici des ressources et des outils pertinents pour vous aider dans vos \u00e9tudes et dans votre s\u00e9jour comme professionnel de la sant\u00e9 francophone.<\/p>\n","protected":false},"author":16,"featured_media":0,"parent":7810,"menu_order":7,"comment_status":"closed","ping_status":"closed","template":"","meta":{"_acf_changed":false,"footnotes":""},"class_list":["post-25187","page","type-page","status-publish","hentry"],"acf":[],"_links":{"self":[{"href":"https:\/\/www.nosm.ca\/fr\/wp-json\/wp\/v2\/pages\/25187","targetHints":{"allow":["GET"]}}],"collection":[{"href":"https:\/\/www.nosm.ca\/fr\/wp-json\/wp\/v2\/pages"}],"about":[{"href":"https:\/\/www.nosm.ca\/fr\/wp-json\/wp\/v2\/types\/page"}],"author":[{"embeddable":true,"href":"https:\/\/www.nosm.ca\/fr\/wp-json\/wp\/v2\/users\/16"}],"replies":[{"embeddable":true,"href":"https:\/\/www.nosm.ca\/fr\/wp-json\/wp\/v2\/comments?post=25187"}],"version-history":[{"count":81,"href":"https:\/\/www.nosm.ca\/fr\/wp-json\/wp\/v2\/pages\/25187\/revisions"}],"predecessor-version":[{"id":78737,"href":"https:\/\/www.nosm.ca\/fr\/wp-json\/wp\/v2\/pages\/25187\/revisions\/78737"}],"up":[{"embeddable":true,"href":"https:\/\/www.nosm.ca\/fr\/wp-json\/wp\/v2\/pages\/7810"}],"wp:attachment":[{"href":"https:\/\/www.nosm.ca\/fr\/wp-json\/wp\/v2\/media?parent=25187"}],"curies":[{"name":"wp","href":"https:\/\/api.w.org\/{rel}","templated":true}]}}