{"id":24107,"date":"2019-07-26T10:44:32","date_gmt":"2019-07-26T14:44:32","guid":{"rendered":"https:\/\/www.nosm.ca\/?page_id=24107"},"modified":"2025-10-09T14:45:56","modified_gmt":"2025-10-09T18:45:56","slug":"our-streams-at-a-glance","status":"publish","type":"page","link":"https:\/\/www.nosm.ca\/fr\/familymedicine\/our-streams-at-a-glance\/","title":{"rendered":"Our Streams at a Glance"},"content":{"rendered":"<p class=\"qtranxs-available-languages-message qtranxs-available-languages-message-fr\">D\u00e9sol\u00e9,  cette entr\u00e9e de donn\u00e9es est seulement disponible en <a href=\"https:\/\/www.nosm.ca\/en\/wp-json\/wp\/v2\/pages\/24107\" class=\"qtranxs-available-language-link qtranxs-available-language-link-en\" title=\"English\">English<\/a>.<\/p>","protected":false},"excerpt":{"rendered":"<p>D\u00e9sol\u00e9, cette entr\u00e9e de donn\u00e9es est seulement disponible en English.<\/p>\n","protected":false},"author":16,"featured_media":0,"parent":12079,"menu_order":7,"comment_status":"closed","ping_status":"closed","template":"","meta":{"_acf_changed":false,"footnotes":""},"class_list":["post-24107","page","type-page","status-publish","hentry"],"acf":[],"_links":{"self":[{"href":"https:\/\/www.nosm.ca\/fr\/wp-json\/wp\/v2\/pages\/24107","targetHints":{"allow":["GET"]}}],"collection":[{"href":"https:\/\/www.nosm.ca\/fr\/wp-json\/wp\/v2\/pages"}],"about":[{"href":"https:\/\/www.nosm.ca\/fr\/wp-json\/wp\/v2\/types\/page"}],"author":[{"embeddable":true,"href":"https:\/\/www.nosm.ca\/fr\/wp-json\/wp\/v2\/users\/16"}],"replies":[{"embeddable":true,"href":"https:\/\/www.nosm.ca\/fr\/wp-json\/wp\/v2\/comments?post=24107"}],"version-history":[{"count":51,"href":"https:\/\/www.nosm.ca\/fr\/wp-json\/wp\/v2\/pages\/24107\/revisions"}],"predecessor-version":[{"id":80397,"href":"https:\/\/www.nosm.ca\/fr\/wp-json\/wp\/v2\/pages\/24107\/revisions\/80397"}],"up":[{"embeddable":true,"href":"https:\/\/www.nosm.ca\/fr\/wp-json\/wp\/v2\/pages\/12079"}],"wp:attachment":[{"href":"https:\/\/www.nosm.ca\/fr\/wp-json\/wp\/v2\/media?parent=24107"}],"curies":[{"name":"wp","href":"https:\/\/api.w.org\/{rel}","templated":true}]}}