{"id":24017,"date":"2019-07-16T08:39:15","date_gmt":"2019-07-16T12:39:15","guid":{"rendered":"https:\/\/www.nosm.ca\/?page_id=24017"},"modified":"2025-08-18T14:36:52","modified_gmt":"2025-08-18T18:36:52","slug":"national-day-for-truth-and-reconciliation","status":"publish","type":"page","link":"https:\/\/www.nosm.ca\/fr\/our-community\/indigenous-medical-education\/upcoming-events\/national-day-for-truth-and-reconciliation\/","title":{"rendered":""},"content":{"rendered":"<p><\/p>\n<h1>La journ\u00e9e nationale de la v\u00e9rit\u00e9 et de la r\u00e9conciliation aura lieu le 30\u00a0septembre<\/h1>\n<p style=\"font-weight: 400\">Elle est destin\u00e9e \u00e0 nous rappeler ce qui est arriv\u00e9 \u00e0 plus de 150\u00a0000\u00a0enfants autochtones qui ont fr\u00e9quent\u00e9 des pensionnats et \u00e0 donner l\u2019occasion \u00e0 la population canadienne d\u2019en apprendre davantage au sujet de cette page de l\u2019histoire. Cette journ\u00e9e vise \u00e0 faire honneur aux enfants qui ne sont jamais retourn\u00e9s \u00e0 la maison et \u00e0 ceux et \u00e0 celles qui ont surv\u00e9cu aux pensionnats, ainsi qu\u2019\u00e0 leurs familles et leurs communaut\u00e9s.<\/p>\n<h1>Montrez votre appui<\/h1>\n<p style=\"font-weight: 400\">Depuis 2014, des gens de tout le Canada portent des chandails orange pour comm\u00e9morer le destin de plus de 150\u00a0000\u00a0enfants autochtones qui fr\u00e9quentaient des pensionnats. Le mouvement du chandail orange a \u00e9t\u00e9 lanc\u00e9 par Phyllis\u00a0Webstad, une Secwepemc du Nord de la premi\u00e8re nation Stswecem\u2019c Xgat\u2019tem. Lorsqu\u2019elle avait six ans, Mme\u00a0Webstad a \u00e9t\u00e9 envoy\u00e9e au pensionnat de la Mission Saint-Joseph. Pour l\u2019occasion, sa grand-m\u00e8re lui avait achet\u00e9 un nouveau chandail orange, mais celui-ci lui a \u00e9t\u00e9 retir\u00e9 et l\u2019on ne l\u2019a jamais revu.<\/p>\n<p style=\"font-weight: 400\"><a href=\"https:\/\/www.nosm.ca\/wp-content\/uploads\/2022\/08\/2022-MOCK-UP.png\"><img loading=\"lazy\" decoding=\"async\" class=\"alignleft wp-image-54701 size-large\" src=\"https:\/\/www.nosm.ca\/wp-content\/uploads\/2022\/08\/2022-MOCK-UP-951x1024.png\" alt=\"\" width=\"474\" height=\"510\" srcset=\"https:\/\/www.nosm.ca\/wp-content\/uploads\/2022\/08\/2022-MOCK-UP-951x1024.png 951w, https:\/\/www.nosm.ca\/wp-content\/uploads\/2022\/08\/2022-MOCK-UP-279x300.png 279w, https:\/\/www.nosm.ca\/wp-content\/uploads\/2022\/08\/2022-MOCK-UP-768x827.png 768w, https:\/\/www.nosm.ca\/wp-content\/uploads\/2022\/08\/2022-MOCK-UP-1427x1536.png 1427w, https:\/\/www.nosm.ca\/wp-content\/uploads\/2022\/08\/2022-MOCK-UP-1902x2048.png 1902w\" sizes=\"auto, (max-width: 474px) 100vw, 474px\" \/><\/a>Chaque ann\u00e9e, l\u2019Universit\u00e9 d\u2019ELMO cr\u00e9e un nouveau chandail pour comm\u00e9morer la Journ\u00e9e nationale de la v\u00e9rit\u00e9 et de la r\u00e9conciliation et le mouvement du chandail orange. L\u2019\u0153uvre de cette ann\u00e9e nous rappelle que tout est li\u00e9 et que tout ce que nous faisons aujourd\u2019hui aura une incidence dans sept g\u00e9n\u00e9rations. Le c\u0153ur illustre le fait d\u2019ouvrir son c\u0153ur pour apprendre la dure v\u00e9rit\u00e9 et accepter les connaissances issues des r\u00e9cits des survivants et des survivantes. Les trois plumes repr\u00e9sentent le nombre d\u2019ann\u00e9es qui se sont \u00e9coul\u00e9es depuis que nous avons commenc\u00e9 \u00e0 souligner cette journ\u00e9e et nous rappellent en douceur que nous devons maintenir l\u2019\u00e9quilibre entre notre raison, notre corps et notre esprit. La dure v\u00e9rit\u00e9 que nous reconnaissons, c\u2019est que des milliers d\u2019enfants sont morts dans les pensionnats. Sur le plan \u00e9motif, il est tr\u00e8s difficile de l\u2019apprendre et de le savoir.<\/p>\n<p style=\"font-weight: 400\">Tous les profits iront au Truth\u00a0Award, une bourse pour les \u00e9tudiant(e)s en m\u00e9decine autochtones. <a href=\"https:\/\/nosmstore.ca\/collections\/under-50-collection\/products\/orange-shirt-for-national-day-of-truth-and-reconciliation-2022\"><img loading=\"lazy\" decoding=\"async\" class=\"alignright wp-image-54707 size-full\" src=\"https:\/\/www.nosm.ca\/wp-content\/uploads\/2022\/08\/Button_Achetez-3.png\" alt=\"\" width=\"225\" height=\"75\" \/><\/a><\/p>\n<h1>Faites un don<\/h1>\n<p style=\"font-weight: 400\">Vous pouvez faire un don pour appuyer le Truth\u00a0Award pour les \u00e9tudiant(e)s en m\u00e9decine autochtones de l\u2019Universit\u00e9 de l\u2019EMNO ou pour le fonds Indigenous Educational Initiatives (initiatives \u00e9ducatives autochtones). Nous remettrons des re\u00e7us de dons de bienfaisance pour tous les dons de plus de 25\u00a0$.<a href=\"https:\/\/www.nosm.ca\/our-community\/indigenous-medical-education\/upcoming-events\/national-day-for-truth-and-reconciliation\/national-day-for-truth-and-reconciliation-donation-page\/\"><img loading=\"lazy\" decoding=\"async\" class=\"alignright size-full wp-image-54706\" src=\"https:\/\/www.nosm.ca\/wp-content\/uploads\/2022\/08\/Button_Donnez-4.png\" alt=\"\" width=\"225\" height=\"75\" \/><\/a><\/p>\n<p>&nbsp;<\/p>\n<h1>Ressources pour apprendre<\/h1>\n<div class='accordion' data-autoclose='true'>\n<div class='accordion-item closed'>\n<h3 class='accordion-title'>\u00c9v\u00e9nement de la Journ\u00e9e nationale de la v\u00e9rit\u00e9 et de la r\u00e9conciliation 2021.<\/h3>\n<div class='accordion-content'>\n<p style=\"font-weight: 400\">\u00c9couter, apprendre et r\u00e9fl\u00e9chir sur les cons\u00e9quences des pensionnats et les faits relatifs aux tombes d\u2019enfants autochtones non marqu\u00e9es d\u00e9couvertes dans des pensionnats des quatre coins du Canada ou \u00e0 proximit\u00e9.<\/p>\n<p style=\"font-weight: 400\"><a href=\"https:\/\/www.youtube.com\/watch?v=_zkOks3Sdis\">\u00c9v\u00e9nement de la Journ\u00e9e nationale de la v\u00e9rit\u00e9 et de la r\u00e9conciliation\u00a02021<\/a><\/p>\n<\/div>\n<\/div>\n<div class='accordion-item closed'>\n<h3 class='accordion-title'>Ressources de la biblioth\u00e8que des sciences de la sant\u00e9<\/h3>\n<div class='accordion-content'>\n<ul style=\"font-weight: 400\">\n<li><a href=\"https:\/\/www.nosm.ca\/wp-content\/uploads\/2022\/09\/NDTR-Resource-List-2022.pdf\">NDTR Resource List 2022<\/a> (imprimable)<\/li>\n<li><a href=\"https:\/\/libraryguides.nosm.ca\/c.php?g=342952&amp;p=5202918\">Ressources de la Journ\u00e9e nationale de la v\u00e9rit\u00e9 et de la r\u00e9conciliation et ressources relatives \u00e0 la sant\u00e9 des autochtones<\/a><\/li>\n<\/ul>\n<\/div>\n<\/div>\n<div class='accordion-item closed'>\n<h3 class='accordion-title'>Ressources des affaires autochtones<\/h3>\n<div class='accordion-content'>\n<p style=\"font-weight: 400\">Pour vous permettre de vous informer, l\u2019\u00e9quipe des Affaires autochtones de l\u2019Universit\u00e9 de l\u2019EMNO nous a fourni des liens vers des ressources, des organisations et des services cl\u00e9s. Nous vous invitons \u00e0 examiner de plus pr\u00e8s les occasions d\u2019apprendre que vous offrent ces livres, balados, sites Web et autres ressources.<\/p>\n<p style=\"font-weight: 400\"><a href=\"https:\/\/www.nosm.ca\/our-community\/indigenous-medical-education\/resources-and-reports\/\">Liste des ressources du service des Affaires autochtones<\/a><\/p>\n<\/div>\n<\/div>\n<div class='accordion-item closed'>\n<h3 class='accordion-title'>\u00c9v\u00e9nements communautaires 2022<\/h3>\n<div class='accordion-content'>\n<ul>\n<li><strong>City of Thunder Bay<\/strong>\n<ul>\n<li><a href=\"https:\/\/www.thunderbay.ca\/en\/city-hall\/orange-shirt-day.aspx\">Orange Shirt Day and National Day for Truth and Reconciliation <\/a><\/li>\n<li><a href=\"http:\/\/www.bnafn.ca\/bna-pow\">Bingwi Neyaashi Anishnawbek Powwow September 24, 2022, 11 am- 5 pm<\/a><\/li>\n<li><a href=\"https:\/\/www.facebook.com\/ONWA7\/photos\/a.123242917737877\/5594938467234934\/\">ONWA MMIWG Powwow Sunday September 18, 2022<\/a><\/li>\n<\/ul>\n<p><strong>Fort William First Nation<\/strong><\/p>\n<ul>\n<li><a href=\"https:\/\/www.facebook.com\/photo\/?fbid=406351034964944&amp;set=a.261544589445590\">Fall Powwow 2022 Save the date: Friday, September 30th<\/a><\/li>\n<\/ul>\n<p><strong>Sudbury<\/strong><\/p>\n<ul>\n<li><a href=\"https:\/\/www.greatersudbury.ca\/special-days-and-events\/national-day-for-truth-and-reconciliation\/\">The Greater City of Sudbury September 30 NDTR #EveryChildMatters<\/a><\/li>\n<li><a href=\"https:\/\/www.sciencenorth.ca\/ndtr\">Science North National Day for Truth and Reconciliation, Friday, September 30, 2022, 10 a.m. to 4 p.m.<\/a><\/li>\n<\/ul>\n<ul>\n<li><strong>Public Health Sudbury &amp; District\u00a0<\/strong><strong>Truth and Reconciliation Event Keynote Speaker:\u00a0<\/strong><\/li>\n<\/ul>\n<ul>\n<li style=\"list-style-type: none\">\n<ul>\n<li><a href=\"https:\/\/www.nosm.ca\/wp-content\/uploads\/2022\/09\/Dr_Anderson_Speaker_Flyer_Sept_20_Day_FINAL.pdf\">Dr. Marcia Anderson, September 20, 2022, 10 a.m. to 12 p.m.<\/a><\/li>\n<li><a href=\"https:\/\/www.nosm.ca\/wp-content\/uploads\/2022\/09\/Dr_Anderson_Speaker_Flyer_Sept_20_Night_FINAL.pdf\">As well as an evening event, Dr. Marcia Anderson, September 20, 2022, 6 p.m. to 8 p.m.<\/a><\/li>\n<\/ul>\n<\/li>\n<\/ul>\n<p><strong>Wahnapitae First Nation<\/strong><\/p>\n<ul>\n<li><a href=\"https:\/\/www.facebook.com\/wahnapitaefirstnation\/photos\/a.729105184254609\/1442478122917308\/\">Every Child Matters Memorial Garden Reveal Thursday, September 22, 2022, 5-8 pm\u00a0<\/a><\/li>\n<\/ul>\n<p><strong>North Bay<\/strong><\/p>\n<ul>\n<li><a href=\"https:\/\/www.northbay.ca\/our-community\/festivals-events\/national-truth-and-reconciliation-day\/\">City of North Bay National Truth and Reconciliation Day<\/a><\/li>\n<li><a href=\"https:\/\/www.nipissingu.ca\/national-day-truth-and-reconciliation\">Nipissing University National Day for Truth and Reconciliation<\/a><\/li>\n<\/ul>\n<p><strong>Timmins<\/strong><\/p>\n<ul>\n<li><a href=\"https:\/\/www.facebook.com\/photo?fbid=482245647245713&amp;set=a.479105870893024\">Northern College Traditional Powwow September 17-18, 2022<\/a> in collaboration with Ojibway and Cree Cultural Centre and Timmins Native Friendship Centre<\/li>\n<\/ul>\n<p><strong>Sault Ste Marie<\/strong><\/p>\n<ul>\n<li><a href=\"https:\/\/indigenoustourismontario.ca\/events\/weekend-for-truth-and-reconciliation\/\">Weekend for Truth and Reconciliation in Sault Ste. Marie<\/a><\/li>\n<\/ul>\n<p><strong>Treaty 3 Area and Fort Frances<\/strong><\/p>\n<ul>\n<li><a href=\"https:\/\/destinationfortfrances.ca\/events\/national-day-for-truth-and-reconciliation-event\/\">National Day for Truth and Reconciliation Event Friday, September 30, 2022<\/a><\/li>\n<\/ul>\n<p>Please check back as we hope to add more community events over the next two weeks. Miigwetch, maarsii, merci.<\/li>\n<\/ul>\n<\/div>\n<\/div>\n<\/div>\n<h1>Anciens mod\u00e8les de chandails orange de l\u2019Universit\u00e9 de l\u2019EMNO\u00a0:<\/h1>\n<div class='accordion' data-autoclose='true'>\n<div class='accordion-item closed'>\n<h3 class='accordion-title'>Bring The Children Home. (Ramenez nos enfants \u00e0 la maison.) It\u2019s Time. (Le moment est venu.) (2021)<\/h3>\n<div class='accordion-content'>\n<strong><img loading=\"lazy\" decoding=\"async\" class=\"alignleft wp-image-44062 size-medium\" src=\"https:\/\/www.nosm.ca\/wp-content\/uploads\/2021\/08\/OSD_Mockup_FinalDraft-1-1-Copy-270x300.jpg\" alt=\"\" width=\"270\" height=\"300\" srcset=\"https:\/\/www.nosm.ca\/wp-content\/uploads\/2021\/08\/OSD_Mockup_FinalDraft-1-1-Copy-270x300.jpg 270w, https:\/\/www.nosm.ca\/wp-content\/uploads\/2021\/08\/OSD_Mockup_FinalDraft-1-1-Copy.jpg 599w\" sizes=\"auto, (max-width: 270px) 100vw, 270px\" \/>Bring The Children Home. It\u2019s Time. <\/strong>Selon Isaac\u00a0Murdoch, l\u2019artiste qui a con\u00e7u ce chandail, il s\u2019agit d\u2019une interpr\u00e9tation d\u2019un pictogramme qui a \u00e9t\u00e9 d\u00e9couvert pr\u00e8s du site des anciens pensionnats de Spanish, \u00e0 l\u2019ouest de Sudbury et que l\u2019on croit \u00e2g\u00e9 de plusieurs centaines d\u2019ann\u00e9es. \u00ab\u00a0Il y a des ann\u00e9es, une proph\u00e9tie racontait qu\u2019un homme viendrait sur nos terres et volerait nos enfants. Deux serpents vivraient dans son corps, un dans chaque bras\u00a0\u00bb, explique M.\u00a0Murdoch. \u00ab\u00a0Chacun de ces serpents repr\u00e9sentait un gouvernement. La proph\u00e9tie disait que si l\u2019on nouait des plumes dans les cheveux des enfants, ceux-ci retrouveraient le chemin de la maison.\u00a0\u00bb M.\u00a0Murdoch ajoute que le pictogramme a \u00e9t\u00e9 cr\u00e9\u00e9 \u00e0 l\u2019aide de peinture blanche, plut\u00f4t que la peinture rouge faite d\u2019argile que l\u2019on utilisait d\u2019habitude. \u00ab\u00a0Les gens qui ont peint ce pictogramme il y a des centaines d\u2019ann\u00e9es ont en fait pr\u00e9dit ce qui se passerait ici. Ce pictogramme est unique et incroyable. Malheureusement, son histoire est triste\u00a0\u00bb, dit-il. \u00c0 l\u2019origine, M.\u00a0Murdoch a cr\u00e9\u00e9 cette image pour The Honour Project (le projet honneur) il y a environ trois ans. \u00ab\u00a0L\u2019une de mes amies voulait lancer un projet dans le cadre duquel on cr\u00e9erait des mocassins pour les envoyer aux petits b\u00e9b\u00e9s qui ont \u00e9t\u00e9 arrach\u00e9s \u00e0 leurs m\u00e8res et plac\u00e9s en famille d\u2019accueil\u00a0\u00bb, explique-t-il. \u00ab\u00a0Elle m\u2019a demand\u00e9 une image et je lui ai dit que j\u2019allais en cr\u00e9er une, mais qu\u2019elle devrait servir \u00e0 tout le monde. J\u2019ai \u00e9tudi\u00e9 le contexte historique et j\u2019ai en quelque sorte cr\u00e9\u00e9 une version contemporaine de l\u2019image, qui a pris vie d\u2019elle-m\u00eame.\u00a0\u00bb L\u2019image est utilis\u00e9e pour l\u2019initiative Bring Our Children Home (ramenez nos enfants \u00e0 la maison), qui vise \u00e0 mettre fin \u00e0 la douleur, \u00e0 la souffrance et \u00e0 la mort que les enfants autochtones ont v\u00e9cues \u00e0 cause du syst\u00e8me canadien de protection de l\u2019enfance. <a href=\"https:\/\/www.thesudburystar.com\/news\/local-news\/serpent-river-first-nation-artists-work-featured-in-national-billboard-campaign\">Pour en savoir plus, cliquez ici (en anglais seulement).<\/a>\n<\/div>\n<\/div>\n<div class='accordion-item closed'>\n<h3 class='accordion-title'>Anciens mod\u00e8les de chandails orange de la boutique de l\u2019Universit\u00e9 de l\u2019EMNO : Truth (v\u00e9rit\u00e9) (2020)<\/h3>\n<div class='accordion-content'>\n<p style=\"font-weight: 400\"><img loading=\"lazy\" decoding=\"async\" class=\"alignleft wp-image-33410 size-medium\" src=\"https:\/\/www.nosm.ca\/wp-content\/uploads\/2020\/08\/OSD-tees_truth-2020-300x300.jpg\" alt=\"\" width=\"300\" height=\"300\" srcset=\"https:\/\/www.nosm.ca\/wp-content\/uploads\/2020\/08\/OSD-tees_truth-2020-300x300.jpg 300w, https:\/\/www.nosm.ca\/wp-content\/uploads\/2020\/08\/OSD-tees_truth-2020-150x150.jpg 150w, https:\/\/www.nosm.ca\/wp-content\/uploads\/2020\/08\/OSD-tees_truth-2020.jpg 600w\" sizes=\"auto, (max-width: 300px) 100vw, 300px\" \/>Le concept<strong><em> Truth<\/em><\/strong> a \u00e9t\u00e9 cr\u00e9\u00e9 \u00e0 l\u2019interne, conjointement avec des communaut\u00e9s du nord de l\u2019Ontario, pour appuyer la campagne de la Journ\u00e9e du chandail orange. Il comporte le mot \u00ab\u00a0v\u00e9rit\u00e9\u00a0\u00bb en six langues diff\u00e9rentes. L\u2019ensemble du groupe de planification se fait une joie de vous le pr\u00e9senter. Cette ann\u00e9e, les deux mod\u00e8les sont offerts et nous avons ajout\u00e9 des tailles, car certaines personnes nous ont dit vouloir acheter des chandails pour des enfants.<\/p>\n<p style=\"font-weight: 400\">Voici les 6\u00a0langues utilis\u00e9es cette ann\u00e9e pour le nouveau deuxi\u00e8me concept de chandail orange de l\u2019Universit\u00e9 de l\u2019EMNO\u00a0:<\/p>\n<ul style=\"font-weight: 400\">\n<li><strong>\u1456\u142f\u140e\u1427\u1423<\/strong>\u00a0: \u00e9criture syllabique crie<\/li>\n<li><strong>Debwewin<\/strong>\u00a0: Anishinaabemowin<\/li>\n<li><strong>T\u00e2pwewin\u00a0:<\/strong> Cri<\/li>\n<li><strong>Tapwe\u00a0:<\/strong> Michif<\/li>\n<li><strong>V\u00e9rit\u00e9\u00a0:<\/strong> Fran\u00e7ais<\/li>\n<li><strong>Truth<\/strong>\u00a0: Anglais<\/li>\n<\/ul>\n<\/div>\n<\/div>\n<div class='accordion-item closed'>\n<h3 class='accordion-title'>Anciens mod\u00e8les de chandails orange de la boutique de l\u2019Universit\u00e9 de l\u2019EMNO : Survived. (Survivant.) Still Here. (Toujours l\u00e0.) (2019)<\/h3>\n<div class='accordion-content'>\n<p style=\"font-weight: 400\"><img loading=\"lazy\" decoding=\"async\" class=\"alignleft wp-image-33411 size-medium\" src=\"https:\/\/www.nosm.ca\/wp-content\/uploads\/2020\/08\/OSD-tees_survived_still_here-2020-300x300.jpg\" alt=\"\" width=\"300\" height=\"300\" srcset=\"https:\/\/www.nosm.ca\/wp-content\/uploads\/2020\/08\/OSD-tees_survived_still_here-2020-300x300.jpg 300w, https:\/\/www.nosm.ca\/wp-content\/uploads\/2020\/08\/OSD-tees_survived_still_here-2020-150x150.jpg 150w, https:\/\/www.nosm.ca\/wp-content\/uploads\/2020\/08\/OSD-tees_survived_still_here-2020.jpg 600w\" sizes=\"auto, (max-width: 300px) 100vw, 300px\" \/>L\u2019illustration cr\u00e9\u00e9e pour la campagne de la Journ\u00e9e du chandail orange de l\u2019EMNO a \u00e9t\u00e9 con\u00e7ue par <a href=\"http:\/\/onamancollective.com\/who-we-are\/\">Isaac\u00a0Murdoch<\/a> et dit, en caract\u00e8res gras\u00a0: <strong>Survived. Still Here.\u00a0<\/strong>Les responsables de la Journ\u00e9e du chandail orange de l\u2019Universit\u00e9 de l\u2019EMNO esp\u00e8rent que cette puissante affirmation vous incitera \u00e0 prendre une pause pour r\u00e9fl\u00e9chir \u00e0 ce que vous pouvez faire pour travailler \u00e0 la r\u00e9conciliation dans votre propre vie et dans le cadre de votre travail \u00e0 l\u2019EMNO. Cet \u00e9nonc\u00e9 artistique, gracieusement fourni par M.\u00a0Murdoch, explique sa vision de l\u2019\u0153uvre\u00a0:<\/p>\n<p style=\"font-weight: 400\"><em>Les effets d\u00e9vastateurs que les pensionnats continuent d\u2019avoir sur les particuliers, les familles et les communaut\u00e9s ne sont un secret pour personne. Cette image comm\u00e9more la r\u00e9silience absolue des peuples autochtones dans leur parcours de gu\u00e9rison et de r\u00e9surgence des terres.\u00a0 L\u2019habitation traditionnelle illustr\u00e9e abrite une famille. Cela montre que lorsqu\u2019une nation est enti\u00e8rement autonome par rapport \u00e0 ses enfants, il est possible de mettre un terme au g\u00e9nocide des populations autochtones. Le c\u0153ur illustre l\u2019amour. Les fleurs repr\u00e9sentent la croissance et la m\u00e9decine traditionnelle. Nous avons besoin de ces deux \u00e9l\u00e9ments tout au long de notre parcours de gu\u00e9rison. Les \u00e9clairs symbolisent la puissance de nos habitations et des familles qu\u2019elles abritent. Lorsque les gens, les habitations et les esprits se rencontrent, il se produit quelque chose de magique. En tant que peuples autochtones, nous avons surv\u00e9cu et sommes encore l\u00e0 \u00e0 r\u00e9pandre notre m\u00e9decine sur la terre pour gu\u00e9rir. Isaac\u00a0Murdoch, artiste et activiste Anishinaabe.<\/em><\/p>\n<\/div>\n<\/div>\n<\/div>\n<p>&nbsp;<\/p>","protected":false},"excerpt":{"rendered":"<p>La journ\u00e9e nationale de la v\u00e9rit\u00e9 et de la r\u00e9conciliation aura lieu le 30\u00a0septembre Elle est destin\u00e9e \u00e0 nous rappeler ce qui est arriv\u00e9 \u00e0 plus de 150\u00a0000\u00a0enfants autochtones qui ont fr\u00e9quent\u00e9 des pensionnats et \u00e0 donner l\u2019occasion \u00e0 la population canadienne d\u2019en apprendre davantage au sujet de cette page de l\u2019histoire. Cette journ\u00e9e vise &hellip; <a href=\"https:\/\/www.nosm.ca\/fr\/our-community\/indigenous-medical-education\/upcoming-events\/national-day-for-truth-and-reconciliation\/\" class=\"more-link\">Continue reading <span class=\"screen-reader-text\"><\/span> <span class=\"meta-nav\">&rarr;<\/span><\/a><\/p>\n","protected":false},"author":15,"featured_media":0,"parent":41955,"menu_order":2,"comment_status":"closed","ping_status":"closed","template":"page-templates\/quick-links-2.php","meta":{"_acf_changed":false,"footnotes":""},"class_list":["post-24017","page","type-page","status-publish","hentry"],"acf":[],"_links":{"self":[{"href":"https:\/\/www.nosm.ca\/fr\/wp-json\/wp\/v2\/pages\/24017","targetHints":{"allow":["GET"]}}],"collection":[{"href":"https:\/\/www.nosm.ca\/fr\/wp-json\/wp\/v2\/pages"}],"about":[{"href":"https:\/\/www.nosm.ca\/fr\/wp-json\/wp\/v2\/types\/page"}],"author":[{"embeddable":true,"href":"https:\/\/www.nosm.ca\/fr\/wp-json\/wp\/v2\/users\/15"}],"replies":[{"embeddable":true,"href":"https:\/\/www.nosm.ca\/fr\/wp-json\/wp\/v2\/comments?post=24017"}],"version-history":[{"count":220,"href":"https:\/\/www.nosm.ca\/fr\/wp-json\/wp\/v2\/pages\/24017\/revisions"}],"predecessor-version":[{"id":79957,"href":"https:\/\/www.nosm.ca\/fr\/wp-json\/wp\/v2\/pages\/24017\/revisions\/79957"}],"up":[{"embeddable":true,"href":"https:\/\/www.nosm.ca\/fr\/wp-json\/wp\/v2\/pages\/41955"}],"wp:attachment":[{"href":"https:\/\/www.nosm.ca\/fr\/wp-json\/wp\/v2\/media?parent=24017"}],"curies":[{"name":"wp","href":"https:\/\/api.w.org\/{rel}","templated":true}]}}